{"id":911,"date":"2014-11-22T15:24:50","date_gmt":"2014-11-22T20:24:50","guid":{"rendered":"http:\/\/rdcc.cashin.ca\/?page_id=911"},"modified":"2017-12-14T02:53:53","modified_gmt":"2017-12-14T07:53:53","slug":"merci-opportunites-demploi","status":"publish","type":"page","link":"https:\/\/legacy.rdccontrol.com\/fr\/merci-opportunites-demploi\/","title":{"rendered":"Merci Opportunites d&rsquo;Emploi"},"content":{"rendered":"<div class=\"wpb-content-wrapper\">[mk_page_section padding_top=\u00a0\u00bb0&Prime; padding_bottom=\u00a0\u00bb0&Prime; sidebar=\u00a0\u00bbsidebar-1&Prime;][vc_column][mk_padding_divider size=\u00a0\u00bb60&Prime;][vc_row_inner][vc_column_inner width=\u00a0\u00bb1\/2&Prime;][mk_padding_divider size=\u00a0\u00bb80&Prime; visibility=\u00a0\u00bbhidden-sm\u00a0\u00bb][mk_padding_divider size=\u00a0\u00bb30&Prime; visibility=\u00a0\u00bbvisible-sm\u00a0\u00bb][mk_fancy_title color=\u00a0\u00bb#78786d\u00a0\u00bb size=\u00a0\u00bb38&Prime; font_weight=\u00a0\u00bb600&Prime; margin_bottom=\u00a0\u00bb0&Prime; font_family=\u00a0\u00bbnone\u00a0\u00bb]Merci d\u2019avoir manifest\u00e9 votre int\u00e9r\u00eat pour un poste chez RDC Contr\u00f4le.[\/mk_fancy_title][vc_column_text disable_pattern=\u00a0\u00bbfalse\u00a0\u00bb css=\u00a0\u00bb.vc_custom_1513237379976{margin-bottom: 0px !important;}\u00a0\u00bb]<strong>Nous sommes constamment \u00e0 la recherche de personnes dynamiques qui veulent se joindre notre \u00e9quipe.<\/strong><\/p>\n<p>Nous communiquerons seulement avec les personnes avec les candidats retenus.[\/vc_column_text][\/vc_column_inner][vc_column_inner width=\u00a0\u00bb1\/2&Prime;][mk_image src=\u00a0\u00bbhttps:\/\/legacy.rdccontrol.com\/wp-content\/uploads\/2014\/09\/Careers-Thank-You.jpg\u00a0\u00bb image_size=\u00a0\u00bbfull\u00a0\u00bb align=\u00a0\u00bbcenter\u00a0\u00bb][\/vc_column_inner][\/vc_row_inner][mk_padding_divider size=\u00a0\u00bb60&Prime;][\/vc_column][\/mk_page_section]\n<\/div>","protected":false},"excerpt":{"rendered":"<p>[mk_page_section padding_top=\u00a0\u00bb0&Prime; padding_bottom=\u00a0\u00bb0&Prime; sidebar=\u00a0\u00bbsidebar-1&Prime;][vc_column][mk_padding_divider size=\u00a0\u00bb60&Prime;][vc_row_inner][vc_column_inner width=\u00a0\u00bb1\/2&Prime;][mk_padding_divider size=\u00a0\u00bb80&Prime; visibility=\u00a0\u00bbhidden-sm\u00a0\u00bb][mk_padding_divider size=\u00a0\u00bb30&Prime; visibility=\u00a0\u00bbvisible-sm\u00a0\u00bb][mk_fancy_title color=\u00a0\u00bb#78786d\u00a0\u00bb size=\u00a0\u00bb38&Prime; font_weight=\u00a0\u00bb600&Prime; margin_bottom=\u00a0\u00bb0&Prime; font_family=\u00a0\u00bbnone\u00a0\u00bb]Merci d\u2019avoir manifest\u00e9 votre int\u00e9r\u00eat pour un poste chez RDC Contr\u00f4le.[\/mk_fancy_title][vc_column_text disable_pattern=\u00a0\u00bbfalse\u00a0\u00bb css=\u00a0\u00bb.vc_custom_1513237379976{margin-bottom: 0px !important;}\u00a0\u00bb]Nous sommes constamment \u00e0 la recherche de personnes dynamiques qui veulent se joindre notre \u00e9quipe. Nous communiquerons seulement avec les personnes avec les candidats retenus.[\/vc_column_text][\/vc_column_inner][vc_column_inner width=\u00a0\u00bb1\/2&Prime;][mk_image src=\u00a0\u00bbhttps:\/\/legacy.rdccontrol.com\/wp-content\/uploads\/2014\/09\/Careers-Thank-You.jpg\u00a0\u00bb [&hellip;]<\/p>\n","protected":false},"author":1,"featured_media":0,"parent":0,"menu_order":101,"comment_status":"closed","ping_status":"closed","template":"","meta":{"footnotes":""},"class_list":["post-911","page","type-page","status-publish","hentry"],"_links":{"self":[{"href":"https:\/\/legacy.rdccontrol.com\/fr\/wp-json\/wp\/v2\/pages\/911","targetHints":{"allow":["GET"]}}],"collection":[{"href":"https:\/\/legacy.rdccontrol.com\/fr\/wp-json\/wp\/v2\/pages"}],"about":[{"href":"https:\/\/legacy.rdccontrol.com\/fr\/wp-json\/wp\/v2\/types\/page"}],"author":[{"embeddable":true,"href":"https:\/\/legacy.rdccontrol.com\/fr\/wp-json\/wp\/v2\/users\/1"}],"replies":[{"embeddable":true,"href":"https:\/\/legacy.rdccontrol.com\/fr\/wp-json\/wp\/v2\/comments?post=911"}],"version-history":[{"count":10,"href":"https:\/\/legacy.rdccontrol.com\/fr\/wp-json\/wp\/v2\/pages\/911\/revisions"}],"predecessor-version":[{"id":3061,"href":"https:\/\/legacy.rdccontrol.com\/fr\/wp-json\/wp\/v2\/pages\/911\/revisions\/3061"}],"wp:attachment":[{"href":"https:\/\/legacy.rdccontrol.com\/fr\/wp-json\/wp\/v2\/media?parent=911"}],"curies":[{"name":"wp","href":"https:\/\/api.w.org\/{rel}","templated":true}]}}