{"id":834,"date":"2014-10-14T10:23:50","date_gmt":"2014-10-14T14:23:50","guid":{"rendered":"http:\/\/rdcc.cashin.ca\/?page_id=834"},"modified":"2022-08-09T13:13:51","modified_gmt":"2022-08-09T17:13:51","slug":"emploi","status":"publish","type":"page","link":"https:\/\/legacy.rdccontrol.com\/fr\/emploi\/","title":{"rendered":"Emploi"},"content":{"rendered":"[mk_page_section][vc_column width=\u00a0\u00bb2\/3&Prime;][vc_column_text css=\u00a0\u00bb.vc_custom_1635946167117{margin-bottom: 0px !important;}\u00a0\u00bb]\n<h2>FAITES PROGRESSER VOTRE CARRI\u00c8RE CHEZ RDC CONTR\u00d4LE<\/h2>\n<p>Nous sommes constamment \u00e0 la recherche des meilleurs candidats pour agrandir notre \u00e9quipe et faire \u00e9voluer votre carri\u00e8re!<\/p>\n<p>Que vous occupiez un poste dans notre usine ou dans nos bureaux, travailler chez RDC Contr\u00f4le c\u2019est :<\/p>\n<div class=\"benefits-list\">\n<div class=\"benefits-item\"><img loading=\"lazy\" decoding=\"async\" class=\"alignleft size-full wp-image-3885\" src=\"https:\/\/legacy.rdccontrol.com\/wp-content\/uploads\/2021\/11\/worker.png\" alt=\"\" width=\"64\" height=\"64\" srcset=\"https:\/\/legacy.rdccontrol.com\/wp-content\/uploads\/2021\/11\/worker.png 64w, https:\/\/legacy.rdccontrol.com\/wp-content\/uploads\/2021\/11\/worker-300x300.png 300w, https:\/\/legacy.rdccontrol.com\/wp-content\/uploads\/2021\/11\/worker-600x600.png 600w\" sizes=\"auto, (max-width: 64px) 100vw, 64px\" \/> Du travail \u00e0 l\u2019ann\u00e9e dans un environnement propre et s\u00e9curitaire.<\/div>\n<div class=\"benefits-item\"><img loading=\"lazy\" decoding=\"async\" class=\"alignleft size-full wp-image-3877\" src=\"https:\/\/legacy.rdccontrol.com\/wp-content\/uploads\/2021\/11\/salary.png\" alt=\"\" width=\"64\" height=\"64\" srcset=\"https:\/\/legacy.rdccontrol.com\/wp-content\/uploads\/2021\/11\/salary.png 64w, https:\/\/legacy.rdccontrol.com\/wp-content\/uploads\/2021\/11\/salary-300x300.png 300w, https:\/\/legacy.rdccontrol.com\/wp-content\/uploads\/2021\/11\/salary-600x600.png 600w\" sizes=\"auto, (max-width: 64px) 100vw, 64px\" \/> Un salaire comp\u00e9titif et une augmentation annuelle.<\/div>\n<div class=\"benefits-item\"><img loading=\"lazy\" decoding=\"async\" class=\"alignleft size-full wp-image-3879\" src=\"https:\/\/legacy.rdccontrol.com\/wp-content\/uploads\/2021\/11\/benefits.png\" alt=\"\" width=\"64\" height=\"64\" srcset=\"https:\/\/legacy.rdccontrol.com\/wp-content\/uploads\/2021\/11\/benefits.png 64w, https:\/\/legacy.rdccontrol.com\/wp-content\/uploads\/2021\/11\/benefits-300x300.png 300w, https:\/\/legacy.rdccontrol.com\/wp-content\/uploads\/2021\/11\/benefits-600x600.png 600w\" sizes=\"auto, (max-width: 64px) 100vw, 64px\" \/> Des avantages sociaux nombreux (des assurances collectives compl\u00e8tes, un programme d\u2019aide aux employ\u00e9, un r\u00e9gime de retraite collective avec participation de l\u2019employeur, une banque d\u2019heures mobiles, et plus encore!).<\/div>\n<div class=\"benefits-item\"><img loading=\"lazy\" decoding=\"async\" class=\"alignleft size-full wp-image-3881\" src=\"https:\/\/legacy.rdccontrol.com\/wp-content\/uploads\/2021\/11\/training.png\" alt=\"\" width=\"64\" height=\"64\" srcset=\"https:\/\/legacy.rdccontrol.com\/wp-content\/uploads\/2021\/11\/training.png 64w, https:\/\/legacy.rdccontrol.com\/wp-content\/uploads\/2021\/11\/training-300x300.png 300w, https:\/\/legacy.rdccontrol.com\/wp-content\/uploads\/2021\/11\/training-600x600.png 600w\" sizes=\"auto, (max-width: 64px) 100vw, 64px\" \/> De la formation et des cartes de comp\u00e9tences \u00e0 l\u2019interne.<\/div>\n<div class=\"benefits-item\"><img loading=\"lazy\" decoding=\"async\" class=\"alignleft size-full wp-image-3883\" src=\"https:\/\/legacy.rdccontrol.com\/wp-content\/uploads\/2021\/11\/surprises.png\" alt=\"\" width=\"64\" height=\"64\" srcset=\"https:\/\/legacy.rdccontrol.com\/wp-content\/uploads\/2021\/11\/surprises.png 64w, https:\/\/legacy.rdccontrol.com\/wp-content\/uploads\/2021\/11\/surprises-300x300.png 300w, https:\/\/legacy.rdccontrol.com\/wp-content\/uploads\/2021\/11\/surprises-600x600.png 600w\" sizes=\"auto, (max-width: 64px) 100vw, 64px\" \/> Et des petites surprises \u00e0 l\u2019occasion!<\/div>\n<\/div>\n[\/vc_column_text][vc_separator color=\u00a0\u00bbcustom\u00a0\u00bb accent_color=\u00a0\u00bb#78786d\u00a0\u00bb][vc_tta_accordion shape=\u00a0\u00bbsquare\u00a0\u00bb c_icon=\u00a0\u00bbchevron\u00a0\u00bb c_position=\u00a0\u00bbright\u00a0\u00bb active_section=\u00a0\u00bb-1&Prime; no_fill=\u00a0\u00bbtrue\u00a0\u00bb collapsible_all=\u00a0\u00bbtrue\u00a0\u00bb][vc_tta_section title=\u00a0\u00bbASSEMBLEUR(EUSE) DE THERMOCOUPLES\u00a0\u00bb tab_id=\u00a0\u00bb1551210397022-ae453874-ed71&Prime;][vc_column_text css=\u00a0\u00bb.vc_custom_1635790954033{margin-bottom: 0px !important;}\u00a0\u00bb]\n<p style=\"font-weight: bold;\">Vos responsabilit\u00e9s \u00e0 titre d&rsquo;assembleur de thermocouples<\/p>\n<ul>\n<li>Assembler des pi\u00e8ces de thermocouples suivant un plan de production pr\u00e9cis.<\/li>\n<li>Effectuer des op\u00e9rations de d\u00e9gainage et de redressage de fils.<\/li>\n<li>Sabler et souder certaines composantes (aucune exp\u00e9rience requise).<\/li>\n<li>Travailler sur du recouvrement de c\u00e9ramique.<\/li>\n<li>Effectuer toutes autres t\u00e2ches connexes et travailler de fa\u00e7on s\u00e9curitaire en tout temps.<\/li>\n<\/ul>\n<p style=\"font-weight: bold;\">Ce que nous vous offrons<\/p>\n<ul>\n<li>Un horaire de jour du lundi au vendredi et la possibilit\u00e9 de faire du temps suppl\u00e9mentaire.<\/li>\n<li>Du travail \u00e0 l\u2019ann\u00e9e dans un environnement propre et s\u00e9curitaire.<\/li>\n<li>Un salaire comp\u00e9titif et une augmentation annuelle garantie.<\/li>\n<li>Des avantages sociaux nombreux (des assurances collectives compl\u00e8tes, un programme d\u2019aide aux employ\u00e9s en cas de besoin, un r\u00e9gime de retraite collective avec participation de l\u2019employeur, une banque d\u2019heures mobiles, des v\u00eatements de travail et des bottes fournis, et bien plus!).<\/li>\n<li>De la formation et des cartes de comp\u00e9tences \u00e0 l\u2019interne.<\/li>\n<li>Et des petites surprises \u00e0 l\u2019occasion!<\/li>\n<\/ul>\n<p style=\"font-weight: bold;\">Votre profil<\/p>\n<ul>\n<li>Vous avez un int\u00e9r\u00eat pour le travail de minutie et de pr\u00e9cision.<\/li>\n<li>Vous avez la capacit\u00e9 de lire des plans et d\u2019utiliser des instruments de mesures.<\/li>\n<li>Vous avez le souci du travail bien fait et la volont\u00e9 d\u2019apprendre.<\/li>\n<\/ul>\n[\/vc_column_text][\/vc_tta_section][vc_tta_section title=\u00a0\u00bbASSEMBLEUR(EUSE) DE V\u00c9RINS\u00a0\u00bb tab_id=\u00a0\u00bb1551210418690-5cdbd0bf-2b86&Prime;][vc_column_text css=\u00a0\u00bb.vc_custom_1635791123814{margin-bottom: 0px !important;}\u00a0\u00bb]\n<p style=\"font-weight: bold;\">Vos responsabilit\u00e9s \u00e0 titre d\u2019assembleur de v\u00e9rin<\/p>\n<ul>\n<li>Interpr\u00e9ter les plans et faire les assemblages de cylindres et montages requis.<\/li>\n<li>Effectuer des tests de qualit\u00e9 ainsi que l\u2019inspection du produit fini.<\/li>\n<li>Peinturer les v\u00e9rins selon les demandes sp\u00e9cifiques.<\/li>\n<li>Effectuer toutes autres t\u00e2ches connexes et travailler de fa\u00e7on s\u00e9curitaire en tout temps.<\/li>\n<\/ul>\n<p style=\"font-weight: bold;\">Ce que nous vous offrons<\/p>\n<ul>\n<li>Un horaire de jour, de soir ou de fin de semaine et la possibilit\u00e9 de faire du temps suppl\u00e9mentaire.<\/li>\n<li>Du travail \u00e0 l\u2019ann\u00e9e dans un environnement propre et s\u00e9curitaire.<\/li>\n<li>Un salaire comp\u00e9titif et une augmentation annuelle garantie.<\/li>\n<li>Des avantages sociaux nombreux (des assurances collectives compl\u00e8tes, un programme d\u2019aide aux employ\u00e9s en cas de besoin, un r\u00e9gime de retraite collective avec participation de l\u2019employeur, une banque d\u2019heures mobiles, des v\u00eatements de travail et des bottes fournis, et bien plus!).<\/li>\n<li>De la formation et des cartes de comp\u00e9tences \u00e0 l\u2019interne.<\/li>\n<li>Et des petites surprises \u00e0 l\u2019occasion!<\/li>\n<\/ul>\n<p style=\"font-weight: bold;\">Votre profil<\/p>\n<ul>\n<li>Vous aimez le travail d&rsquo;\u00e9quipe, le travail manuel et physique.<\/li>\n<li>Vous avez une premi\u00e8re exp\u00e9rience en assemblage m\u00e9canique.<\/li>\n<li>Vous avez le souci du travail bien fait et la volont\u00e9 d\u2019apprendre.<\/li>\n<\/ul>\n[\/vc_column_text][\/vc_tta_section][vc_tta_section title=\u00a0\u00bbJOURNALIER(\u00c8RE) \u2013 OP\u00c9RATEUR(TRICE) DE PRODUCTION\u00a0\u00bb tab_id=\u00a0\u00bb1635791417539-56a704c5-8fee\u00a0\u00bb][vc_column_text css=\u00a0\u00bb.vc_custom_1635791518430{margin-bottom: 0px !important;}\u00a0\u00bb]\n<p style=\"font-weight: bold;\">Vos responsabilit\u00e9s \u00e0 titre de journalier \u2013 op\u00e9rateur de production<\/p>\n<ul>\n<li>Op\u00e9rer une scie industrielle ou une machine au jet de sable.<\/li>\n<li>Choisir les bons mat\u00e9riaux selon les plans de productions et effectuer les op\u00e9rations appropri\u00e9es.<\/li>\n<li>Effectuer toutes autres t\u00e2ches connexes et travailler de fa\u00e7on s\u00e9curitaire en tout temps.<\/li>\n<\/ul>\n<p style=\"font-weight: bold;\">Ce que nous vous offrons<\/p>\n<ul>\n<li>Un horaire de jour, de soir, de nuit ou de fin de semaine.<\/li>\n<li>Du travail \u00e0 l\u2019ann\u00e9e dans un environnement propre et s\u00e9curitaire.<\/li>\n<li>Un salaire comp\u00e9titif et une augmentation annuelle garantie.<\/li>\n<li>Des avantages sociaux nombreux (des assurances collectives compl\u00e8tes, un programme d\u2019aide aux employ\u00e9s en cas de besoin, un r\u00e9gime de retraite collective avec participation de l\u2019employeur, une banque d\u2019heures mobiles, des v\u00eatements de travail et des bottes fournis, et bien plus!).<\/li>\n<li>De la formation et des cartes de comp\u00e9tences \u00e0 l\u2019interne.<\/li>\n<li>Et des petites surprises \u00e0 l\u2019occasion!<\/li>\n<\/ul>\n<p style=\"font-weight: bold;\">Votre profil<\/p>\n<ul>\n<li>Vous avez un int\u00e9r\u00eat pour la production.<\/li>\n<li>Vous aimez le travail d&rsquo;\u00e9quipe et le travail manuel.<\/li>\n<li>Vous aimez apprendre et avez le souci du travail bien fait.<\/li>\n<\/ul>\n[\/vc_column_text][\/vc_tta_section][vc_tta_section title=\u00a0\u00bbOP\u00c9RATEUR(TRICE) MACHINISTE\u00a0\u00bb tab_id=\u00a0\u00bb1635791531324-e5af8d23-2b4c\u00a0\u00bb][vc_column_text css=\u00a0\u00bb.vc_custom_1635791630341{margin-bottom: 0px !important;}\u00a0\u00bb]\n<p style=\"font-weight: bold;\">Vos responsabilit\u00e9s \u00e0 titre d&rsquo;op\u00e9rateur machiniste<\/p>\n<ul>\n<li>Usiner des pi\u00e8ces de v\u00e9rins sur des machines \u00e0 contr\u00f4le num\u00e9rique et conventionnel (fraiseuse, perceuse et tour).<\/li>\n<li>Souder des ancrages et des arr\u00eats de tubes pour v\u00e9rins selon les proc\u00e9d\u00e9s de soudure MIG (aucune exp\u00e9rience requise).<\/li>\n<li>Inspecter les produits en cours et s\u2019assurer de la qualit\u00e9 du produit.<\/li>\n<li>Effectuer toutes autres t\u00e2ches connexes et travailler de fa\u00e7on s\u00e9curitaire en tout temps.<\/li>\n<\/ul>\n<p style=\"font-weight: bold;\">Ce que nous vous offrons<\/p>\n<ul>\n<li>Un horaire de jour, de soir, de nuit ou de fin de semaine.<\/li>\n<li>Du travail \u00e0 l\u2019ann\u00e9e dans un environnement propre et s\u00e9curitaire.<\/li>\n<li>Un salaire comp\u00e9titif et une augmentation annuelle garantie.<\/li>\n<li>Des avantages sociaux nombreux (des assurances collectives compl\u00e8tes, un programme d\u2019aide aux employ\u00e9s en cas de besoin, un r\u00e9gime de retraite collective avec participation de l\u2019employeur, une banque d\u2019heures mobiles, des v\u00eatements de travail et des bottes fournis, et bien plus!).<\/li>\n<li>De la formation et des cartes de comp\u00e9tences \u00e0 l\u2019interne.<\/li>\n<li>Et des petites surprises \u00e0 l\u2019occasion!<\/li>\n<\/ul>\n<p style=\"font-weight: bold;\">Votre profil<\/p>\n<ul>\n<li>Vous poss\u00e9dez un DEP en technique d\u2019usinage ou une exp\u00e9rience \u00e9quivalente.<\/li>\n<li>Vous avez le souci du travail bien fait et la volont\u00e9 d\u2019apprendre.<\/li>\n<\/ul>\n[\/vc_column_text][\/vc_tta_section][vc_tta_section title=\u00a0\u00bbPR\u00c9POS\u00c9(E) R\u00c9CEPTION ET EXP\u00c9DITION\u00a0\u00bb tab_id=\u00a0\u00bb1635791643006-5f52d3e2-2f24&Prime;][vc_column_text css=\u00a0\u00bb.vc_custom_1635791743612{margin-bottom: 0px !important;}\u00a0\u00bb]\n<p style=\"font-weight: bold;\">Vos responsabilit\u00e9s \u00e0 titre de pr\u00e9pos\u00e9 r\u00e9ception et exp\u00e9dition<\/p>\n<ul>\n<li>S\u2019assurer de l\u2019exactitude des commandes fournisseurs \u00e0 leur r\u00e9ception et inspecter la qualit\u00e9 de la marchandise re\u00e7ue.<\/li>\n<li>Pr\u00e9parer les commandes clients et fabriquer les emballages n\u00e9cessaires \u00e0 l\u2019exp\u00e9dition.<\/li>\n<li>Coordonner les livraisons des commandes clients avec les diff\u00e9rents transporteurs.<\/li>\n<li>Op\u00e9rer des chariots \u00e9l\u00e9vateurs pour d\u00e9placer et entreposer la marchandise de fa\u00e7on optimale.<\/li>\n<li>Effectuer toutes autres t\u00e2ches connexes et travailler de fa\u00e7on s\u00e9curitaire en tout temps.<\/li>\n<\/ul>\n<p style=\"font-weight: bold;\">Ce que nous vous offrons<\/p>\n<ul>\n<li>Un horaire de jour ou de soir.<\/li>\n<li>Du travail \u00e0 l\u2019ann\u00e9e dans un environnement propre et s\u00e9curitaire.<\/li>\n<li>Un salaire comp\u00e9titif et une augmentation annuelle garantie.<\/li>\n<li>Des avantages sociaux nombreux (des assurances collectives compl\u00e8tes, un programme d\u2019aide aux employ\u00e9s en cas de besoin, un r\u00e9gime de retraite collective avec participation de l\u2019employeur, une banque d\u2019heures mobiles, des v\u00eatements de travail et des bottes fournis, et bien plus!).<\/li>\n<li>De la formation et des cartes de comp\u00e9tences \u00e0 l\u2019interne.<\/li>\n<li>Et des petites surprises \u00e0 l\u2019occasion!<\/li>\n<\/ul>\n<p style=\"font-weight: bold;\">Votre profil<\/p>\n<ul>\n<li>Vous aimez le travail d&rsquo;\u00e9quipe, le travail manuel et physique.<\/li>\n<li>Vous avez une premi\u00e8re exp\u00e9rience avec diff\u00e9rents chariots \u00e9l\u00e9vateurs.<\/li>\n<\/ul>\n[\/vc_column_text][\/vc_tta_section][vc_tta_section title=\u00a0\u00bbPR\u00c9POS\u00c9(E) SERVICE \u00c0 LA CLIENT\u00c8LE\u00a0\u00bb tab_id=\u00a0\u00bb1659708547906-1ff13dc6-0414&Prime;][vc_column_text css=\u00a0\u00bb.vc_custom_1660065223029{margin-bottom: 0px !important;}\u00a0\u00bb]\n<h3>Description compl\u00e8te du poste<\/h3>\n<p style=\"font-weight: bold; font-style: italic;\">Vous aimez collaborer avec vos coll\u00e8gues en mode solution?<\/p>\n<p style=\"font-weight: bold; font-style: italic;\">Vous avez le souci du travail bien fait et un service \u00e0 la client\u00e8le hors pair?<\/p>\n<p>Vous \u00eates peut-\u00eatre la meilleure personne pour joindre notre \u00e9quipe du service \u00e0 la client\u00e8le \u00e0 titre de pr\u00e9pos\u00e9(e)!<\/p>\n<p>Install\u00e9e \u00e0 Blainville, RDC Contr\u00f4le con\u00e7oit et fabrique une gamme compl\u00e8te de v\u00e9rins pneumatiques et hydrauliques, ainsi qu&rsquo;un \u00e9ventail de thermocouples de haute qualit\u00e9.<\/p>\n<p>Nous sommes actuellement \u00e0 la recherche d&rsquo;une personne pour joindre notre \u00e9quipe et collaborer sur nos nombreux projets \u00e0 titre de <span style=\"font-weight: bold;\">pr\u00e9pos\u00e9(e) service \u00e0 la client\u00e8le.<\/span><\/p>\n<p style=\"font-weight: bold;\">PRINCIPALEMENT, LA PERSONNE RETENUE SERA AMEN\u00c9E \u00c0 :<\/p>\n<ul>\n<li>R\u00e9pondre aux demandes d\u2019informations, de commandes et de soutien technique des clients.<\/li>\n<li>Pr\u00e9parer et analyser les demandes des clients puis concevoir leurs soumissions.<\/li>\n<li>Entretenir des liens \u00e9troits avec les repr\u00e9sentants sur la route et les diff\u00e9rents d\u00e9partements.<\/li>\n<li>Collaborer avec ses coll\u00e8gues sur des projets divers tel que des projets d\u2019am\u00e9lioration.<\/li>\n<\/ul>\n<p style=\"font-weight: bold;\">VOTRE PROFIL :<\/p>\n<ul>\n<li>1 an d\u2019exp\u00e9rience dans un poste similaire<\/li>\n<li>Habilet\u00e9 pour la communication verbale et \u00e9crite (anglais et fran\u00e7ais)<\/li>\n<li>Exp\u00e9rience en service \u00e0 la client\u00e8le technique (atout)<\/li>\n<\/ul>\n<p style=\"font-weight: bold;\">TRAVAILLER CHEZ RDC CONTR\u00d4LE C\u2019EST :<\/p>\n<ul>\n<li>Salaire concurrentiel et bonification annuelle.<\/li>\n<li>Assurance groupe et t\u00e9l\u00e9m\u00e9decine.<\/li>\n<li>Journ\u00e9es mobiles.<\/li>\n<li>REER avec participation de l&#8217;employeur.<\/li>\n<li>Programme de vacances et de journ\u00e9es f\u00e9ri\u00e9es tr\u00e8s int\u00e9ressant.<\/li>\n<li>Horaire de 37,5 heures par semaine en terminant un vendredi sur deux \u00e0 midi.<\/li>\n<li>Caf\u00e9 gratuit et journ\u00e9e \u2018\u2019jeans\u2019\u2019 en tout temps.<\/li>\n<li>Et bien plus!<\/li>\n<\/ul>\n[\/vc_column_text][\/vc_tta_section][\/vc_tta_accordion][\/vc_column][vc_column width=\u00a0\u00bb1\/3&Prime;][vc_column_text el_class=\u00a0\u00bbcareer-form-text-block-v2&Prime; css=\u00a0\u00bb.vc_custom_1535657149388{margin-bottom: 0px !important;}\u00a0\u00bb]\n<h4>Veuillez remplir le formulaire si vous \u00eates int\u00e9ress\u00e9 \u00e0 rejoindre notre \u00e9quipe.<\/h4>\n<div class=\"jobs-form\">\n<div class=\"wpcf7 no-js\" id=\"wpcf7-f3827-o1\" lang=\"\" dir=\"ltr\" data-wpcf7-id=\"3827\">\n<div class=\"screen-reader-response\"><p role=\"status\" aria-live=\"polite\" aria-atomic=\"true\"><\/p> <ul><\/ul><\/div>\n<form action=\"\/fr\/wp-json\/wp\/v2\/pages\/834#wpcf7-f3827-o1\" method=\"post\" class=\"wpcf7-form init\" aria-label=\"Formulaire de contact\" enctype=\"multipart\/form-data\" novalidate=\"novalidate\" data-status=\"init\">\n<fieldset class=\"hidden-fields-container\"><input type=\"hidden\" name=\"_wpcf7\" value=\"3827\" \/><input type=\"hidden\" name=\"_wpcf7_version\" value=\"6.1.5\" \/><input type=\"hidden\" name=\"_wpcf7_locale\" value=\"\" \/><input type=\"hidden\" name=\"_wpcf7_unit_tag\" value=\"wpcf7-f3827-o1\" \/><input type=\"hidden\" name=\"_wpcf7_container_post\" value=\"0\" \/><input type=\"hidden\" name=\"_wpcf7_posted_data_hash\" value=\"\" \/><input type=\"hidden\" name=\"_wpcf7_recaptcha_response\" value=\"\" \/>\n<\/fieldset>\n<div class=\"job-form-field\">\n\t<p><span class=\"wpcf7-form-control-wrap\" data-name=\"your-ntitle\"><select class=\"wpcf7-form-control wpcf7-select wpcf7-validates-as-required\" aria-required=\"true\" aria-invalid=\"false\" name=\"your-ntitle\"><option value=\"Monsieur\">Monsieur<\/option><option value=\"Madame\">Madame<\/option><\/select><\/span>\n\t<\/p>\n<\/div>\n<div class=\"job-form-field\">\n\t<p><span class=\"wpcf7-form-control-wrap\" data-name=\"your-fname\"><input size=\"40\" maxlength=\"400\" class=\"wpcf7-form-control wpcf7-text wpcf7-validates-as-required\" aria-required=\"true\" aria-invalid=\"false\" placeholder=\"Pr\u00e9nom*\" value=\"\" type=\"text\" name=\"your-fname\" \/><\/span>\n\t<\/p>\n<\/div>\n<div class=\"job-form-field\">\n\t<p><span class=\"wpcf7-form-control-wrap\" data-name=\"your-lname\"><input size=\"40\" maxlength=\"400\" class=\"wpcf7-form-control wpcf7-text wpcf7-validates-as-required\" aria-required=\"true\" aria-invalid=\"false\" placeholder=\"Nom de famille*\" value=\"\" type=\"text\" name=\"your-lname\" \/><\/span>\n\t<\/p>\n<\/div>\n<div class=\"job-form-field\">\n\t<p><span class=\"wpcf7-form-control-wrap\" data-name=\"your-phone\"><input size=\"40\" maxlength=\"400\" class=\"wpcf7-form-control wpcf7-tel wpcf7-validates-as-required wpcf7-text wpcf7-validates-as-tel\" aria-required=\"true\" aria-invalid=\"false\" placeholder=\"T\u00e9l\u00e9phone*\" value=\"\" type=\"tel\" name=\"your-phone\" \/><\/span>\n\t<\/p>\n<\/div>\n<div class=\"job-form-field\">\n\t<p><span class=\"wpcf7-form-control-wrap\" data-name=\"your-email\"><input size=\"40\" maxlength=\"400\" class=\"wpcf7-form-control wpcf7-email wpcf7-validates-as-required wpcf7-text wpcf7-validates-as-email\" aria-required=\"true\" aria-invalid=\"false\" placeholder=\"Courriel*\" value=\"\" type=\"email\" name=\"your-email\" \/><\/span>\n\t<\/p>\n<\/div>\n<div class=\"job-form-field\">\n\t<p><span class=\"wpcf7-form-control-wrap\" data-name=\"your-position\"><input size=\"40\" maxlength=\"400\" class=\"wpcf7-form-control wpcf7-text wpcf7-validates-as-required\" aria-required=\"true\" aria-invalid=\"false\" placeholder=\"Poste qui vous int\u00e9resse*\" value=\"\" type=\"text\" name=\"your-position\" \/><\/span>\n\t<\/p>\n<\/div>\n<div class=\"job-form-field outer-block\">\n\t<p><span>Joignez votre CV (20 Mo max.)*<\/span><span class=\"wpcf7-form-control-wrap\" data-name=\"your-resume\"><input size=\"40\" class=\"wpcf7-form-control wpcf7-file wpcf7-validates-as-required\" id=\"uploadBtn\" accept=\"audio\/*,video\/*,image\/*\" aria-required=\"true\" aria-invalid=\"false\" type=\"file\" name=\"your-resume\" \/><\/span>\n\t<\/p>\n<\/div>\n<div class=\"job-form-field outer-block chk-box\">\n\t<p class=\"your-call-time\">Quel est le meilleur moment pour nous appeler ?*\n\t<\/p>\n\t<p><label class=\"container check-box chk-box-1\"><span class=\"wpcf7-form-control-wrap\" data-name=\"your-calltime\"><span class=\"wpcf7-form-control wpcf7-checkbox\"><span class=\"wpcf7-list-item first last\"><input type=\"checkbox\" name=\"your-calltime[]\" value=\"Journ\u00e9e\" \/><span class=\"wpcf7-list-item-label\">Journ\u00e9e<\/span><\/span><\/span><\/span><\/label><br \/>\n<label class=\"container check-box chk-box-1\"><span class=\"wpcf7-form-control-wrap\" data-name=\"your-calltime-2\"><span class=\"wpcf7-form-control wpcf7-checkbox\"><span class=\"wpcf7-list-item first last\"><input type=\"checkbox\" name=\"your-calltime-2[]\" value=\"Soir\u00e9e\" \/><span class=\"wpcf7-list-item-label\">Soir\u00e9e<\/span><\/span><\/span><\/span><\/label>\n\t<\/p>\n<\/div>\n<div class=\"job-form-field\">\n\t<p><input class=\"wpcf7-form-control wpcf7-submit has-spinner outline-btn-dark\" type=\"submit\" value=\"Soumettre\" \/>\n\t<\/p>\n<\/div><input type='hidden' class='wpcf7-pum' value='{\"closepopup\":false,\"closedelay\":0,\"openpopup\":false,\"openpopup_id\":0}' \/><div class=\"wpcf7-response-output\" aria-hidden=\"true\"><\/div>\n<\/form>\n<\/div>\n<\/div>\n[\/vc_column_text][\/vc_column][\/mk_page_section]\n","protected":false},"excerpt":{"rendered":"<p>[mk_page_section][vc_column width=\u00a0\u00bb2\/3&Prime;][vc_column_text css=\u00a0\u00bb.vc_custom_1635946167117{margin-bottom: 0px !important;}\u00a0\u00bb] FAITES PROGRESSER VOTRE CARRI\u00c8RE CHEZ RDC CONTR\u00d4LE Nous sommes constamment \u00e0 la recherche des meilleurs candidats pour agrandir notre \u00e9quipe et faire \u00e9voluer votre carri\u00e8re! Que vous occupiez un poste dans notre usine ou dans nos bureaux, travailler chez RDC Contr\u00f4le c\u2019est : Du travail \u00e0 l\u2019ann\u00e9e dans un environnement [&hellip;]<\/p>\n","protected":false},"author":1,"featured_media":0,"parent":0,"menu_order":6,"comment_status":"closed","ping_status":"closed","template":"","meta":{"footnotes":""},"class_list":["post-834","page","type-page","status-publish","hentry"],"_links":{"self":[{"href":"https:\/\/legacy.rdccontrol.com\/fr\/wp-json\/wp\/v2\/pages\/834","targetHints":{"allow":["GET"]}}],"collection":[{"href":"https:\/\/legacy.rdccontrol.com\/fr\/wp-json\/wp\/v2\/pages"}],"about":[{"href":"https:\/\/legacy.rdccontrol.com\/fr\/wp-json\/wp\/v2\/types\/page"}],"author":[{"embeddable":true,"href":"https:\/\/legacy.rdccontrol.com\/fr\/wp-json\/wp\/v2\/users\/1"}],"replies":[{"embeddable":true,"href":"https:\/\/legacy.rdccontrol.com\/fr\/wp-json\/wp\/v2\/comments?post=834"}],"version-history":[{"count":33,"href":"https:\/\/legacy.rdccontrol.com\/fr\/wp-json\/wp\/v2\/pages\/834\/revisions"}],"predecessor-version":[{"id":3894,"href":"https:\/\/legacy.rdccontrol.com\/fr\/wp-json\/wp\/v2\/pages\/834\/revisions\/3894"}],"wp:attachment":[{"href":"https:\/\/legacy.rdccontrol.com\/fr\/wp-json\/wp\/v2\/media?parent=834"}],"curies":[{"name":"wp","href":"https:\/\/api.w.org\/{rel}","templated":true}]}}