{"id":813,"date":"2014-10-11T15:07:41","date_gmt":"2014-10-11T19:07:41","guid":{"rendered":"http:\/\/rdcc.cashin.ca\/?page_id=813"},"modified":"2018-02-06T08:56:56","modified_gmt":"2018-02-06T13:56:56","slug":"calcul-temperature","status":"publish","type":"page","link":"https:\/\/legacy.rdccontrol.com\/fr\/thermocouple\/rtd-101\/calcul-temperature\/","title":{"rendered":"Calcul de la temp\u00e9rature"},"content":{"rendered":"<div class=\"wpb-content-wrapper\">[mk_page_section padding_top=\u00a0\u00bb50&Prime; padding_bottom=\u00a0\u00bb50&Prime; el_class=\u00a0\u00bbintro-thermo-section desktop-section\u00a0\u00bb sidebar=\u00a0\u00bbsidebar-1&Prime;][vc_column width=\u00a0\u00bb1\/4&Prime; el_class=\u00a0\u00bbleft-sidebar-column\u00a0\u00bb][mk_custom_sidebar sidebar=\u00a0\u00bbsidebar-18&Prime;][\/vc_column][vc_column width=\u00a0\u00bb3\/4&Prime; el_class=\u00a0\u00bbright-side-column\u00a0\u00bb][vc_row_inner][vc_column_inner el_class=\u00a0\u00bbnumber-icon-column\u00a0\u00bb width=\u00a0\u00bb1\/12&Prime;][mk_image src=\u00a0\u00bbhttps:\/\/legacy.rdccontrol.com\/wp-content\/uploads\/2017\/12\/7.png\u00a0\u00bb image_size=\u00a0\u00bbfull\u00a0\u00bb][\/vc_column_inner][vc_column_inner el_class=\u00a0\u00bbnumber-icon-title-column\u00a0\u00bb width=\u00a0\u00bb5\/6&Prime;][vc_column_text css=\u00a0\u00bb.vc_custom_1513426690017{margin-bottom: 0px !important;}\u00a0\u00bb]\n<h2 class=\"icon-h2\">Calcul de la temp\u00e9rature<\/h2>\n<div class=\"ctm-space\"><\/div>\n[\/vc_column_text][\/vc_column_inner][\/vc_row_inner][mk_fancy_title color=\u00a0\u00bb#78776d\u00a0\u00bb size=\u00a0\u00bb28&Prime; font_weight=\u00a0\u00bb600&Prime; txt_transform=\u00a0\u00bbnone\u00a0\u00bb margin_bottom=\u00a0\u00bb0&Prime; font_family=\u00a0\u00bbnone\u00a0\u00bb]\u00c9quation de Callendar-Van Dusen (CVD)[\/mk_fancy_title][vc_column_text css=\u00a0\u00bb.vc_custom_1512734648238{margin-bottom: 0px !important;}\u00a0\u00bb]La relation entre la temp\u00e9rature et la valeur ohmique des RTD a \u00e9t\u00e9 calcul\u00e9e par Callendar puis, plus tard, affin\u00e9e par Van Dusen; c\u2019est pourquoi cette \u00e9quation est nomm\u00e9e Callendar-Van Dusen.[\/vc_column_text][mk_image src=\u00a0\u00bbhttps:\/\/legacy.rdccontrol.com\/wp-content\/uploads\/2014\/09\/tempurature-calculation-01.gif\u00a0\u00bb image_size=\u00a0\u00bbfull\u00a0\u00bb][vc_column_text css=\u00a0\u00bb.vc_custom_1512734688693{margin-bottom: 0px !important;}\u00a0\u00bb]Avec RT = r\u00e9sistance \u00e0 T\u00b0C, R0 = r\u00e9sistance \u00e0 0\u00b0C, \u03b1 = coefficient de temp\u00e9rature \u00e0 0\u00b0C en \u03a9\/\u03a9\/\u00b0C, \u03b4 = coefficient de lin\u00e9arisation, \u03b2 = deuxi\u00e8me coefficient de lin\u00e9arisation pour les valeurs n\u00e9gatives de temp\u00e9rature (\u03b2 = 0 pour T &gt; 0\u00b0C).[\/vc_column_text][vc_column_text css=\u00a0\u00bb.vc_custom_1512734737695{margin-bottom: 0px !important;}\u00a0\u00bb]Cette \u00e9quation a \u00e9t\u00e9 transform\u00e9e pour pouvoir \u00eatre utilis\u00e9e plus facilement avec les coefficients A, B et C donn\u00e9s par la norme DIN 43760 (IEC 751) et les fiches techniques des composants :[\/vc_column_text][mk_image src=\u00a0\u00bbhttps:\/\/legacy.rdccontrol.com\/wp-content\/uploads\/2014\/09\/tempurature-calculation-02-2.gif\u00a0\u00bb image_size=\u00a0\u00bbfull\u00a0\u00bb align=\u00a0\u00bbcenter\u00a0\u00bb margin_bottom=\u00a0\u00bb15&Prime;][vc_column_text align=\u00a0\u00bbcenter\u00a0\u00bb css=\u00a0\u00bb.vc_custom_1512734989711{margin-bottom: 0px !important;}\u00a0\u00bb]Avec les conversions suivantes:[\/vc_column_text][mk_image src=\u00a0\u00bbhttps:\/\/legacy.rdccontrol.com\/wp-content\/uploads\/2014\/09\/tempurature-calculation-03.gif\u00a0\u00bb image_size=\u00a0\u00bbfull\u00a0\u00bb align=\u00a0\u00bbcenter\u00a0\u00bb margin_bottom=\u00a0\u00bb40&Prime;][mk_table el_class=\u00a0\u00bbrdc-metal-table\u00a0\u00bb]\n<table border=\"1\" cellspacing=\"0\" cellpadding=\"4\">\n<thead>\n<tr>\n<th colspan=\"4\" align=\"center\"><b style=\"text-transform: none;\">Coefficients pour diff\u00e9rents \u03b1 (alpha)<\/b><\/th>\n<\/tr>\n<tr>\n<th align=\"center\"><b style=\"text-transform: none;\">Coefficient<\/b><\/th>\n<th align=\"center\"><b style=\"text-transform: none;\">Valeur<\/b><\/th>\n<th align=\"center\"><b style=\"text-transform: none;\">Valeur<\/b><\/th>\n<th align=\"center\"><b style=\"text-transform: none;\">Valeur<\/b><\/th>\n<\/tr>\n<\/thead>\n<tbody>\n<tr>\n<td align=\"center\">\u03b1<\/td>\n<td align=\"center\">0,003850<\/td>\n<td align=\"center\">0,003926<\/td>\n<td align=\"center\">0,003911<\/td>\n<\/tr>\n<tr>\n<td align=\"center\">\u03b4<\/td>\n<td align=\"center\">1,4999<\/td>\n<td align=\"center\"><\/td>\n<td align=\"center\"><\/td>\n<\/tr>\n<tr>\n<td align=\"center\">\u03b2<\/td>\n<td align=\"center\">0,10863<\/td>\n<td align=\"center\"><\/td>\n<td align=\"center\"><\/td>\n<\/tr>\n<tr>\n<td align=\"center\">A<\/td>\n<td align=\"center\">3,9083e<sup><small>-3<\/small><\/sup><\/td>\n<td align=\"center\">3,9848e<sup><small>-3<\/small><\/sup><\/td>\n<td align=\"center\">3,9692e<sup><small>-3<\/small><\/sup><\/td>\n<\/tr>\n<tr>\n<td align=\"center\">B<\/td>\n<td align=\"center\">-5,775e<sup><small>-7<\/small><\/sup><\/td>\n<td align=\"center\">-5,870e<sup><small>-7<\/small><\/sup><\/td>\n<td align=\"center\">-5,8495e<sup><small>-7<\/small><\/sup><\/td>\n<\/tr>\n<tr>\n<td align=\"center\">C<\/td>\n<td align=\"center\">-4,18301e<sup><small>-12<\/small><\/sup><\/td>\n<td align=\"center\">-4,000e<sup><small>-12<\/small><\/sup><\/td>\n<td align=\"center\">-4,2325e<sup><small>-12<\/small><\/sup><\/td>\n<\/tr>\n<\/tbody>\n<\/table>\n[\/mk_table][vc_column_text css=\u00a0\u00bb.vc_custom_1512735329192{margin-bottom: 0px !important;}\u00a0\u00bb]Ces trois valeurs \u03b1 repr\u00e9sentent les trois principales sp\u00e9cifications pour les RTD..<\/p>\n<ul>\n<li>0,003850 \u03a9\/\u03a9\/\u00b0C : Normalisation DIN 43760, IEC 751 et autres sp\u00e9cifications internationales, nomm\u00e9 Standard Europ\u00e9en.<\/li>\n<li>0,003926 \u03a9\/\u03a9\/\u00b0C : N\u00e9cessite un platine pur \u00e0 99,999% ou mieux, nomm\u00e9 Standard Am\u00e9ricain.<\/li>\n<li>0,3911 \u03a9\/\u03a9\/\u00b0C : Souvent nomm\u00e9 Standard Industriel U.S.<\/li>\n<\/ul>\n[\/vc_column_text][vc_column_text css=\u00a0\u00bb.vc_custom_1512735354456{margin-bottom: 0px !important;}\u00a0\u00bb]L\u2019\u00e9quation de Callendar-Van Dusen permet une bonne lin\u00e9arisation des RTD, \u00b1 0.01\u00b0C entre -100\u00b0c et +100\u00b0C mais l\u2019erreur augmente rapidement avec les hautes temp\u00e9ratures. De plus, cette \u00e9quation calcule la r\u00e9sistance en fonction de la temp\u00e9rature ; ce qui est l\u2019inverse des utilisations les plus courantes : temp\u00e9rature en fonction de la r\u00e9sistance.<\/p>\n<p>Pour convertir la valeur de r\u00e9sistance du RTD en temp\u00e9rature, on est oblig\u00e9 d\u2019utiliser une \u00e9quation quadratique du 2e degr\u00e9, qui est, en quelque sorte, la r\u00e9ciproque de l\u2019\u00e9quation Callendar-Van Dusen, mais uniquement pour les temp\u00e9ratures sup\u00e9rieures \u00e0 0\u00b0C.[\/vc_column_text][mk_image src=\u00a0\u00bbhttps:\/\/legacy.rdccontrol.com\/wp-content\/uploads\/2014\/09\/tempurature-calculation-04.gif\u00a0\u00bb image_size=\u00a0\u00bbfull\u00a0\u00bb align=\u00a0\u00bbcenter\u00a0\u00bb margin_bottom=\u00a0\u00bb40&Prime;][vc_column_text css=\u00a0\u00bb.vc_custom_1512735388384{margin-bottom: 0px !important;}\u00a0\u00bb]Pour les temp\u00e9ratures inf\u00e9rieures \u00e0 0\u00b0C, l\u2019\u00e9quation Callendar-Van Dusen est trop complexe \u00e0 r\u00e9soudre, aussi l\u2019emploi des approximations successives s\u2019impose[\/vc_column_text][mk_image src=\u00a0\u00bbhttps:\/\/legacy.rdccontrol.com\/wp-content\/uploads\/2014\/09\/tempurature-calculation-05.gif\u00a0\u00bb image_size=\u00a0\u00bbfull\u00a0\u00bb align=\u00a0\u00bbcenter\u00a0\u00bb margin_bottom=\u00a0\u00bb40&Prime;][vc_column_text css=\u00a0\u00bb.vc_custom_1512735421246{margin-bottom: 0px !important;}\u00a0\u00bb]La table suivante nous propose des valeurs calcul\u00e9es avec l\u2019\u00e9quation de Callendar-Van Dusen[\/vc_column_text][mk_table el_class=\u00a0\u00bbrdc-metal-table\u00a0\u00bb]\n<table border=\"1\" cellspacing=\"0\" cellpadding=\"4\">\n<thead>\n<tr>\n<th colspan=\"3\" align=\"center\"><b style=\"text-transform: none;\">Temp\u00e9ratures \u00e0 partir de la r\u00e9sistance<\/b><\/th>\n<\/tr>\n<tr>\n<th align=\"center\"><b style=\"text-transform: none;\">R\u00e9sistance (\u03a9)<\/b><\/th>\n<th align=\"center\"><b style=\"text-transform: none;\">\u00c9quation CVD (\u00b0C)<\/b><\/th>\n<th align=\"center\"><b style=\"text-transform: none;\">Erreur (%)<\/b><\/th>\n<\/tr>\n<\/thead>\n<tbody>\n<tr>\n<td align=\"center\">10.00<\/td>\n<td align=\"center\">-219.539<\/td>\n<td align=\"center\">0.056<\/td>\n<\/tr>\n<tr>\n<td align=\"center\">15.00<\/td>\n<td align=\"center\">-208.114<\/td>\n<td align=\"center\">0.073<\/td>\n<\/tr>\n<tr>\n<td align=\"center\">20.00<\/td>\n<td align=\"center\">-196.572<\/td>\n<td align=\"center\">0.032<\/td>\n<\/tr>\n<tr>\n<td align=\"center\">25.00<\/td>\n<td align=\"center\">-184.918<\/td>\n<td align=\"center\">0.024<\/td>\n<\/tr>\n<tr>\n<td align=\"center\">30.00<\/td>\n<td align=\"center\">-173.158<\/td>\n<td align=\"center\">0.023<\/td>\n<\/tr>\n<tr>\n<td align=\"center\">50.00<\/td>\n<td align=\"center\">-125.602<\/td>\n<td align=\"center\">0.383<\/td>\n<\/tr>\n<tr>\n<td align=\"center\">75.00<\/td>\n<td align=\"center\">-63.329<\/td>\n<td align=\"center\">-0.010<\/td>\n<\/tr>\n<tr>\n<td align=\"center\">100.00<\/td>\n<td align=\"center\">0.000<\/td>\n<td align=\"center\"><\/td>\n<\/tr>\n<tr>\n<td align=\"center\">102.00<\/td>\n<td align=\"center\">5.121<\/td>\n<td align=\"center\">-0.024<\/td>\n<\/tr>\n<tr>\n<td align=\"center\">103.00<\/td>\n<td align=\"center\">7.685<\/td>\n<td align=\"center\">-0.022<\/td>\n<\/tr>\n<tr>\n<td align=\"center\">107.79<\/td>\n<td align=\"center\">19.991<\/td>\n<td align=\"center\">-0.012<\/td>\n<\/tr>\n<tr>\n<td align=\"center\">115.54<\/td>\n<td align=\"center\">39.998<\/td>\n<td align=\"center\">-0.009<\/td>\n<\/tr>\n<tr>\n<td align=\"center\">120.00<\/td>\n<td align=\"center\">51.566<\/td>\n<td align=\"center\">-0.010<\/td>\n<\/tr>\n<tr>\n<td align=\"center\">123.24<\/td>\n<td align=\"center\">59.995<\/td>\n<td align=\"center\">-0.011<\/td>\n<\/tr>\n<tr>\n<td align=\"center\">130.90<\/td>\n<td align=\"center\">80.008<\/td>\n<td align=\"center\">-0.012<\/td>\n<\/tr>\n<tr>\n<td align=\"center\">150.00<\/td>\n<td align=\"center\">130.447<\/td>\n<td align=\"center\">-0.017<\/td>\n<\/tr>\n<tr>\n<td align=\"center\">175.00<\/td>\n<td align=\"center\">197.673<\/td>\n<td align=\"center\">-0.021<\/td>\n<\/tr>\n<tr>\n<td align=\"center\">200.00<\/td>\n<td align=\"center\">266.348<\/td>\n<td align=\"center\">-0.027<\/td>\n<\/tr>\n<tr>\n<td align=\"center\">210.00<\/td>\n<td align=\"center\">294.246<\/td>\n<td align=\"center\">-0.029<\/td>\n<\/tr>\n<tr>\n<td align=\"center\">220.00<\/td>\n<td align=\"center\">322.397<\/td>\n<td align=\"center\">-0.031<\/td>\n<\/tr>\n<tr>\n<td align=\"center\">250.00<\/td>\n<td align=\"center\">408.450<\/td>\n<td align=\"center\">-0.045<\/td>\n<\/tr>\n<tr>\n<td align=\"center\">275.00<\/td>\n<td align=\"center\">482.109<\/td>\n<td align=\"center\">-0.048<\/td>\n<\/tr>\n<tr>\n<td align=\"center\">300.00<\/td>\n<td align=\"center\">557.688<\/td>\n<td align=\"center\">-0.055<\/td>\n<\/tr>\n<tr>\n<td align=\"center\">310.00<\/td>\n<td align=\"center\">588.491<\/td>\n<td align=\"center\">-0.058<\/td>\n<\/tr>\n<tr>\n<td align=\"center\">399.00<\/td>\n<td align=\"center\">879.278<\/td>\n<td align=\"center\">-0.095<\/td>\n<\/tr>\n<\/tbody>\n<\/table>\n[\/mk_table][vc_column_text css=\u00a0\u00bb.vc_custom_1512735696422{margin-bottom: 0px !important;}\u00a0\u00bb]On peut voir que les \u00e9carts de l\u2019\u00e9quation CVD sont limit\u00e9s et situ\u00e9s aux environs de 0,05% et de 0,1% pour les hautes temp\u00e9ratures.[\/vc_column_text][\/vc_column][\/mk_page_section][mk_page_section padding_top=\u00a0\u00bb50&Prime; padding_bottom=\u00a0\u00bb50&Prime; el_class=\u00a0\u00bbintro-thermo-section mobile-section\u00a0\u00bb sidebar=\u00a0\u00bbsidebar-1&Prime;][vc_column width=\u00a0\u00bb3\/4&Prime; el_class=\u00a0\u00bbright-side-column\u00a0\u00bb][vc_row_inner][vc_column_inner el_class=\u00a0\u00bbnumber-icon-column\u00a0\u00bb width=\u00a0\u00bb1\/12&Prime;][mk_image src=\u00a0\u00bbhttps:\/\/legacy.rdccontrol.com\/wp-content\/uploads\/2017\/12\/7.png\u00a0\u00bb image_size=\u00a0\u00bbfull\u00a0\u00bb][\/vc_column_inner][vc_column_inner el_class=\u00a0\u00bbnumber-icon-title-column\u00a0\u00bb width=\u00a0\u00bb5\/6&Prime;][vc_column_text css=\u00a0\u00bb.vc_custom_1513426690017{margin-bottom: 0px !important;}\u00a0\u00bb]\n<h2 class=\"icon-h2\">Calcul de la temp\u00e9rature<\/h2>\n<div class=\"ctm-space\"><\/div>\n[\/vc_column_text][\/vc_column_inner][\/vc_row_inner][mk_fancy_title color=\u00a0\u00bb#78776d\u00a0\u00bb size=\u00a0\u00bb28&Prime; font_weight=\u00a0\u00bb600&Prime; txt_transform=\u00a0\u00bbnone\u00a0\u00bb margin_bottom=\u00a0\u00bb0&Prime; font_family=\u00a0\u00bbnone\u00a0\u00bb]\u00c9quation de Callendar-Van Dusen (CVD)[\/mk_fancy_title][vc_column_text css=\u00a0\u00bb.vc_custom_1512734648238{margin-bottom: 0px !important;}\u00a0\u00bb]La relation entre la temp\u00e9rature et la valeur ohmique des RTD a \u00e9t\u00e9 calcul\u00e9e par Callendar puis, plus tard, affin\u00e9e par Van Dusen; c\u2019est pourquoi cette \u00e9quation est nomm\u00e9e Callendar-Van Dusen.[\/vc_column_text][mk_image src=\u00a0\u00bbhttps:\/\/legacy.rdccontrol.com\/wp-content\/uploads\/2014\/09\/tempurature-calculation-01.gif\u00a0\u00bb image_size=\u00a0\u00bbfull\u00a0\u00bb][vc_column_text css=\u00a0\u00bb.vc_custom_1512734688693{margin-bottom: 0px !important;}\u00a0\u00bb]Avec RT = r\u00e9sistance \u00e0 T\u00b0C, R0 = r\u00e9sistance \u00e0 0\u00b0C, \u03b1 = coefficient de temp\u00e9rature \u00e0 0\u00b0C en \u03a9\/\u03a9\/\u00b0C, \u03b4 = coefficient de lin\u00e9arisation, \u03b2 = deuxi\u00e8me coefficient de lin\u00e9arisation pour les valeurs n\u00e9gatives de temp\u00e9rature (\u03b2 = 0 pour T &gt; 0\u00b0C).[\/vc_column_text][vc_column_text css=\u00a0\u00bb.vc_custom_1512734737695{margin-bottom: 0px !important;}\u00a0\u00bb]Cette \u00e9quation a \u00e9t\u00e9 transform\u00e9e pour pouvoir \u00eatre utilis\u00e9e plus facilement avec les coefficients A, B et C donn\u00e9s par la norme DIN 43760 (IEC 751) et les fiches techniques des composants :[\/vc_column_text][mk_image src=\u00a0\u00bbhttps:\/\/legacy.rdccontrol.com\/wp-content\/uploads\/2014\/09\/tempurature-calculation-02-2.gif\u00a0\u00bb image_size=\u00a0\u00bbfull\u00a0\u00bb align=\u00a0\u00bbcenter\u00a0\u00bb margin_bottom=\u00a0\u00bb15&Prime;][vc_column_text align=\u00a0\u00bbcenter\u00a0\u00bb css=\u00a0\u00bb.vc_custom_1512734989711{margin-bottom: 0px !important;}\u00a0\u00bb]Avec les conversions suivantes:[\/vc_column_text][mk_image src=\u00a0\u00bbhttps:\/\/legacy.rdccontrol.com\/wp-content\/uploads\/2014\/09\/tempurature-calculation-03.gif\u00a0\u00bb image_size=\u00a0\u00bbfull\u00a0\u00bb align=\u00a0\u00bbcenter\u00a0\u00bb margin_bottom=\u00a0\u00bb40&Prime;][mk_table el_class=\u00a0\u00bbrdc-metal-table\u00a0\u00bb]\n<table border=\"1\" cellspacing=\"0\" cellpadding=\"4\">\n<thead>\n<tr>\n<th colspan=\"4\" align=\"center\"><b style=\"text-transform: none;\">Coefficients pour diff\u00e9rents \u03b1 (alpha)<\/b><\/th>\n<\/tr>\n<tr>\n<th align=\"center\"><b style=\"text-transform: none;\">Coefficient<\/b><\/th>\n<th align=\"center\"><b style=\"text-transform: none;\">Valeur<\/b><\/th>\n<th align=\"center\"><b style=\"text-transform: none;\">Valeur<\/b><\/th>\n<th align=\"center\"><b style=\"text-transform: none;\">Valeur<\/b><\/th>\n<\/tr>\n<\/thead>\n<tbody>\n<tr>\n<td align=\"center\">\u03b1<\/td>\n<td align=\"center\">0,003850<\/td>\n<td align=\"center\">0,003926<\/td>\n<td align=\"center\">0,003911<\/td>\n<\/tr>\n<tr>\n<td align=\"center\">\u03b4<\/td>\n<td align=\"center\">1,4999<\/td>\n<td align=\"center\"><\/td>\n<td align=\"center\"><\/td>\n<\/tr>\n<tr>\n<td align=\"center\">\u03b2<\/td>\n<td align=\"center\">0,10863<\/td>\n<td align=\"center\"><\/td>\n<td align=\"center\"><\/td>\n<\/tr>\n<tr>\n<td align=\"center\">A<\/td>\n<td align=\"center\">3,9083e<sup><small>-3<\/small><\/sup><\/td>\n<td align=\"center\">3,9848e<sup><small>-3<\/small><\/sup><\/td>\n<td align=\"center\">3,9692e<sup><small>-3<\/small><\/sup><\/td>\n<\/tr>\n<tr>\n<td align=\"center\">B<\/td>\n<td align=\"center\">-5,775e<sup><small>-7<\/small><\/sup><\/td>\n<td align=\"center\">-5,870e<sup><small>-7<\/small><\/sup><\/td>\n<td align=\"center\">-5,8495e<sup><small>-7<\/small><\/sup><\/td>\n<\/tr>\n<tr>\n<td align=\"center\">C<\/td>\n<td align=\"center\">-4,18301e<sup><small>-12<\/small><\/sup><\/td>\n<td align=\"center\">-4,000e<sup><small>-12<\/small><\/sup><\/td>\n<td align=\"center\">-4,2325e<sup><small>-12<\/small><\/sup><\/td>\n<\/tr>\n<\/tbody>\n<\/table>\n[\/mk_table][vc_column_text css=\u00a0\u00bb.vc_custom_1512735329192{margin-bottom: 0px !important;}\u00a0\u00bb]Ces trois valeurs \u03b1 repr\u00e9sentent les trois principales sp\u00e9cifications pour les RTD..<\/p>\n<ul>\n<li>0,003850 \u03a9\/\u03a9\/\u00b0C : Normalisation DIN 43760, IEC 751 et autres sp\u00e9cifications internationales, nomm\u00e9 Standard Europ\u00e9en.<\/li>\n<li>0,003926 \u03a9\/\u03a9\/\u00b0C : N\u00e9cessite un platine pur \u00e0 99,999% ou mieux, nomm\u00e9 Standard Am\u00e9ricain.<\/li>\n<li>0,3911 \u03a9\/\u03a9\/\u00b0C : Souvent nomm\u00e9 Standard Industriel U.S.<\/li>\n<\/ul>\n[\/vc_column_text][vc_column_text css=\u00a0\u00bb.vc_custom_1512735354456{margin-bottom: 0px !important;}\u00a0\u00bb]L\u2019\u00e9quation de Callendar-Van Dusen permet une bonne lin\u00e9arisation des RTD, \u00b1 0.01\u00b0C entre -100\u00b0c et +100\u00b0C mais l\u2019erreur augmente rapidement avec les hautes temp\u00e9ratures. De plus, cette \u00e9quation calcule la r\u00e9sistance en fonction de la temp\u00e9rature ; ce qui est l\u2019inverse des utilisations les plus courantes : temp\u00e9rature en fonction de la r\u00e9sistance.<\/p>\n<p>Pour convertir la valeur de r\u00e9sistance du RTD en temp\u00e9rature, on est oblig\u00e9 d\u2019utiliser une \u00e9quation quadratique du 2e degr\u00e9, qui est, en quelque sorte, la r\u00e9ciproque de l\u2019\u00e9quation Callendar-Van Dusen, mais uniquement pour les temp\u00e9ratures sup\u00e9rieures \u00e0 0\u00b0C.[\/vc_column_text][mk_image src=\u00a0\u00bbhttps:\/\/legacy.rdccontrol.com\/wp-content\/uploads\/2014\/09\/tempurature-calculation-04.gif\u00a0\u00bb image_size=\u00a0\u00bbfull\u00a0\u00bb align=\u00a0\u00bbcenter\u00a0\u00bb margin_bottom=\u00a0\u00bb40&Prime;][vc_column_text css=\u00a0\u00bb.vc_custom_1512735388384{margin-bottom: 0px !important;}\u00a0\u00bb]Pour les temp\u00e9ratures inf\u00e9rieures \u00e0 0\u00b0C, l\u2019\u00e9quation Callendar-Van Dusen est trop complexe \u00e0 r\u00e9soudre, aussi l\u2019emploi des approximations successives s\u2019impose[\/vc_column_text][mk_image src=\u00a0\u00bbhttps:\/\/legacy.rdccontrol.com\/wp-content\/uploads\/2014\/09\/tempurature-calculation-05.gif\u00a0\u00bb image_size=\u00a0\u00bbfull\u00a0\u00bb align=\u00a0\u00bbcenter\u00a0\u00bb margin_bottom=\u00a0\u00bb40&Prime;][vc_column_text css=\u00a0\u00bb.vc_custom_1512735421246{margin-bottom: 0px !important;}\u00a0\u00bb]La table suivante nous propose des valeurs calcul\u00e9es avec l\u2019\u00e9quation de Callendar-Van Dusen[\/vc_column_text][mk_table el_class=\u00a0\u00bbrdc-metal-table\u00a0\u00bb]\n<table border=\"1\" cellspacing=\"0\" cellpadding=\"4\">\n<thead>\n<tr>\n<th colspan=\"3\" align=\"center\"><b style=\"text-transform: none;\">Temp\u00e9ratures \u00e0 partir de la r\u00e9sistance<\/b><\/th>\n<\/tr>\n<tr>\n<th align=\"center\"><b style=\"text-transform: none;\">R\u00e9sistance (\u03a9)<\/b><\/th>\n<th align=\"center\"><b style=\"text-transform: none;\">\u00c9quation CVD (\u00b0C)<\/b><\/th>\n<th align=\"center\"><b style=\"text-transform: none;\">Erreur (%)<\/b><\/th>\n<\/tr>\n<\/thead>\n<tbody>\n<tr>\n<td align=\"center\">10.00<\/td>\n<td align=\"center\">-219.539<\/td>\n<td align=\"center\">0.056<\/td>\n<\/tr>\n<tr>\n<td align=\"center\">15.00<\/td>\n<td align=\"center\">-208.114<\/td>\n<td align=\"center\">0.073<\/td>\n<\/tr>\n<tr>\n<td align=\"center\">20.00<\/td>\n<td align=\"center\">-196.572<\/td>\n<td align=\"center\">0.032<\/td>\n<\/tr>\n<tr>\n<td align=\"center\">25.00<\/td>\n<td align=\"center\">-184.918<\/td>\n<td align=\"center\">0.024<\/td>\n<\/tr>\n<tr>\n<td align=\"center\">30.00<\/td>\n<td align=\"center\">-173.158<\/td>\n<td align=\"center\">0.023<\/td>\n<\/tr>\n<tr>\n<td align=\"center\">50.00<\/td>\n<td align=\"center\">-125.602<\/td>\n<td align=\"center\">0.383<\/td>\n<\/tr>\n<tr>\n<td align=\"center\">75.00<\/td>\n<td align=\"center\">-63.329<\/td>\n<td align=\"center\">-0.010<\/td>\n<\/tr>\n<tr>\n<td align=\"center\">100.00<\/td>\n<td align=\"center\">0.000<\/td>\n<td align=\"center\"><\/td>\n<\/tr>\n<tr>\n<td align=\"center\">102.00<\/td>\n<td align=\"center\">5.121<\/td>\n<td align=\"center\">-0.024<\/td>\n<\/tr>\n<tr>\n<td align=\"center\">103.00<\/td>\n<td align=\"center\">7.685<\/td>\n<td align=\"center\">-0.022<\/td>\n<\/tr>\n<tr>\n<td align=\"center\">107.79<\/td>\n<td align=\"center\">19.991<\/td>\n<td align=\"center\">-0.012<\/td>\n<\/tr>\n<tr>\n<td align=\"center\">115.54<\/td>\n<td align=\"center\">39.998<\/td>\n<td align=\"center\">-0.009<\/td>\n<\/tr>\n<tr>\n<td align=\"center\">120.00<\/td>\n<td align=\"center\">51.566<\/td>\n<td align=\"center\">-0.010<\/td>\n<\/tr>\n<tr>\n<td align=\"center\">123.24<\/td>\n<td align=\"center\">59.995<\/td>\n<td align=\"center\">-0.011<\/td>\n<\/tr>\n<tr>\n<td align=\"center\">130.90<\/td>\n<td align=\"center\">80.008<\/td>\n<td align=\"center\">-0.012<\/td>\n<\/tr>\n<tr>\n<td align=\"center\">150.00<\/td>\n<td align=\"center\">130.447<\/td>\n<td align=\"center\">-0.017<\/td>\n<\/tr>\n<tr>\n<td align=\"center\">175.00<\/td>\n<td align=\"center\">197.673<\/td>\n<td align=\"center\">-0.021<\/td>\n<\/tr>\n<tr>\n<td align=\"center\">200.00<\/td>\n<td align=\"center\">266.348<\/td>\n<td align=\"center\">-0.027<\/td>\n<\/tr>\n<tr>\n<td align=\"center\">210.00<\/td>\n<td align=\"center\">294.246<\/td>\n<td align=\"center\">-0.029<\/td>\n<\/tr>\n<tr>\n<td align=\"center\">220.00<\/td>\n<td align=\"center\">322.397<\/td>\n<td align=\"center\">-0.031<\/td>\n<\/tr>\n<tr>\n<td align=\"center\">250.00<\/td>\n<td align=\"center\">408.450<\/td>\n<td align=\"center\">-0.045<\/td>\n<\/tr>\n<tr>\n<td align=\"center\">275.00<\/td>\n<td align=\"center\">482.109<\/td>\n<td align=\"center\">-0.048<\/td>\n<\/tr>\n<tr>\n<td align=\"center\">300.00<\/td>\n<td align=\"center\">557.688<\/td>\n<td align=\"center\">-0.055<\/td>\n<\/tr>\n<tr>\n<td align=\"center\">310.00<\/td>\n<td align=\"center\">588.491<\/td>\n<td align=\"center\">-0.058<\/td>\n<\/tr>\n<tr>\n<td align=\"center\">399.00<\/td>\n<td align=\"center\">879.278<\/td>\n<td align=\"center\">-0.095<\/td>\n<\/tr>\n<\/tbody>\n<\/table>\n[\/mk_table][vc_column_text css=\u00a0\u00bb.vc_custom_1512735696422{margin-bottom: 0px !important;}\u00a0\u00bb]On peut voir que les \u00e9carts de l\u2019\u00e9quation CVD sont limit\u00e9s et situ\u00e9s aux environs de 0,05% et de 0,1% pour les hautes temp\u00e9ratures.[\/vc_column_text][\/vc_column][vc_column width=\u00a0\u00bb1\/4&Prime; el_class=\u00a0\u00bbleft-sidebar-column\u00a0\u00bb][mk_custom_sidebar sidebar=\u00a0\u00bbsidebar-18&Prime;][\/vc_column][\/mk_page_section]\n<\/div>","protected":false},"excerpt":{"rendered":"<p>[mk_page_section padding_top=\u00a0\u00bb50&Prime; padding_bottom=\u00a0\u00bb50&Prime; el_class=\u00a0\u00bbintro-thermo-section desktop-section\u00a0\u00bb sidebar=\u00a0\u00bbsidebar-1&Prime;][vc_column width=\u00a0\u00bb1\/4&Prime; el_class=\u00a0\u00bbleft-sidebar-column\u00a0\u00bb][mk_custom_sidebar sidebar=\u00a0\u00bbsidebar-18&Prime;][\/vc_column][vc_column width=\u00a0\u00bb3\/4&Prime; el_class=\u00a0\u00bbright-side-column\u00a0\u00bb][vc_row_inner][vc_column_inner el_class=\u00a0\u00bbnumber-icon-column\u00a0\u00bb width=\u00a0\u00bb1\/12&Prime;][mk_image src=\u00a0\u00bbhttps:\/\/legacy.rdccontrol.com\/wp-content\/uploads\/2017\/12\/7.png\u00a0\u00bb image_size=\u00a0\u00bbfull\u00a0\u00bb][\/vc_column_inner][vc_column_inner el_class=\u00a0\u00bbnumber-icon-title-column\u00a0\u00bb width=\u00a0\u00bb5\/6&Prime;][vc_column_text css=\u00a0\u00bb.vc_custom_1513426690017{margin-bottom: 0px !important;}\u00a0\u00bb] Calcul de la temp\u00e9rature [\/vc_column_text][\/vc_column_inner][\/vc_row_inner][mk_fancy_title color=\u00a0\u00bb#78776d\u00a0\u00bb size=\u00a0\u00bb28&Prime; font_weight=\u00a0\u00bb600&Prime; txt_transform=\u00a0\u00bbnone\u00a0\u00bb margin_bottom=\u00a0\u00bb0&Prime; font_family=\u00a0\u00bbnone\u00a0\u00bb]\u00c9quation de Callendar-Van Dusen (CVD)[\/mk_fancy_title][vc_column_text css=\u00a0\u00bb.vc_custom_1512734648238{margin-bottom: 0px !important;}\u00a0\u00bb]La relation entre la temp\u00e9rature et la valeur ohmique des RTD a \u00e9t\u00e9 calcul\u00e9e par Callendar puis, plus [&hellip;]<\/p>\n","protected":false},"author":1,"featured_media":0,"parent":599,"menu_order":45,"comment_status":"closed","ping_status":"closed","template":"","meta":{"footnotes":""},"class_list":["post-813","page","type-page","status-publish","hentry"],"_links":{"self":[{"href":"https:\/\/legacy.rdccontrol.com\/fr\/wp-json\/wp\/v2\/pages\/813","targetHints":{"allow":["GET"]}}],"collection":[{"href":"https:\/\/legacy.rdccontrol.com\/fr\/wp-json\/wp\/v2\/pages"}],"about":[{"href":"https:\/\/legacy.rdccontrol.com\/fr\/wp-json\/wp\/v2\/types\/page"}],"author":[{"embeddable":true,"href":"https:\/\/legacy.rdccontrol.com\/fr\/wp-json\/wp\/v2\/users\/1"}],"replies":[{"embeddable":true,"href":"https:\/\/legacy.rdccontrol.com\/fr\/wp-json\/wp\/v2\/comments?post=813"}],"version-history":[{"count":23,"href":"https:\/\/legacy.rdccontrol.com\/fr\/wp-json\/wp\/v2\/pages\/813\/revisions"}],"predecessor-version":[{"id":3744,"href":"https:\/\/legacy.rdccontrol.com\/fr\/wp-json\/wp\/v2\/pages\/813\/revisions\/3744"}],"up":[{"embeddable":true,"href":"https:\/\/legacy.rdccontrol.com\/fr\/wp-json\/wp\/v2\/pages\/599"}],"wp:attachment":[{"href":"https:\/\/legacy.rdccontrol.com\/fr\/wp-json\/wp\/v2\/media?parent=813"}],"curies":[{"name":"wp","href":"https:\/\/api.w.org\/{rel}","templated":true}]}}