{"id":810,"date":"2014-10-11T14:41:07","date_gmt":"2014-10-11T18:41:07","guid":{"rendered":"http:\/\/rdcc.cashin.ca\/?page_id=810"},"modified":"2017-12-16T07:04:43","modified_gmt":"2017-12-16T12:04:43","slug":"temps-reponse","status":"publish","type":"page","link":"https:\/\/legacy.rdccontrol.com\/fr\/thermocouple\/rtd-101\/temps-reponse\/","title":{"rendered":"Temps de r\u00e9ponse"},"content":{"rendered":"<div class=\"wpb-content-wrapper\">[mk_page_section padding_top=\u00a0\u00bb50&Prime; padding_bottom=\u00a0\u00bb50&Prime; el_class=\u00a0\u00bbintro-thermo-section desktop-section\u00a0\u00bb sidebar=\u00a0\u00bbsidebar-1&Prime;][vc_column width=\u00a0\u00bb1\/4&Prime; el_class=\u00a0\u00bbleft-sidebar-column\u00a0\u00bb][mk_custom_sidebar sidebar=\u00a0\u00bbsidebar-18&Prime;][\/vc_column][vc_column width=\u00a0\u00bb3\/4&Prime; el_class=\u00a0\u00bbright-side-column\u00a0\u00bb][vc_row_inner][vc_column_inner el_class=\u00a0\u00bbnumber-icon-column\u00a0\u00bb width=\u00a0\u00bb1\/12&Prime;][mk_image src=\u00a0\u00bbhttps:\/\/legacy.rdccontrol.com\/wp-content\/uploads\/2017\/12\/6.png\u00a0\u00bb image_size=\u00a0\u00bbfull\u00a0\u00bb][\/vc_column_inner][vc_column_inner el_class=\u00a0\u00bbnumber-icon-title-column\u00a0\u00bb width=\u00a0\u00bb5\/6&Prime;][vc_column_text css=\u00a0\u00bb.vc_custom_1513425845331{margin-bottom: 0px !important;}\u00a0\u00bb]\n<h2 class=\"icon-h2\">Temps de r\u00e9ponse<\/h2>\n<div class=\"ctm-space\"><\/div>\n[\/vc_column_text][\/vc_column_inner][\/vc_row_inner][vc_column_text css=\u00a0\u00bb.vc_custom_1513425836115{margin-bottom: 0px !important;}\u00a0\u00bb]Une constante de temps indique la r\u00e9ponse d\u2019un RTD au changement de temp\u00e9rature. Une expression commune est le temps que met une sonde pour refl\u00e9ter 63,2% d\u2019un \u00e9chelon de temp\u00e9rature d\u2019eau en mouvement. Le temps de r\u00e9ponse d\u00e9pend de la masse de la sonde et du taux des transferts thermiques entre la surface externe de l\u2019\u00e9l\u00e9ment et le milieu dans lequel elle est plong\u00e9e. Une petite constante de temps r\u00e9duit les erreurs dans un syst\u00e8me sujet aux changements rapides de temp\u00e9rature.[\/vc_column_text][\/vc_column][\/mk_page_section][mk_page_section padding_top=\u00a0\u00bb50&Prime; padding_bottom=\u00a0\u00bb50&Prime; el_class=\u00a0\u00bbintro-thermo-section mobile-section\u00a0\u00bb sidebar=\u00a0\u00bbsidebar-1&Prime;][vc_column width=\u00a0\u00bb3\/4&Prime; el_class=\u00a0\u00bbright-side-column\u00a0\u00bb][vc_row_inner][vc_column_inner el_class=\u00a0\u00bbnumber-icon-column\u00a0\u00bb width=\u00a0\u00bb1\/12&Prime;][mk_image src=\u00a0\u00bbhttps:\/\/legacy.rdccontrol.com\/wp-content\/uploads\/2017\/12\/6.png\u00a0\u00bb image_size=\u00a0\u00bbfull\u00a0\u00bb][\/vc_column_inner][vc_column_inner el_class=\u00a0\u00bbnumber-icon-title-column\u00a0\u00bb width=\u00a0\u00bb5\/6&Prime;][vc_column_text css=\u00a0\u00bb.vc_custom_1513425845331{margin-bottom: 0px !important;}\u00a0\u00bb]\n<h2 class=\"icon-h2\">Temps de r\u00e9ponse<\/h2>\n<div class=\"ctm-space\"><\/div>\n[\/vc_column_text][\/vc_column_inner][\/vc_row_inner][vc_column_text css=\u00a0\u00bb.vc_custom_1513425836115{margin-bottom: 0px !important;}\u00a0\u00bb]Une constante de temps indique la r\u00e9ponse d\u2019un RTD au changement de temp\u00e9rature. Une expression commune est le temps que met une sonde pour refl\u00e9ter 63,2% d\u2019un \u00e9chelon de temp\u00e9rature d\u2019eau en mouvement. Le temps de r\u00e9ponse d\u00e9pend de la masse de la sonde et du taux des transferts thermiques entre la surface externe de l\u2019\u00e9l\u00e9ment et le milieu dans lequel elle est plong\u00e9e. Une petite constante de temps r\u00e9duit les erreurs dans un syst\u00e8me sujet aux changements rapides de temp\u00e9rature.[\/vc_column_text][\/vc_column][vc_column width=\u00a0\u00bb1\/4&Prime; el_class=\u00a0\u00bbleft-sidebar-column\u00a0\u00bb][mk_custom_sidebar sidebar=\u00a0\u00bbsidebar-18&Prime;][\/vc_column][\/mk_page_section]\n<\/div>","protected":false},"excerpt":{"rendered":"<p>[mk_page_section padding_top=\u00a0\u00bb50&Prime; padding_bottom=\u00a0\u00bb50&Prime; el_class=\u00a0\u00bbintro-thermo-section desktop-section\u00a0\u00bb sidebar=\u00a0\u00bbsidebar-1&Prime;][vc_column width=\u00a0\u00bb1\/4&Prime; el_class=\u00a0\u00bbleft-sidebar-column\u00a0\u00bb][mk_custom_sidebar sidebar=\u00a0\u00bbsidebar-18&Prime;][\/vc_column][vc_column width=\u00a0\u00bb3\/4&Prime; el_class=\u00a0\u00bbright-side-column\u00a0\u00bb][vc_row_inner][vc_column_inner el_class=\u00a0\u00bbnumber-icon-column\u00a0\u00bb width=\u00a0\u00bb1\/12&Prime;][mk_image src=\u00a0\u00bbhttps:\/\/legacy.rdccontrol.com\/wp-content\/uploads\/2017\/12\/6.png\u00a0\u00bb image_size=\u00a0\u00bbfull\u00a0\u00bb][\/vc_column_inner][vc_column_inner el_class=\u00a0\u00bbnumber-icon-title-column\u00a0\u00bb width=\u00a0\u00bb5\/6&Prime;][vc_column_text css=\u00a0\u00bb.vc_custom_1513425845331{margin-bottom: 0px !important;}\u00a0\u00bb] Temps de r\u00e9ponse [\/vc_column_text][\/vc_column_inner][\/vc_row_inner][vc_column_text css=\u00a0\u00bb.vc_custom_1513425836115{margin-bottom: 0px !important;}\u00a0\u00bb]Une constante de temps indique la r\u00e9ponse d\u2019un RTD au changement de temp\u00e9rature. Une expression commune est le temps que met une sonde pour refl\u00e9ter 63,2% d\u2019un \u00e9chelon de [&hellip;]<\/p>\n","protected":false},"author":1,"featured_media":0,"parent":599,"menu_order":44,"comment_status":"closed","ping_status":"closed","template":"","meta":{"footnotes":""},"class_list":["post-810","page","type-page","status-publish","hentry"],"_links":{"self":[{"href":"https:\/\/legacy.rdccontrol.com\/fr\/wp-json\/wp\/v2\/pages\/810","targetHints":{"allow":["GET"]}}],"collection":[{"href":"https:\/\/legacy.rdccontrol.com\/fr\/wp-json\/wp\/v2\/pages"}],"about":[{"href":"https:\/\/legacy.rdccontrol.com\/fr\/wp-json\/wp\/v2\/types\/page"}],"author":[{"embeddable":true,"href":"https:\/\/legacy.rdccontrol.com\/fr\/wp-json\/wp\/v2\/users\/1"}],"replies":[{"embeddable":true,"href":"https:\/\/legacy.rdccontrol.com\/fr\/wp-json\/wp\/v2\/comments?post=810"}],"version-history":[{"count":10,"href":"https:\/\/legacy.rdccontrol.com\/fr\/wp-json\/wp\/v2\/pages\/810\/revisions"}],"predecessor-version":[{"id":3315,"href":"https:\/\/legacy.rdccontrol.com\/fr\/wp-json\/wp\/v2\/pages\/810\/revisions\/3315"}],"up":[{"embeddable":true,"href":"https:\/\/legacy.rdccontrol.com\/fr\/wp-json\/wp\/v2\/pages\/599"}],"wp:attachment":[{"href":"https:\/\/legacy.rdccontrol.com\/fr\/wp-json\/wp\/v2\/media?parent=810"}],"curies":[{"name":"wp","href":"https:\/\/api.w.org\/{rel}","templated":true}]}}