{"id":806,"date":"2014-10-11T14:38:16","date_gmt":"2014-10-11T18:38:16","guid":{"rendered":"http:\/\/rdcc.cashin.ca\/?page_id=806"},"modified":"2017-12-16T06:52:19","modified_gmt":"2017-12-16T11:52:19","slug":"auto-chauffage","status":"publish","type":"page","link":"https:\/\/legacy.rdccontrol.com\/fr\/thermocouple\/rtd-101\/auto-chauffage\/","title":{"rendered":"Auto chauffage"},"content":{"rendered":"<div class=\"wpb-content-wrapper\">[mk_page_section padding_top=\u00a0\u00bb50&Prime; padding_bottom=\u00a0\u00bb50&Prime; el_class=\u00a0\u00bbintro-thermo-section desktop-section\u00a0\u00bb sidebar=\u00a0\u00bbsidebar-1&Prime;][vc_column width=\u00a0\u00bb1\/4&Prime; el_class=\u00a0\u00bbleft-sidebar-column\u00a0\u00bb][mk_custom_sidebar sidebar=\u00a0\u00bbsidebar-18&Prime;][\/vc_column][vc_column width=\u00a0\u00bb3\/4&Prime; el_class=\u00a0\u00bbright-side-column\u00a0\u00bb][vc_row_inner][vc_column_inner el_class=\u00a0\u00bbnumber-icon-column\u00a0\u00bb width=\u00a0\u00bb1\/12&Prime;][mk_image src=\u00a0\u00bbhttps:\/\/legacy.rdccontrol.com\/wp-content\/uploads\/2017\/12\/5.png\u00a0\u00bb image_size=\u00a0\u00bbfull\u00a0\u00bb][\/vc_column_inner][vc_column_inner el_class=\u00a0\u00bbnumber-icon-title-column\u00a0\u00bb width=\u00a0\u00bb5\/6&Prime;][vc_column_text css=\u00a0\u00bb.vc_custom_1513425097562{margin-bottom: 0px !important;}\u00a0\u00bb]\n<h2 class=\"icon-h2\">Auto chauffage<\/h2>\n<div class=\"ctm-space\"><\/div>\n[\/vc_column_text][\/vc_column_inner][\/vc_row_inner][vc_column_text css=\u00a0\u00bb.vc_custom_1513425089390{margin-bottom: 0px !important;}\u00a0\u00bb]Un RTD est une sonde passive, il n\u00e9cessite le passage d\u2019un courant de mesure pour produire un signal utile. Ce courant de mesure chauffe l\u2019\u00e9l\u00e9ment et \u00e9l\u00e8ve sa temp\u00e9rature. Des erreurs en r\u00e9sulteront \u00e0 moins que la chaleur suppl\u00e9mentaire ne soit absorb\u00e9e.<\/p>\n<p>L\u2019auto chauffage est exprim\u00e9 en mW\/\u00b0C, qui est la puissance en milliwatts (1000.RI2) qui \u00e9l\u00e8ve la temp\u00e9rature interne de la sonde de 1\u00b0C. Plus le nombre de mW\/\u00b0C est \u00e9lev\u00e9, moins le ph\u00e9nom\u00e8ne est important. Comme exemple, supposons un courant de mesure de 5 mA \u00e0 travers des sonde Pt100 dans une ambiance \u00e0 100\u00b0C. La quantit\u00e9 de la chaleur produite est :[\/vc_column_text][vc_column_text css=\u00a0\u00bb.vc_custom_1512734272439{margin-bottom: 0px !important;}\u00a0\u00bb]1000 mW * (0,005 A)2 * (138,5\u03a9) = 3,5 mW ; l\u2019erreur d\u2019auto chauffage est : (3,5 mW)\/(50 mW\/\u00b0C) = 0.07\u00b0C.<\/p>\n<p>Les moyens de mesure modernes utilisent des courants de mesure tr\u00e8s faibles, de l\u2019ordre de 100\u00b5A et m\u00eame moins. Ce qui, dans le cas pr\u00e9c\u00e9dent, donnerait une erreur d\u2019\u00e9l\u00e9vation de temp\u00e9rature de seulement (0.00138 mW)\/(50 mW\/\u00b0C) = 0,000027\u00b0C, ce qui est n\u00e9gligeable.<\/p>\n<p>L\u2019erreur r\u00e9sultante est inversement proportionnelle \u00e0 la capacit\u00e9 de la sonde d\u2019\u00e9vacuer la chaleur suppl\u00e9mentaire; ce qui d\u00e9pend des mat\u00e9riaux, de la construction, et de l\u2019environnement de celle-ci. Le plus mauvais cas se produit quand une r\u00e9sistance de valeur \u00e9lev\u00e9e est dans un petit corps. Les RTD film, avec peu de superficie pour absorber la chaleur, en sont un exemple. L\u2019auto chauffage d\u00e9pend \u00e9galement du milieu dans lequel la sonde est immerg\u00e9e. L\u2019erreur dans l\u2019air immobile peut \u00eatre 100 fois plus grande que dans l\u2019eau en mouvement.[\/vc_column_text][\/vc_column][\/mk_page_section][mk_page_section padding_top=\u00a0\u00bb50&Prime; padding_bottom=\u00a0\u00bb50&Prime; el_class=\u00a0\u00bbintro-thermo-section mobile-section\u00a0\u00bb sidebar=\u00a0\u00bbsidebar-1&Prime;][vc_column width=\u00a0\u00bb3\/4&Prime; el_class=\u00a0\u00bbright-side-column\u00a0\u00bb][vc_row_inner][vc_column_inner el_class=\u00a0\u00bbnumber-icon-column\u00a0\u00bb width=\u00a0\u00bb1\/12&Prime;][mk_image src=\u00a0\u00bbhttps:\/\/legacy.rdccontrol.com\/wp-content\/uploads\/2017\/12\/5.png\u00a0\u00bb image_size=\u00a0\u00bbfull\u00a0\u00bb][\/vc_column_inner][vc_column_inner el_class=\u00a0\u00bbnumber-icon-title-column\u00a0\u00bb width=\u00a0\u00bb5\/6&Prime;][vc_column_text css=\u00a0\u00bb.vc_custom_1513425097562{margin-bottom: 0px !important;}\u00a0\u00bb]\n<h2 class=\"icon-h2\">Auto chauffage<\/h2>\n<div class=\"ctm-space\"><\/div>\n[\/vc_column_text][\/vc_column_inner][\/vc_row_inner][vc_column_text css=\u00a0\u00bb.vc_custom_1513425089390{margin-bottom: 0px !important;}\u00a0\u00bb]Un RTD est une sonde passive, il n\u00e9cessite le passage d\u2019un courant de mesure pour produire un signal utile. Ce courant de mesure chauffe l\u2019\u00e9l\u00e9ment et \u00e9l\u00e8ve sa temp\u00e9rature. Des erreurs en r\u00e9sulteront \u00e0 moins que la chaleur suppl\u00e9mentaire ne soit absorb\u00e9e.<\/p>\n<p>L\u2019auto chauffage est exprim\u00e9 en mW\/\u00b0C, qui est la puissance en milliwatts (1000.RI2) qui \u00e9l\u00e8ve la temp\u00e9rature interne de la sonde de 1\u00b0C. Plus le nombre de mW\/\u00b0C est \u00e9lev\u00e9, moins le ph\u00e9nom\u00e8ne est important. Comme exemple, supposons un courant de mesure de 5 mA \u00e0 travers des sonde Pt100 dans une ambiance \u00e0 100\u00b0C. La quantit\u00e9 de la chaleur produite est :[\/vc_column_text][vc_column_text css=\u00a0\u00bb.vc_custom_1512734272439{margin-bottom: 0px !important;}\u00a0\u00bb]1000 mW * (0,005 A)2 * (138,5\u03a9) = 3,5 mW ; l\u2019erreur d\u2019auto chauffage est : (3,5 mW)\/(50 mW\/\u00b0C) = 0.07\u00b0C.<\/p>\n<p>Les moyens de mesure modernes utilisent des courants de mesure tr\u00e8s faibles, de l\u2019ordre de 100\u00b5A et m\u00eame moins. Ce qui, dans le cas pr\u00e9c\u00e9dent, donnerait une erreur d\u2019\u00e9l\u00e9vation de temp\u00e9rature de seulement (0.00138 mW)\/(50 mW\/\u00b0C) = 0,000027\u00b0C, ce qui est n\u00e9gligeable.<\/p>\n<p>L\u2019erreur r\u00e9sultante est inversement proportionnelle \u00e0 la capacit\u00e9 de la sonde d\u2019\u00e9vacuer la chaleur suppl\u00e9mentaire; ce qui d\u00e9pend des mat\u00e9riaux, de la construction, et de l\u2019environnement de celle-ci. Le plus mauvais cas se produit quand une r\u00e9sistance de valeur \u00e9lev\u00e9e est dans un petit corps. Les RTD film, avec peu de superficie pour absorber la chaleur, en sont un exemple. L\u2019auto chauffage d\u00e9pend \u00e9galement du milieu dans lequel la sonde est immerg\u00e9e. L\u2019erreur dans l\u2019air immobile peut \u00eatre 100 fois plus grande que dans l\u2019eau en mouvement.[\/vc_column_text][\/vc_column][vc_column width=\u00a0\u00bb1\/4&Prime; el_class=\u00a0\u00bbleft-sidebar-column\u00a0\u00bb][mk_custom_sidebar sidebar=\u00a0\u00bbsidebar-18&Prime;][\/vc_column][\/mk_page_section]\n<\/div>","protected":false},"excerpt":{"rendered":"<p>[mk_page_section padding_top=\u00a0\u00bb50&Prime; padding_bottom=\u00a0\u00bb50&Prime; el_class=\u00a0\u00bbintro-thermo-section desktop-section\u00a0\u00bb sidebar=\u00a0\u00bbsidebar-1&Prime;][vc_column width=\u00a0\u00bb1\/4&Prime; el_class=\u00a0\u00bbleft-sidebar-column\u00a0\u00bb][mk_custom_sidebar sidebar=\u00a0\u00bbsidebar-18&Prime;][\/vc_column][vc_column width=\u00a0\u00bb3\/4&Prime; el_class=\u00a0\u00bbright-side-column\u00a0\u00bb][vc_row_inner][vc_column_inner el_class=\u00a0\u00bbnumber-icon-column\u00a0\u00bb width=\u00a0\u00bb1\/12&Prime;][mk_image src=\u00a0\u00bbhttps:\/\/legacy.rdccontrol.com\/wp-content\/uploads\/2017\/12\/5.png\u00a0\u00bb image_size=\u00a0\u00bbfull\u00a0\u00bb][\/vc_column_inner][vc_column_inner el_class=\u00a0\u00bbnumber-icon-title-column\u00a0\u00bb width=\u00a0\u00bb5\/6&Prime;][vc_column_text css=\u00a0\u00bb.vc_custom_1513425097562{margin-bottom: 0px !important;}\u00a0\u00bb] Auto chauffage [\/vc_column_text][\/vc_column_inner][\/vc_row_inner][vc_column_text css=\u00a0\u00bb.vc_custom_1513425089390{margin-bottom: 0px !important;}\u00a0\u00bb]Un RTD est une sonde passive, il n\u00e9cessite le passage d\u2019un courant de mesure pour produire un signal utile. Ce courant de mesure chauffe l\u2019\u00e9l\u00e9ment et \u00e9l\u00e8ve sa temp\u00e9rature. Des [&hellip;]<\/p>\n","protected":false},"author":1,"featured_media":0,"parent":599,"menu_order":43,"comment_status":"closed","ping_status":"closed","template":"","meta":{"footnotes":""},"class_list":["post-806","page","type-page","status-publish","hentry"],"_links":{"self":[{"href":"https:\/\/legacy.rdccontrol.com\/fr\/wp-json\/wp\/v2\/pages\/806","targetHints":{"allow":["GET"]}}],"collection":[{"href":"https:\/\/legacy.rdccontrol.com\/fr\/wp-json\/wp\/v2\/pages"}],"about":[{"href":"https:\/\/legacy.rdccontrol.com\/fr\/wp-json\/wp\/v2\/types\/page"}],"author":[{"embeddable":true,"href":"https:\/\/legacy.rdccontrol.com\/fr\/wp-json\/wp\/v2\/users\/1"}],"replies":[{"embeddable":true,"href":"https:\/\/legacy.rdccontrol.com\/fr\/wp-json\/wp\/v2\/comments?post=806"}],"version-history":[{"count":12,"href":"https:\/\/legacy.rdccontrol.com\/fr\/wp-json\/wp\/v2\/pages\/806\/revisions"}],"predecessor-version":[{"id":3312,"href":"https:\/\/legacy.rdccontrol.com\/fr\/wp-json\/wp\/v2\/pages\/806\/revisions\/3312"}],"up":[{"embeddable":true,"href":"https:\/\/legacy.rdccontrol.com\/fr\/wp-json\/wp\/v2\/pages\/599"}],"wp:attachment":[{"href":"https:\/\/legacy.rdccontrol.com\/fr\/wp-json\/wp\/v2\/media?parent=806"}],"curies":[{"name":"wp","href":"https:\/\/api.w.org\/{rel}","templated":true}]}}