{"id":796,"date":"2014-10-11T14:07:46","date_gmt":"2014-10-11T18:07:46","guid":{"rendered":"http:\/\/rdcc.cashin.ca\/?page_id=796"},"modified":"2026-01-29T10:24:38","modified_gmt":"2026-01-29T15:24:38","slug":"mesure-resistance","status":"publish","type":"page","link":"https:\/\/legacy.rdccontrol.com\/fr\/thermocouple\/rtd-101\/mesure-resistance\/","title":{"rendered":"Mesure de la r\u00e9sistance"},"content":{"rendered":"<div class=\"wpb-content-wrapper\">[mk_page_section padding_top=\u00a0\u00bb50&Prime; padding_bottom=\u00a0\u00bb50&Prime; el_class=\u00a0\u00bbintro-thermo-section desktop-section\u00a0\u00bb sidebar=\u00a0\u00bbsidebar-1&Prime;][vc_column width=\u00a0\u00bb1\/4&Prime; el_class=\u00a0\u00bbleft-sidebar-column\u00a0\u00bb][mk_custom_sidebar sidebar=\u00a0\u00bbsidebar-18&Prime;][\/vc_column][vc_column width=\u00a0\u00bb3\/4&Prime; el_class=\u00a0\u00bbright-side-column\u00a0\u00bb][vc_row_inner][vc_column_inner el_class=\u00a0\u00bbnumber-icon-column\u00a0\u00bb width=\u00a0\u00bb1\/12&Prime;][mk_image src=\u00a0\u00bbhttps:\/\/legacy.rdccontrol.com\/wp-content\/uploads\/2017\/12\/3.png\u00a0\u00bb image_size=\u00a0\u00bbfull\u00a0\u00bb][\/vc_column_inner][vc_column_inner el_class=\u00a0\u00bbnumber-icon-title-column\u00a0\u00bb width=\u00a0\u00bb5\/6&Prime;][vc_column_text css=\u00a0\u00bb.vc_custom_1513422645649{margin-bottom: 0px !important;}\u00a0\u00bb]\n<h2 class=\"icon-h2\">Mesure de la r\u00e9sistance<\/h2>\n<div class=\"ctm-space\"><\/div>\n[\/vc_column_text][\/vc_column_inner][\/vc_row_inner][vc_column_text css=\u00a0\u00bb.vc_custom_1513422635453{margin-bottom: 0px !important;}\u00a0\u00bb]<img loading=\"lazy\" decoding=\"async\" class=\"alignright size-full wp-image-194\" src=\"https:\/\/legacy.rdccontrol.com\/wp-content\/uploads\/2014\/10\/fr_figure_05.gif\" alt=\"\" width=\"250\" height=\"128\" \/><br \/>\nLa pente et la valeur absolue sont de petits nombres, particuli\u00e8rement quand nous consid\u00e9rons le fait que les fils de mesure reli\u00e9s \u00e0 la sonde peuvent \u00eatre de plusieurs ohms ou m\u00eame dizaines d\u2019ohms. Une petite imp\u00e9dance de fil peut contribuer \u00e0 une erreur significative de notre mesure de la temp\u00e9rature (figure 5). Une imp\u00e9dance de fil de 10 ohms implique une erreur de 10\/0,385 soit environ 26\u00b0C dans ce cas[\/vc_column_text][vc_row_inner][vc_column_inner width=\u00a0\u00bb1\/3&Prime;][mk_fancy_title tag_name=\u00a0\u00bbh3&Prime; color=\u00a0\u00bb#78786d\u00a0\u00bb size=\u00a0\u00bb28&Prime; font_weight=\u00a0\u00bb600&Prime; txt_transform=\u00a0\u00bbnone\u00a0\u00bb margin_bottom=\u00a0\u00bb0&Prime; font_family=\u00a0\u00bbnone\u00a0\u00bb]Pont de Wheatstone[\/mk_fancy_title][mk_image src=\u00a0\u00bbhttps:\/\/legacy.rdccontrol.com\/wp-content\/uploads\/2014\/10\/fr_figure_06.gif\u00a0\u00bb image_size=\u00a0\u00bbfull\u00a0\u00bb][\/vc_column_inner][vc_column_inner width=\u00a0\u00bb2\/3&Prime;][mk_padding_divider size=\u00a0\u00bb50&Prime;][vc_column_text css=\u00a0\u00bb.vc_custom_1512987992470{margin-bottom: 0px !important;}\u00a0\u00bb]Une des m\u00e9thodes pour \u00e9viter ce probl\u00e8me est l\u2019utilisation d\u2019un moyen de mesure en pont (figure 6).<br \/>\nLa mesure par un pont, ici un pont de Wheatstone, est une indication indirecte de la r\u00e9sistance du RTD. Le pont n\u00e9cessite quatre fils de raccordement, une source ext\u00e9rieure et trois r\u00e9sistances qui ont un coefficient de temp\u00e9rature nul.[\/vc_column_text][\/vc_column_inner][\/vc_row_inner][vc_row_inner][vc_column_inner][mk_fancy_title tag_name=\u00a0\u00bbh3&Prime; color=\u00a0\u00bb#78786d\u00a0\u00bb size=\u00a0\u00bb28&Prime; font_weight=\u00a0\u00bb600&Prime; txt_transform=\u00a0\u00bbnone\u00a0\u00bb margin_top=\u00a0\u00bb40&Prime; margin_bottom=\u00a0\u00bb0&Prime; font_family=\u00a0\u00bbnone\u00a0\u00bb]Pont \u00e0 trois fils[\/mk_fancy_title][vc_column_text css=\u00a0\u00bb.vc_custom_1512988011710{margin-bottom: 0px !important;}\u00a0\u00bb]Pour \u00e9viter de soumettre les trois r\u00e9sistances du pont \u00e0 la m\u00eame temp\u00e9rature que le RTD, on s\u00e9pare celle-ci du pont par une paire de fils de liaison (figure 7). [\/vc_column_text][mk_image src=\u00a0\u00bbhttps:\/\/legacy.rdccontrol.com\/wp-content\/uploads\/2014\/10\/fr_figure_07.gif\u00a0\u00bb image_size=\u00a0\u00bbfull\u00a0\u00bb][vc_column_text css=\u00a0\u00bb.vc_custom_1512988036214{margin-bottom: 0px !important;}\u00a0\u00bb]Ces fils recr\u00e9ent le probl\u00e8me que nous avons eu pr\u00e9c\u00e9demment : L\u2019imp\u00e9dance des fils de liaison affecte la lecture de la temp\u00e9rature. Cet effet peut \u00eatre r\u00e9duit au minimum en employant une configuration de pont \u00e0 trois fils (figure 8). Si les fils A et B sont de la m\u00eame longueur, leurs effets d\u2019imp\u00e9dance s\u2019annuleront parce que chacun est dans une partie oppos\u00e9e du pont. Le troisi\u00e8me fil, C, agit comme mesure dans lequel il ne circule aucun courant.[\/vc_column_text][mk_image src=\u00a0\u00bbhttps:\/\/legacy.rdccontrol.com\/wp-content\/uploads\/2014\/10\/fr_figure_08.gif\u00a0\u00bb image_size=\u00a0\u00bbfull\u00a0\u00bb][vc_column_text css=\u00a0\u00bb.vc_custom_1512988075798{margin-bottom: 0px !important;}\u00a0\u00bb]Le pont de Wheatstone repr\u00e9sent\u00e9 \u00e0 la (figure 8) cr\u00e9e un rapport non lin\u00e9aire entre le changement de r\u00e9sistance et le changement de tension de mesure du pont. Ceci n\u00e9cessite une \u00e9quation additionnelle pour convertir la tension de mesure du pont en imp\u00e9dance \u00e9quivalente du RTD. [\/vc_column_text][\/vc_column_inner][\/vc_row_inner][vc_row_inner][vc_column_inner][mk_fancy_title tag_name=\u00a0\u00bbh3&Prime; color=\u00a0\u00bb#78786d\u00a0\u00bb size=\u00a0\u00bb28&Prime; font_weight=\u00a0\u00bb600&Prime; txt_transform=\u00a0\u00bbnone\u00a0\u00bb margin_top=\u00a0\u00bb40&Prime; margin_bottom=\u00a0\u00bb0&Prime; font_family=\u00a0\u00bbnone\u00a0\u00bb]Mesure \u00e0 quatre fils[\/mk_fancy_title][mk_image src=\u00a0\u00bbhttps:\/\/legacy.rdccontrol.com\/wp-content\/uploads\/2014\/10\/fr_figure_09.gif\u00a0\u00bb image_size=\u00a0\u00bbfull\u00a0\u00bb][vc_column_text css=\u00a0\u00bb.vc_custom_1512988143847{margin-bottom: 0px !important;}\u00a0\u00bb]La meilleure technique est d\u2019utiliser une source de courant connu et de mesurer, \u00e0 distance, la tension aux bornes du RTD. Comme aucun courant ne circule dans les fils de mesure de tension, il n\u2019y a aucune chute de tension donc, aucune erreur de mesure de r\u00e9sistance. La tension lue sur le voltm\u00e8tre est directement proportionnelle \u00e0 la valeur de la r\u00e9sistance du RTD.<\/p>\n<p>Les trois r\u00e9sistances du pont sont remplac\u00e9es par une r\u00e9sistance de r\u00e9f\u00e9rence permettant de conna\u00eetre avec pr\u00e9cision le courant g\u00e9n\u00e9r\u00e9 (figure 9). L\u2019inconv\u00e9nient est de n\u00e9cessiter un fil de plus que le pont \u00e0 3 fils. C\u2019est un petit prix \u00e0 payer pour obtenir avec exactitude la mesure de la r\u00e9sistance.<\/p>\n<p>Bien qu\u2019\u00e9tant d\u2019une excellente pr\u00e9cision, la mesure de r\u00e9sistance \u00e0 4 fils, comme toute mesure, sera toujours affect\u00e9e d\u2019erreurs et le r\u00e9sultat sera entach\u00e9 d\u2019incertitudes qu\u2019il faudra minimiser en prenant toutes les pr\u00e9cautions n\u00e9cessaires.[\/vc_column_text][\/vc_column_inner][\/vc_row_inner][\/vc_column][\/mk_page_section][mk_page_section padding_top=\u00a0\u00bb50&Prime; padding_bottom=\u00a0\u00bb50&Prime; el_class=\u00a0\u00bbintro-thermo-section mobile-section\u00a0\u00bb sidebar=\u00a0\u00bbsidebar-1&Prime;][vc_column width=\u00a0\u00bb3\/4&Prime; el_class=\u00a0\u00bbright-side-column\u00a0\u00bb][vc_row_inner][vc_column_inner el_class=\u00a0\u00bbnumber-icon-column\u00a0\u00bb width=\u00a0\u00bb1\/12&Prime;][mk_image src=\u00a0\u00bbhttps:\/\/legacy.rdccontrol.com\/wp-content\/uploads\/2017\/12\/3.png\u00a0\u00bb image_size=\u00a0\u00bbfull\u00a0\u00bb][\/vc_column_inner][vc_column_inner el_class=\u00a0\u00bbnumber-icon-title-column\u00a0\u00bb width=\u00a0\u00bb5\/6&Prime;][vc_column_text css=\u00a0\u00bb.vc_custom_1513422645649{margin-bottom: 0px !important;}\u00a0\u00bb]\n<h2 class=\"icon-h2\">Mesure de la r\u00e9sistance<\/h2>\n<div class=\"ctm-space\"><\/div>\n[\/vc_column_text][\/vc_column_inner][\/vc_row_inner][vc_column_text css=\u00a0\u00bb.vc_custom_1513422635453{margin-bottom: 0px !important;}\u00a0\u00bb]<img loading=\"lazy\" decoding=\"async\" class=\"alignright size-full wp-image-194\" src=\"https:\/\/legacy.rdccontrol.com\/wp-content\/uploads\/2014\/10\/fr_figure_05.gif\" alt=\"\" width=\"250\" height=\"128\" \/><br \/>\nLa pente et la valeur absolue sont de petits nombres, particuli\u00e8rement quand nous consid\u00e9rons le fait que les fils de mesure reli\u00e9s \u00e0 la sonde peuvent \u00eatre de plusieurs ohms ou m\u00eame dizaines d\u2019ohms. Une petite imp\u00e9dance de fil peut contribuer \u00e0 une erreur significative de notre mesure de la temp\u00e9rature (figure 5). Une imp\u00e9dance de fil de 10 ohms implique une erreur de 10\/0,385 soit environ 26\u00b0C dans ce cas[\/vc_column_text][vc_row_inner][vc_column_inner width=\u00a0\u00bb1\/4&Prime;][mk_fancy_title tag_name=\u00a0\u00bbh3&Prime; color=\u00a0\u00bb#78786d\u00a0\u00bb size=\u00a0\u00bb28&Prime; font_weight=\u00a0\u00bb600&Prime; txt_transform=\u00a0\u00bbnone\u00a0\u00bb margin_bottom=\u00a0\u00bb0&Prime; font_family=\u00a0\u00bbnone\u00a0\u00bb]Pont de Wheatstone[\/mk_fancy_title][mk_image src=\u00a0\u00bbhttps:\/\/legacy.rdccontrol.com\/wp-content\/uploads\/2014\/10\/fr_figure_06.gif\u00a0\u00bb image_size=\u00a0\u00bbfull\u00a0\u00bb][\/vc_column_inner][vc_column_inner width=\u00a0\u00bb3\/4&Prime;][mk_padding_divider size=\u00a0\u00bb50&Prime;][vc_column_text css=\u00a0\u00bb.vc_custom_1512987992470{margin-bottom: 0px !important;}\u00a0\u00bb]Une des m\u00e9thodes pour \u00e9viter ce probl\u00e8me est l\u2019utilisation d\u2019un moyen de mesure en pont (figure 6).<br \/>\nLa mesure par un pont, ici un pont de Wheatstone, est une indication indirecte de la r\u00e9sistance du RTD. Le pont n\u00e9cessite quatre fils de raccordement, une source ext\u00e9rieure et trois r\u00e9sistances qui ont un coefficient de temp\u00e9rature nul.[\/vc_column_text][\/vc_column_inner][\/vc_row_inner][vc_row_inner][vc_column_inner][mk_fancy_title tag_name=\u00a0\u00bbh3&Prime; color=\u00a0\u00bb#78786d\u00a0\u00bb size=\u00a0\u00bb28&Prime; font_weight=\u00a0\u00bb600&Prime; txt_transform=\u00a0\u00bbnone\u00a0\u00bb margin_top=\u00a0\u00bb40&Prime; margin_bottom=\u00a0\u00bb0&Prime; font_family=\u00a0\u00bbnone\u00a0\u00bb]Pont \u00e0 trois fils[\/mk_fancy_title][vc_column_text css=\u00a0\u00bb.vc_custom_1512988011710{margin-bottom: 0px !important;}\u00a0\u00bb]Pour \u00e9viter de soumettre les trois r\u00e9sistances du pont \u00e0 la m\u00eame temp\u00e9rature que le RTD, on s\u00e9pare celle-ci du pont par une paire de fils de liaison (figure 7). [\/vc_column_text][mk_image src=\u00a0\u00bbhttps:\/\/legacy.rdccontrol.com\/wp-content\/uploads\/2014\/10\/fr_figure_07.gif\u00a0\u00bb image_size=\u00a0\u00bbfull\u00a0\u00bb][vc_column_text css=\u00a0\u00bb.vc_custom_1512988036214{margin-bottom: 0px !important;}\u00a0\u00bb]Ces fils recr\u00e9ent le probl\u00e8me que nous avons eu pr\u00e9c\u00e9demment : L\u2019imp\u00e9dance des fils de liaison affecte la lecture de la temp\u00e9rature. Cet effet peut \u00eatre r\u00e9duit au minimum en employant une configuration de pont \u00e0 trois fils (figure 8). Si les fils A et B sont de la m\u00eame longueur, leurs effets d\u2019imp\u00e9dance s\u2019annuleront parce que chacun est dans une partie oppos\u00e9e du pont. Le troisi\u00e8me fil, C, agit comme mesure dans lequel il ne circule aucun courant.[\/vc_column_text][mk_image src=\u00a0\u00bbhttps:\/\/legacy.rdccontrol.com\/wp-content\/uploads\/2014\/10\/fr_figure_08.gif\u00a0\u00bb image_size=\u00a0\u00bbfull\u00a0\u00bb][vc_column_text css=\u00a0\u00bb.vc_custom_1512988075798{margin-bottom: 0px !important;}\u00a0\u00bb]Le pont de Wheatstone repr\u00e9sent\u00e9 \u00e0 la (figure 8) cr\u00e9e un rapport non lin\u00e9aire entre le changement de r\u00e9sistance et le changement de tension de mesure du pont. Ceci n\u00e9cessite une \u00e9quation additionnelle pour convertir la tension de mesure du pont en imp\u00e9dance \u00e9quivalente du RTD. [\/vc_column_text][\/vc_column_inner][\/vc_row_inner][vc_row_inner][vc_column_inner][mk_fancy_title tag_name=\u00a0\u00bbh3&Prime; color=\u00a0\u00bb#78786d\u00a0\u00bb size=\u00a0\u00bb28&Prime; font_weight=\u00a0\u00bb600&Prime; txt_transform=\u00a0\u00bbnone\u00a0\u00bb margin_top=\u00a0\u00bb40&Prime; margin_bottom=\u00a0\u00bb0&Prime; font_family=\u00a0\u00bbnone\u00a0\u00bb]Mesure \u00e0 quatre fils[\/mk_fancy_title][mk_image src=\u00a0\u00bbhttps:\/\/legacy.rdccontrol.com\/wp-content\/uploads\/2014\/10\/fr_figure_09.gif\u00a0\u00bb image_size=\u00a0\u00bbfull\u00a0\u00bb][vc_column_text css=\u00a0\u00bb.vc_custom_1512988143847{margin-bottom: 0px !important;}\u00a0\u00bb]La meilleure technique est d\u2019utiliser une source de courant connu et de mesurer, \u00e0 distance, la tension aux bornes du RTD. Comme aucun courant ne circule dans les fils de mesure de tension, il n\u2019y a aucune chute de tension donc, aucune erreur de mesure de r\u00e9sistance. La tension lue sur le voltm\u00e8tre est directement proportionnelle \u00e0 la valeur de la r\u00e9sistance du RTD.<\/p>\n<p>Les trois r\u00e9sistances du pont sont remplac\u00e9es par une r\u00e9sistance de r\u00e9f\u00e9rence permettant de conna\u00eetre avec pr\u00e9cision le courant g\u00e9n\u00e9r\u00e9 (figure 9). L\u2019inconv\u00e9nient est de n\u00e9cessiter un fil de plus que le pont \u00e0 3 fils. C\u2019est un petit prix \u00e0 payer pour obtenir avec exactitude la mesure de la r\u00e9sistance.<\/p>\n<p>Bien qu\u2019\u00e9tant d\u2019une excellente pr\u00e9cision, la mesure de r\u00e9sistance \u00e0 4 fils, comme toute mesure, sera toujours affect\u00e9e d\u2019erreurs et le r\u00e9sultat sera entach\u00e9 d\u2019incertitudes qu\u2019il faudra minimiser en prenant toutes les pr\u00e9cautions n\u00e9cessaires.[\/vc_column_text][\/vc_column_inner][\/vc_row_inner][\/vc_column][vc_column width=\u00a0\u00bb1\/4&Prime; el_class=\u00a0\u00bbleft-sidebar-column\u00a0\u00bb][mk_custom_sidebar sidebar=\u00a0\u00bbsidebar-18&Prime;][\/vc_column][\/mk_page_section]\n<\/div>","protected":false},"excerpt":{"rendered":"<p>[mk_page_section padding_top=\u00a0\u00bb50&Prime; padding_bottom=\u00a0\u00bb50&Prime; el_class=\u00a0\u00bbintro-thermo-section desktop-section\u00a0\u00bb sidebar=\u00a0\u00bbsidebar-1&Prime;][vc_column width=\u00a0\u00bb1\/4&Prime; el_class=\u00a0\u00bbleft-sidebar-column\u00a0\u00bb][mk_custom_sidebar sidebar=\u00a0\u00bbsidebar-18&Prime;][\/vc_column][vc_column width=\u00a0\u00bb3\/4&Prime; el_class=\u00a0\u00bbright-side-column\u00a0\u00bb][vc_row_inner][vc_column_inner el_class=\u00a0\u00bbnumber-icon-column\u00a0\u00bb width=\u00a0\u00bb1\/12&Prime;][mk_image src=\u00a0\u00bbhttps:\/\/legacy.rdccontrol.com\/wp-content\/uploads\/2017\/12\/3.png\u00a0\u00bb image_size=\u00a0\u00bbfull\u00a0\u00bb][\/vc_column_inner][vc_column_inner el_class=\u00a0\u00bbnumber-icon-title-column\u00a0\u00bb width=\u00a0\u00bb5\/6&Prime;][vc_column_text css=\u00a0\u00bb.vc_custom_1513422645649{margin-bottom: 0px !important;}\u00a0\u00bb] Mesure de la r\u00e9sistance [\/vc_column_text][\/vc_column_inner][\/vc_row_inner][vc_column_text css=\u00a0\u00bb.vc_custom_1513422635453{margin-bottom: 0px !important;}\u00a0\u00bb] La pente et la valeur absolue sont de petits nombres, particuli\u00e8rement quand nous consid\u00e9rons le fait que les fils de mesure reli\u00e9s \u00e0 la sonde peuvent \u00eatre [&hellip;]<\/p>\n","protected":false},"author":1,"featured_media":0,"parent":599,"menu_order":41,"comment_status":"closed","ping_status":"closed","template":"","meta":{"footnotes":""},"class_list":["post-796","page","type-page","status-publish","hentry"],"_links":{"self":[{"href":"https:\/\/legacy.rdccontrol.com\/fr\/wp-json\/wp\/v2\/pages\/796","targetHints":{"allow":["GET"]}}],"collection":[{"href":"https:\/\/legacy.rdccontrol.com\/fr\/wp-json\/wp\/v2\/pages"}],"about":[{"href":"https:\/\/legacy.rdccontrol.com\/fr\/wp-json\/wp\/v2\/types\/page"}],"author":[{"embeddable":true,"href":"https:\/\/legacy.rdccontrol.com\/fr\/wp-json\/wp\/v2\/users\/1"}],"replies":[{"embeddable":true,"href":"https:\/\/legacy.rdccontrol.com\/fr\/wp-json\/wp\/v2\/comments?post=796"}],"version-history":[{"count":10,"href":"https:\/\/legacy.rdccontrol.com\/fr\/wp-json\/wp\/v2\/pages\/796\/revisions"}],"predecessor-version":[{"id":3954,"href":"https:\/\/legacy.rdccontrol.com\/fr\/wp-json\/wp\/v2\/pages\/796\/revisions\/3954"}],"up":[{"embeddable":true,"href":"https:\/\/legacy.rdccontrol.com\/fr\/wp-json\/wp\/v2\/pages\/599"}],"wp:attachment":[{"href":"https:\/\/legacy.rdccontrol.com\/fr\/wp-json\/wp\/v2\/media?parent=796"}],"curies":[{"name":"wp","href":"https:\/\/api.w.org\/{rel}","templated":true}]}}