{"id":792,"date":"2014-10-11T13:08:59","date_gmt":"2014-10-11T17:08:59","guid":{"rendered":"http:\/\/rdcc.cashin.ca\/?page_id=792"},"modified":"2018-02-06T08:52:29","modified_gmt":"2018-02-06T13:52:29","slug":"metaux","status":"publish","type":"page","link":"https:\/\/legacy.rdccontrol.com\/fr\/thermocouple\/rtd-101\/metaux\/","title":{"rendered":"M\u00e9taux"},"content":{"rendered":"<div class=\"wpb-content-wrapper\">[mk_page_section padding_top=\u00a0\u00bb50&Prime; padding_bottom=\u00a0\u00bb50&Prime; el_class=\u00a0\u00bbintro-thermo-section desktop-section\u00a0\u00bb sidebar=\u00a0\u00bbsidebar-1&Prime;][vc_column width=\u00a0\u00bb1\/4&Prime; el_class=\u00a0\u00bbleft-sidebar-column\u00a0\u00bb][mk_custom_sidebar sidebar=\u00a0\u00bbsidebar-18&Prime;][\/vc_column][vc_column width=\u00a0\u00bb3\/4&Prime; el_class=\u00a0\u00bbright-side-column\u00a0\u00bb][vc_row_inner][vc_column_inner el_class=\u00a0\u00bbnumber-icon-column\u00a0\u00bb width=\u00a0\u00bb1\/12&Prime;][mk_image src=\u00a0\u00bbhttps:\/\/legacy.rdccontrol.com\/wp-content\/uploads\/2017\/12\/1-1.png\u00a0\u00bb image_size=\u00a0\u00bbfull\u00a0\u00bb][\/vc_column_inner][vc_column_inner el_class=\u00a0\u00bbnumber-icon-title-column\u00a0\u00bb width=\u00a0\u00bb5\/6&Prime;][vc_column_text css=\u00a0\u00bb.vc_custom_1513417967869{margin-bottom: 0px !important;}\u00a0\u00bb]\n<h2 class=\"icon-h2\">M\u00e9taux<\/h2>\n<div class=\"ctm-space\"><\/div>\n[\/vc_column_text][\/vc_column_inner][\/vc_row_inner][vc_column_text css=\u00a0\u00bb.vc_custom_1513417955007{margin-bottom: 0px !important;}\u00a0\u00bb]Tous les m\u00e9taux produisent un changement positif de r\u00e9sistance pour un changement positif de la temp\u00e9rature. Ce qui est la fonction principale d\u2019un RTD. L\u2019erreur du syst\u00e8me est r\u00e9duite au minimum quand la valeur nominale de la r\u00e9sistance du RTD est grande; ceci implique un fil m\u00e9tallique avec une r\u00e9sistivit\u00e9 \u00e9lev\u00e9e.[\/vc_column_text][mk_table el_class=\u00a0\u00bbrdc-metal-table\u00a0\u00bb]\n<table border=\"1\" cellspacing=\"0\" cellpadding=\"3\">\n<thead>\n<tr>\n<th colspan=\"5\" align=\"center\"><b style=\"text-transform: none;\">R\u00e9sistivit\u00e9 des m\u00e9taux des RTD<\/b><\/th>\n<\/tr>\n<tr>\n<th align=\"center\"><b style=\"text-transform: none;\">M\u00e9tal<\/b><\/th>\n<th align=\"center\"><b style=\"text-transform: none;\">Symbole<\/b><\/th>\n<th align=\"center\"><b style=\"text-transform: none;\">R\u00e9sistivit\u00e9<br \/>\ncm\/f<\/b><\/th>\n<th align=\"center\"><b style=\"text-transform: none;\">R\u00e9sistivit\u00e9<br \/>\nmm<sup><small>2<\/small><\/sup>\/m<\/b><\/th>\n<th align=\"center\"><b style=\"text-transform: none;\">R\u00e9sistivit\u00e9<br \/>\nsiemens<\/b><\/th>\n<\/tr>\n<\/thead>\n<tbody>\n<tr>\n<td align=\"center\">Or<\/td>\n<td align=\"center\">Au<\/td>\n<td align=\"center\">13<\/td>\n<td align=\"center\">2,1612e<sup><small>-2<\/small><\/sup><\/td>\n<td align=\"center\">4,6272e<sup><small>+7<\/small><\/sup><\/td>\n<\/tr>\n<tr>\n<td align=\"center\">Argent<\/td>\n<td align=\"center\">Ag<\/td>\n<td align=\"center\">8,8<\/td>\n<td align=\"center\">1,4629e<sup><small>-2<\/small><\/sup><\/td>\n<td align=\"center\">6,8356e<sup><small>+7<\/small><\/sup><\/td>\n<\/tr>\n<tr>\n<td align=\"center\">Cuivre<\/td>\n<td align=\"center\">Cu<\/td>\n<td align=\"center\">9,26<\/td>\n<td align=\"center\">1,5394e<sup><small>-2<\/small><\/sup><\/td>\n<td align=\"center\">6,496e<sup><small>+7<\/small><\/sup><\/td>\n<\/tr>\n<tr>\n<td align=\"center\">Platine<\/td>\n<td align=\"center\">Pt<\/td>\n<td align=\"center\">59<\/td>\n<td align=\"center\">9,8083e-2<sup><small>-2<\/small><\/sup><\/td>\n<td align=\"center\">1,0195e<sup><small>+7<\/small><\/sup><\/td>\n<\/tr>\n<tr>\n<td align=\"center\">Tungst\u00e8ne<\/td>\n<td align=\"center\">W<\/td>\n<td align=\"center\">30<\/td>\n<td align=\"center\">4,9873e<sup><small>-2<\/small><\/sup><\/td>\n<td align=\"center\">2,0051e<sup><small>+7<\/small><\/sup><\/td>\n<\/tr>\n<tr>\n<td align=\"center\">Nickel<\/td>\n<td align=\"center\">Ni<\/td>\n<td align=\"center\">36<\/td>\n<td align=\"center\">5,9847e<sup><small>-2<\/small><\/sup><\/td>\n<td align=\"center\">1,6709e<sup><small>+7<\/small><\/sup><\/td>\n<\/tr>\n<\/tbody>\n<\/table>\n[\/mk_table][vc_column_text css=\u00a0\u00bb.vc_custom_1512980402729{margin-bottom: 0px !important;}\u00a0\u00bb]En raison de leurs faibles r\u00e9sistivit\u00e9s, l\u2019or et l\u2019argent sont rarement employ\u00e9s comme \u00e9l\u00e9ments de RTD. Le tungst\u00e8ne a une r\u00e9sistivit\u00e9 relativement \u00e9lev\u00e9e, mais est r\u00e9serv\u00e9 pour des applications \u00e0 tr\u00e8s hautes temp\u00e9ratures parce qu\u2019il est extr\u00eamement fragile et difficile \u00e0 travailler. Le cuivre est employ\u00e9 de temps en temps comme \u00e9l\u00e9ment de RTD, sa basse r\u00e9sistivit\u00e9 n\u00e9cessite une plus grande longueur qu\u2019un \u00e9l\u00e9ment de platine, mais sa lin\u00e9arit\u00e9 et son prix r\u00e9duit en font une alternative \u00e9conomique. Sa limite sup\u00e9rieure de temp\u00e9rature est seulement d\u2019environ 120 \u00b0C. Les RTD les plus communs sont faits de platine, nickel, ou alliages de nickel. Les fils en alliage de nickel sont \u00e9conomiques et employ\u00e9s sur une gamme de temp\u00e9rature limit\u00e9e, mais ils sont non lin\u00e9aires et tendent \u00e0 d\u00e9river avec le temps. Pour l\u2019int\u00e9grit\u00e9 des mesures, le platine est le choix \u00e9vident.[\/vc_column_text][\/vc_column][\/mk_page_section][mk_page_section padding_top=\u00a0\u00bb50&Prime; padding_bottom=\u00a0\u00bb50&Prime; el_class=\u00a0\u00bbintro-thermo-section mobile-section\u00a0\u00bb sidebar=\u00a0\u00bbsidebar-1&Prime;][vc_column width=\u00a0\u00bb3\/4&Prime; el_class=\u00a0\u00bbright-side-column\u00a0\u00bb][vc_row_inner][vc_column_inner el_class=\u00a0\u00bbnumber-icon-column\u00a0\u00bb width=\u00a0\u00bb1\/12&Prime;][mk_image src=\u00a0\u00bbhttps:\/\/legacy.rdccontrol.com\/wp-content\/uploads\/2017\/12\/1-1.png\u00a0\u00bb image_size=\u00a0\u00bbfull\u00a0\u00bb][\/vc_column_inner][vc_column_inner el_class=\u00a0\u00bbnumber-icon-title-column\u00a0\u00bb width=\u00a0\u00bb5\/6&Prime;][vc_column_text css=\u00a0\u00bb.vc_custom_1513417967869{margin-bottom: 0px !important;}\u00a0\u00bb]\n<h2 class=\"icon-h2\">M\u00e9taux<\/h2>\n<div class=\"ctm-space\"><\/div>\n[\/vc_column_text][\/vc_column_inner][\/vc_row_inner][vc_column_text css=\u00a0\u00bb.vc_custom_1513417955007{margin-bottom: 0px !important;}\u00a0\u00bb]Tous les m\u00e9taux produisent un changement positif de r\u00e9sistance pour un changement positif de la temp\u00e9rature. Ce qui est la fonction principale d\u2019un RTD. L\u2019erreur du syst\u00e8me est r\u00e9duite au minimum quand la valeur nominale de la r\u00e9sistance du RTD est grande; ceci implique un fil m\u00e9tallique avec une r\u00e9sistivit\u00e9 \u00e9lev\u00e9e.[\/vc_column_text][mk_table el_class=\u00a0\u00bbrdc-metal-table\u00a0\u00bb]\n<table border=\"1\" cellspacing=\"0\" cellpadding=\"3\">\n<thead>\n<tr>\n<th colspan=\"5\" align=\"center\"><b style=\"text-transform: none;\">R\u00e9sistivit\u00e9 des m\u00e9taux des RTD<\/b><\/th>\n<\/tr>\n<tr>\n<th align=\"center\"><b style=\"text-transform: none;\">M\u00e9tal<\/b><\/th>\n<th align=\"center\"><b style=\"text-transform: none;\">Symbole<\/b><\/th>\n<th align=\"center\"><b style=\"text-transform: none;\">R\u00e9sistivit\u00e9<br \/>\ncm\/f<\/b><\/th>\n<th align=\"center\"><b style=\"text-transform: none;\">R\u00e9sistivit\u00e9<br \/>\nmm<sup><small>2<\/small><\/sup>\/m<\/b><\/th>\n<th align=\"center\"><b style=\"text-transform: none;\">R\u00e9sistivit\u00e9<br \/>\nsiemens<\/b><\/th>\n<\/tr>\n<\/thead>\n<tbody>\n<tr>\n<td align=\"center\">Or<\/td>\n<td align=\"center\">Au<\/td>\n<td align=\"center\">13<\/td>\n<td align=\"center\">2,1612e<sup><small>-2<\/small><\/sup><\/td>\n<td align=\"center\">4,6272e<sup><small>+7<\/small><\/sup><\/td>\n<\/tr>\n<tr>\n<td align=\"center\">Argent<\/td>\n<td align=\"center\">Ag<\/td>\n<td align=\"center\">8,8<\/td>\n<td align=\"center\">1,4629e<sup><small>-2<\/small><\/sup><\/td>\n<td align=\"center\">6,8356e<sup><small>+7<\/small><\/sup><\/td>\n<\/tr>\n<tr>\n<td align=\"center\">Cuivre<\/td>\n<td align=\"center\">Cu<\/td>\n<td align=\"center\">9,26<\/td>\n<td align=\"center\">1,5394e<sup><small>-2<\/small><\/sup><\/td>\n<td align=\"center\">6,496e<sup><small>+7<\/small><\/sup><\/td>\n<\/tr>\n<tr>\n<td align=\"center\">Platine<\/td>\n<td align=\"center\">Pt<\/td>\n<td align=\"center\">59<\/td>\n<td align=\"center\">9,8083e-2<sup><small>-2<\/small><\/sup><\/td>\n<td align=\"center\">1,0195e<sup><small>+7<\/small><\/sup><\/td>\n<\/tr>\n<tr>\n<td align=\"center\">Tungst\u00e8ne<\/td>\n<td align=\"center\">W<\/td>\n<td align=\"center\">30<\/td>\n<td align=\"center\">4,9873e<sup><small>-2<\/small><\/sup><\/td>\n<td align=\"center\">2,0051e<sup><small>+7<\/small><\/sup><\/td>\n<\/tr>\n<tr>\n<td align=\"center\">Nickel<\/td>\n<td align=\"center\">Ni<\/td>\n<td align=\"center\">36<\/td>\n<td align=\"center\">5,9847e<sup><small>-2<\/small><\/sup><\/td>\n<td align=\"center\">1,6709e<sup><small>+7<\/small><\/sup><\/td>\n<\/tr>\n<\/tbody>\n<\/table>\n[\/mk_table][vc_column_text css=\u00a0\u00bb.vc_custom_1512980402729{margin-bottom: 0px !important;}\u00a0\u00bb]En raison de leurs faibles r\u00e9sistivit\u00e9s, l\u2019or et l\u2019argent sont rarement employ\u00e9s comme \u00e9l\u00e9ments de RTD. Le tungst\u00e8ne a une r\u00e9sistivit\u00e9 relativement \u00e9lev\u00e9e, mais est r\u00e9serv\u00e9 pour des applications \u00e0 tr\u00e8s hautes temp\u00e9ratures parce qu\u2019il est extr\u00eamement fragile et difficile \u00e0 travailler. Le cuivre est employ\u00e9 de temps en temps comme \u00e9l\u00e9ment de RTD, sa basse r\u00e9sistivit\u00e9 n\u00e9cessite une plus grande longueur qu\u2019un \u00e9l\u00e9ment de platine, mais sa lin\u00e9arit\u00e9 et son prix r\u00e9duit en font une alternative \u00e9conomique. Sa limite sup\u00e9rieure de temp\u00e9rature est seulement d\u2019environ 120 \u00b0C. Les RTD les plus communs sont faits de platine, nickel, ou alliages de nickel. Les fils en alliage de nickel sont \u00e9conomiques et employ\u00e9s sur une gamme de temp\u00e9rature limit\u00e9e, mais ils sont non lin\u00e9aires et tendent \u00e0 d\u00e9river avec le temps. Pour l\u2019int\u00e9grit\u00e9 des mesures, le platine est le choix \u00e9vident.[\/vc_column_text][\/vc_column][vc_column width=\u00a0\u00bb1\/4&Prime; el_class=\u00a0\u00bbleft-sidebar-column\u00a0\u00bb][mk_custom_sidebar sidebar=\u00a0\u00bbsidebar-18&Prime;][\/vc_column][\/mk_page_section]\n<\/div>","protected":false},"excerpt":{"rendered":"<p>[mk_page_section padding_top=\u00a0\u00bb50&Prime; padding_bottom=\u00a0\u00bb50&Prime; el_class=\u00a0\u00bbintro-thermo-section desktop-section\u00a0\u00bb sidebar=\u00a0\u00bbsidebar-1&Prime;][vc_column width=\u00a0\u00bb1\/4&Prime; el_class=\u00a0\u00bbleft-sidebar-column\u00a0\u00bb][mk_custom_sidebar sidebar=\u00a0\u00bbsidebar-18&Prime;][\/vc_column][vc_column width=\u00a0\u00bb3\/4&Prime; el_class=\u00a0\u00bbright-side-column\u00a0\u00bb][vc_row_inner][vc_column_inner el_class=\u00a0\u00bbnumber-icon-column\u00a0\u00bb width=\u00a0\u00bb1\/12&Prime;][mk_image src=\u00a0\u00bbhttps:\/\/legacy.rdccontrol.com\/wp-content\/uploads\/2017\/12\/1-1.png\u00a0\u00bb image_size=\u00a0\u00bbfull\u00a0\u00bb][\/vc_column_inner][vc_column_inner el_class=\u00a0\u00bbnumber-icon-title-column\u00a0\u00bb width=\u00a0\u00bb5\/6&Prime;][vc_column_text css=\u00a0\u00bb.vc_custom_1513417967869{margin-bottom: 0px !important;}\u00a0\u00bb] M\u00e9taux [\/vc_column_text][\/vc_column_inner][\/vc_row_inner][vc_column_text css=\u00a0\u00bb.vc_custom_1513417955007{margin-bottom: 0px !important;}\u00a0\u00bb]Tous les m\u00e9taux produisent un changement positif de r\u00e9sistance pour un changement positif de la temp\u00e9rature. Ce qui est la fonction principale d\u2019un RTD. L\u2019erreur du syst\u00e8me est r\u00e9duite au minimum [&hellip;]<\/p>\n","protected":false},"author":1,"featured_media":0,"parent":599,"menu_order":39,"comment_status":"closed","ping_status":"closed","template":"","meta":{"footnotes":""},"class_list":["post-792","page","type-page","status-publish","hentry"],"_links":{"self":[{"href":"https:\/\/legacy.rdccontrol.com\/fr\/wp-json\/wp\/v2\/pages\/792","targetHints":{"allow":["GET"]}}],"collection":[{"href":"https:\/\/legacy.rdccontrol.com\/fr\/wp-json\/wp\/v2\/pages"}],"about":[{"href":"https:\/\/legacy.rdccontrol.com\/fr\/wp-json\/wp\/v2\/types\/page"}],"author":[{"embeddable":true,"href":"https:\/\/legacy.rdccontrol.com\/fr\/wp-json\/wp\/v2\/users\/1"}],"replies":[{"embeddable":true,"href":"https:\/\/legacy.rdccontrol.com\/fr\/wp-json\/wp\/v2\/comments?post=792"}],"version-history":[{"count":13,"href":"https:\/\/legacy.rdccontrol.com\/fr\/wp-json\/wp\/v2\/pages\/792\/revisions"}],"predecessor-version":[{"id":3743,"href":"https:\/\/legacy.rdccontrol.com\/fr\/wp-json\/wp\/v2\/pages\/792\/revisions\/3743"}],"up":[{"embeddable":true,"href":"https:\/\/legacy.rdccontrol.com\/fr\/wp-json\/wp\/v2\/pages\/599"}],"wp:attachment":[{"href":"https:\/\/legacy.rdccontrol.com\/fr\/wp-json\/wp\/v2\/media?parent=792"}],"curies":[{"name":"wp","href":"https:\/\/api.w.org\/{rel}","templated":true}]}}