{"id":655,"date":"2014-09-27T15:30:06","date_gmt":"2014-09-27T19:30:06","guid":{"rendered":"http:\/\/rdcc.cashin.ca\/?page_id=655"},"modified":"2018-02-22T00:39:42","modified_gmt":"2018-02-22T05:39:42","slug":"thermocouples-mgo","status":"publish","type":"page","link":"https:\/\/legacy.rdccontrol.com\/fr\/thermocouple\/thermocouples-101\/types-de-thermocouples\/thermocouples-mgo\/","title":{"rendered":"Thermocouples pour Thermocouples MGO"},"content":{"rendered":"<div class=\"wpb-content-wrapper\">[vc_row][vc_column][mk_button dimension=\u00a0\u00bbflat\u00a0\u00bb url=\u00a0\u00bb\/fr\/thermocouple\/thermocouples-101\/types-de-thermocouples\/\u00a0\u00bb el_class=\u00a0\u00bbback-button\u00a0\u00bb]Retourner \u00e0 Types de thermocouples[\/mk_button][\/vc_column][\/vc_row][vc_row][vc_column][mk_padding_divider size=\u00a0\u00bb20&Prime;][\/vc_column][\/vc_row][vc_row fullwidth=\u00a0\u00bbtrue\u00a0\u00bb fullwidth_content=\u00a0\u00bbfalse\u00a0\u00bb css=\u00a0\u00bb.vc_custom_1512386654529{background-color: #f4f4f4 !important;}\u00a0\u00bb][vc_column][mk_padding_divider][vc_column_text el_class=\u00a0\u00bbpadding-block\u00a0\u00bb css=\u00a0\u00bb.vc_custom_1513322096274{margin-bottom: 0px !important;}\u00a0\u00bb]Nos thermocouples MGO r\u00e9pondent rapidement, sont durables et peuvent supporter des temp\u00e9ratures \u00e9lev\u00e9es. Les conducteurs du thermocouple sont enrob\u00e9s de poudre d\u2019oxyde de magn\u00e9sium tr\u00e8s compacte (MGO) et le tout est recouvert d\u2019une gaine m\u00e9tallique de protection. Les thermocouples r\u00e9pondent rapidement gr\u00e2ce \u00e0 la gaine m\u00e9tallique protectrice externe qui permet l\u2019utilisation de plus petits conducteurs. L\u2019isolation dure et compacte du MgO augmente la capacit\u00e9 de la sonde a lire la temp\u00e9rature rapidement et de transf\u00e9rer sa chaleur \u00e0 la jonction de mesure. Ce type de d\u2019isolation et de protection surpasse les thermocouples isol\u00e9 de perle de c\u00e9ramique ou autre mat\u00e9riaux et ce, dans la plupart des applications.[\/vc_column_text][vc_column_text el_class=\u00a0\u00bbpadding-block\u00a0\u00bb css=\u00a0\u00bb.vc_custom_1513322104051{margin-bottom: 0px !important;}\u00a0\u00bb]RDC Contr\u00f4le Lt\u00e9e s\u2019engage \u00e0 satisfaire tous vos besoins de mesure de temp\u00e9rature avec sa gamme tr\u00e8s diversifi\u00e9e de style et de construction de thermocouple. Cependant, si les mod\u00e8les \u00e9num\u00e9r\u00e9s ci-dessous ne r\u00e9pondent pas \u00e0 vos exigences, nous pouvons les manufacturer selon vos devis et sp\u00e9cifications. N\u2019h\u00e9sitez pas a nous contacter.[\/vc_column_text][mk_padding_divider size=\u00a0\u00bb28&Prime;][\/vc_column][\/vc_row][vc_row][vc_column][mk_padding_divider size=\u00a0\u00bb60&Prime;][\/vc_column][\/vc_row][vc_row][vc_column width=\u00a0\u00bb1\/2&Prime;][mk_image src=\u00a0\u00bbhttps:\/\/legacy.rdccontrol.com\/wp-content\/uploads\/2017\/12\/cut-stripped-thermocouple-2.jpg\u00a0\u00bb image_size=\u00a0\u00bbfull\u00a0\u00bb el_class=\u00a0\u00bbshadow-imgs\u00a0\u00bb][mk_fancy_title color=\u00a0\u00bb#78786d\u00a0\u00bb size=\u00a0\u00bb24&Prime; font_weight=\u00a0\u00bb600&Prime; txt_transform=\u00a0\u00bbnone\u00a0\u00bb margin_top=\u00a0\u00bb10&Prime; margin_bottom=\u00a0\u00bb10&Prime; font_family=\u00a0\u00bbEconomica\u00a0\u00bb font_type=\u00a0\u00bbgoogle\u00a0\u00bb]Coup\u00e9 et d\u00e9gain\u00e9[\/mk_fancy_title][\/vc_column][vc_column width=\u00a0\u00bb1\/2&Prime;][mk_image src=\u00a0\u00bbhttps:\/\/legacy.rdccontrol.com\/wp-content\/uploads\/2017\/12\/terminaison-thermocouple-2.jpg\u00a0\u00bb image_size=\u00a0\u00bbfull\u00a0\u00bb el_class=\u00a0\u00bbshadow-imgs\u00a0\u00bb][mk_fancy_title color=\u00a0\u00bb#78786d\u00a0\u00bb size=\u00a0\u00bb24&Prime; font_weight=\u00a0\u00bb600&Prime; txt_transform=\u00a0\u00bbnone\u00a0\u00bb margin_top=\u00a0\u00bb10&Prime; margin_bottom=\u00a0\u00bb10&Prime; font_family=\u00a0\u00bbEconomica\u00a0\u00bb font_type=\u00a0\u00bbgoogle\u00a0\u00bb]Avec prise m\u00e2le ou femelle[\/mk_fancy_title][\/vc_column][\/vc_row][vc_row][vc_column][mk_padding_divider size=\u00a0\u00bb30&Prime;][\/vc_column][\/vc_row][vc_row][vc_column width=\u00a0\u00bb1\/2&Prime;][mk_image src=\u00a0\u00bbhttps:\/\/legacy.rdccontrol.com\/wp-content\/uploads\/2017\/12\/metal-transitions-spring-strain-relief-thermocouple-1.jpg\u00a0\u00bb image_size=\u00a0\u00bbfull\u00a0\u00bb caption_location=\u00a0\u00bboutside-image\u00a0\u00bb][mk_fancy_title color=\u00a0\u00bb#78786d\u00a0\u00bb size=\u00a0\u00bb24&Prime; font_weight=\u00a0\u00bb600&Prime; txt_transform=\u00a0\u00bbnone\u00a0\u00bb margin_bottom=\u00a0\u00bb10&Prime; font_family=\u00a0\u00bbEconomica\u00a0\u00bb font_type=\u00a0\u00bbgoogle\u00a0\u00bb]Avec fil d\u2019extension[\/mk_fancy_title][\/vc_column][vc_column width=\u00a0\u00bb1\/2&Prime;][mk_image src=\u00a0\u00bbhttps:\/\/legacy.rdccontrol.com\/wp-content\/uploads\/2017\/12\/wafer-head-thermocouple-1.jpg\u00a0\u00bb image_size=\u00a0\u00bbfull\u00a0\u00bb caption_location=\u00a0\u00bboutside-image\u00a0\u00bb][mk_fancy_title color=\u00a0\u00bb#78786d\u00a0\u00bb size=\u00a0\u00bb24&Prime; font_weight=\u00a0\u00bb600&Prime; txt_transform=\u00a0\u00bbnone\u00a0\u00bb margin_bottom=\u00a0\u00bb10&Prime; font_family=\u00a0\u00bbEconomica\u00a0\u00bb font_type=\u00a0\u00bbgoogle\u00a0\u00bb]Avec bornier de c\u00e9ramique[\/mk_fancy_title][\/vc_column][\/vc_row][vc_row][vc_column][mk_padding_divider size=\u00a0\u00bb45&Prime;][\/vc_column][\/vc_row][vc_row][vc_column width=\u00a0\u00bb1\/2&Prime;][mk_image src=\u00a0\u00bbhttps:\/\/legacy.rdccontrol.com\/wp-content\/uploads\/2017\/12\/connection-head-thermocouple-1.jpg\u00a0\u00bb image_size=\u00a0\u00bbfull\u00a0\u00bb caption_location=\u00a0\u00bboutside-image\u00a0\u00bb][mk_fancy_title color=\u00a0\u00bb#78786d\u00a0\u00bb size=\u00a0\u00bb24&Prime; font_weight=\u00a0\u00bb600&Prime; txt_transform=\u00a0\u00bbnone\u00a0\u00bb margin_top=\u00a0\u00bb10&Prime; margin_bottom=\u00a0\u00bb10&Prime; font_family=\u00a0\u00bbEconomica\u00a0\u00bb font_type=\u00a0\u00bbgoogle\u00a0\u00bb]Avec t\u00eate de connexion[\/mk_fancy_title][\/vc_column][vc_column width=\u00a0\u00bb1\/2&Prime;][mk_image src=\u00a0\u00bbhttps:\/\/legacy.rdccontrol.com\/wp-content\/uploads\/2017\/12\/thermowells-thermocouple-1.jpg\u00a0\u00bb image_size=\u00a0\u00bbfull\u00a0\u00bb caption_location=\u00a0\u00bboutside-image\u00a0\u00bb][mk_fancy_title color=\u00a0\u00bb#78786d\u00a0\u00bb size=\u00a0\u00bb24&Prime; font_weight=\u00a0\u00bb600&Prime; txt_transform=\u00a0\u00bbnone\u00a0\u00bb margin_top=\u00a0\u00bb10&Prime; margin_bottom=\u00a0\u00bb10&Prime; font_family=\u00a0\u00bbEconomica\u00a0\u00bb font_type=\u00a0\u00bbgoogle\u00a0\u00bb]Pour Thermowell[\/mk_fancy_title][\/vc_column][\/vc_row][vc_row][vc_column][mk_padding_divider][\/vc_column][\/vc_row][vc_row][vc_column][mk_button dimension=\u00a0\u00bbflat\u00a0\u00bb url=\u00a0\u00bb\/fr\/thermocouple\/thermocouples-101\/types-de-thermocouples\/\u00a0\u00bb el_class=\u00a0\u00bbback-button\u00a0\u00bb]Retourner \u00e0 Types de thermocouples[\/mk_button][\/vc_column][\/vc_row]\n<\/div>","protected":false},"excerpt":{"rendered":"<p>[vc_row][vc_column][mk_button dimension=\u00a0\u00bbflat\u00a0\u00bb url=\u00a0\u00bb\/fr\/thermocouple\/thermocouples-101\/types-de-thermocouples\/\u00a0\u00bb el_class=\u00a0\u00bbback-button\u00a0\u00bb]Retourner \u00e0 Types de thermocouples[\/mk_button][\/vc_column][\/vc_row][vc_row][vc_column][mk_padding_divider size=\u00a0\u00bb20&Prime;][\/vc_column][\/vc_row][vc_row fullwidth=\u00a0\u00bbtrue\u00a0\u00bb fullwidth_content=\u00a0\u00bbfalse\u00a0\u00bb css=\u00a0\u00bb.vc_custom_1512386654529{background-color: #f4f4f4 !important;}\u00a0\u00bb][vc_column][mk_padding_divider][vc_column_text el_class=\u00a0\u00bbpadding-block\u00a0\u00bb css=\u00a0\u00bb.vc_custom_1513322096274{margin-bottom: 0px !important;}\u00a0\u00bb]Nos thermocouples MGO r\u00e9pondent rapidement, sont durables et peuvent supporter des temp\u00e9ratures \u00e9lev\u00e9es. Les conducteurs du thermocouple sont enrob\u00e9s de poudre d\u2019oxyde de magn\u00e9sium tr\u00e8s compacte (MGO) et le tout est recouvert d\u2019une gaine m\u00e9tallique de protection. Les [&hellip;]<\/p>\n","protected":false},"author":1,"featured_media":0,"parent":649,"menu_order":31,"comment_status":"closed","ping_status":"closed","template":"","meta":{"footnotes":""},"class_list":["post-655","page","type-page","status-publish","hentry"],"_links":{"self":[{"href":"https:\/\/legacy.rdccontrol.com\/fr\/wp-json\/wp\/v2\/pages\/655","targetHints":{"allow":["GET"]}}],"collection":[{"href":"https:\/\/legacy.rdccontrol.com\/fr\/wp-json\/wp\/v2\/pages"}],"about":[{"href":"https:\/\/legacy.rdccontrol.com\/fr\/wp-json\/wp\/v2\/types\/page"}],"author":[{"embeddable":true,"href":"https:\/\/legacy.rdccontrol.com\/fr\/wp-json\/wp\/v2\/users\/1"}],"replies":[{"embeddable":true,"href":"https:\/\/legacy.rdccontrol.com\/fr\/wp-json\/wp\/v2\/comments?post=655"}],"version-history":[{"count":28,"href":"https:\/\/legacy.rdccontrol.com\/fr\/wp-json\/wp\/v2\/pages\/655\/revisions"}],"predecessor-version":[{"id":3786,"href":"https:\/\/legacy.rdccontrol.com\/fr\/wp-json\/wp\/v2\/pages\/655\/revisions\/3786"}],"up":[{"embeddable":true,"href":"https:\/\/legacy.rdccontrol.com\/fr\/wp-json\/wp\/v2\/pages\/649"}],"wp:attachment":[{"href":"https:\/\/legacy.rdccontrol.com\/fr\/wp-json\/wp\/v2\/media?parent=655"}],"curies":[{"name":"wp","href":"https:\/\/api.w.org\/{rel}","templated":true}]}}