{"id":628,"date":"2014-09-23T13:57:38","date_gmt":"2014-09-23T17:57:38","guid":{"rendered":"http:\/\/rdcc.cashin.ca\/?page_id=628"},"modified":"2018-02-05T02:55:16","modified_gmt":"2018-02-05T07:55:16","slug":"a-propos","status":"publish","type":"page","link":"https:\/\/legacy.rdccontrol.com\/fr\/a-propos\/","title":{"rendered":"\u00c0 propos"},"content":{"rendered":"<div class=\"wpb-content-wrapper\">[vc_row fullwidth=\u00a0\u00bbtrue\u00a0\u00bb][vc_column][mk_page_title_box page_title=\u00a0\u00bb\u00c0 propos\u00a0\u00bb section_height=\u00a0\u00bb250&Prime; bg_image=\u00a0\u00bbhttps:\/\/legacy.rdccontrol.com\/wp-content\/uploads\/2017\/12\/jason-mccann-136903.jpg\u00a0\u00bb bg_position=\u00a0\u00bbcenter bottom\u00a0\u00bb bg_repeat=\u00a0\u00bbno-repeat\u00a0\u00bb bg_stretch=\u00a0\u00bbtrue\u00a0\u00bb overlay=\u00a0\u00bbrgba(0,0,0,0.65)\u00a0\u00bb font_size=\u00a0\u00bb70&Prime; font_color=\u00a0\u00bb#ffffff\u00a0\u00bb][\/vc_column][\/vc_row][mk_page_section vertical_align=\u00a0\u00bbtop\u00a0\u00bb padding_top=\u00a0\u00bb70&Prime; sidebar=\u00a0\u00bbsidebar-1&Prime;][vc_column][vc_row_inner is_fullwidth_content=\u00a0\u00bbfalse\u00a0\u00bb][vc_column_inner width=\u00a0\u00bb1\/6&Prime;][\/vc_column_inner][vc_column_inner width=\u00a0\u00bb2\/3&Prime;][mk_fancy_title color=\u00a0\u00bb#78786d\u00a0\u00bb size=\u00a0\u00bb28&Prime; font_weight=\u00a0\u00bb600&Prime; margin_bottom=\u00a0\u00bb0&Prime; font_family=\u00a0\u00bbnone\u00a0\u00bb align=\u00a0\u00bbcenter\u00a0\u00bb]Historique[\/mk_fancy_title][vc_separator color=\u00a0\u00bbcustom\u00a0\u00bb border_width=\u00a0\u00bb2&Prime; el_width=\u00a0\u00bb10&Prime; accent_color=\u00a0\u00bb#78786d\u00a0\u00bb][vc_column_text align=\u00a0\u00bbcenter\u00a0\u00bb css=\u00a0\u00bb.vc_custom_1512387118862{margin-bottom: 0px !important;}\u00a0\u00bb]RDC Contr\u00f4le Ltd a \u00e9t\u00e9 fond\u00e9e en 1975 par Raymond D. Codey et fabrique des produits industriels de qualit\u00e9 sup\u00e9rieure pour les applications de proc\u00e9d\u00e9s critiques et industriels depuis pr\u00e8s de 40 ans. Administr\u00e9e aujourd\u2019hui par son fils, Donald Codey, pr\u00e9sident et directeur g\u00e9n\u00e9ral, RDC Contr\u00f4le Lt\u00e9e continue de travailler avec le plus grand respect et la plus grande consid\u00e9ration envers ses clients en leur offrant un service personnalis\u00e9 et des produits qui r\u00e9pondent aux exigences de leurs proc\u00e9d\u00e9s.[\/vc_column_text][\/vc_column_inner][vc_column_inner width=\u00a0\u00bb1\/6&Prime;][\/vc_column_inner][\/vc_row_inner][\/vc_column][\/mk_page_section][mk_page_section bg_color=\u00a0\u00bb#f4f4f4&Prime; bg_stretch=\u00a0\u00bbtrue\u00a0\u00bb padding_top=\u00a0\u00bb70&Prime; padding_bottom=\u00a0\u00bb50&Prime; sidebar=\u00a0\u00bbsidebar-1&Prime;][vc_column][vc_row_inner][vc_column_inner width=\u00a0\u00bb1\/2&Prime;][mk_image src=\u00a0\u00bbhttps:\/\/legacy.rdccontrol.com\/wp-content\/uploads\/2014\/09\/Plant_9.jpg\u00a0\u00bb image_size=\u00a0\u00bbmedium\u00a0\u00bb align=\u00a0\u00bbcenter\u00a0\u00bb][\/vc_column_inner][vc_column_inner width=\u00a0\u00bb1\/2&Prime;][mk_fancy_title color=\u00a0\u00bb#78786d\u00a0\u00bb size=\u00a0\u00bb28&Prime; font_weight=\u00a0\u00bb600&Prime; margin_bottom=\u00a0\u00bb0&Prime; font_family=\u00a0\u00bbnone\u00a0\u00bb]Une fabrication de qualit\u00e9[\/mk_fancy_title][vc_column_text css=\u00a0\u00bb.vc_custom_1512387282805{margin-bottom: 0px !important;}\u00a0\u00bb]RDC Contr\u00f4le Lt\u00e9e a r\u00e9ussi \u00e0 atteindre la norme de certification ISO 9001 pour ses deux divisions de produits, soit les thermocouples et les v\u00e9rins\/actionneurs industriels, et elle continue \u00e0 investir dans les domaines du contr\u00f4le de la qualit\u00e9 et de la certification. En travaillant en \u00e9troite collaboration avec notre r\u00e9seau de fournisseurs de mati\u00e8res premi\u00e8res et d\u2019accessoires, nous sommes en mesure de fabriquer un produit de haute qualit\u00e9 constante dont le niveau de performance sur le terrain ont \u00e9t\u00e9 d\u00e9montr\u00e9. Nos syst\u00e8mes automatis\u00e9s ERP nous permettent d\u2019effectuer une planification en temps r\u00e9el pour faire le suivi des commandes de nos clients ce qui nous aide \u00e0 garantir les livraisons dans les d\u00e9lais pr\u00e9vus, peu importe la taille du projet. [\/vc_column_text][\/vc_column_inner][\/vc_row_inner][\/vc_column][\/mk_page_section][mk_page_section bg_stretch=\u00a0\u00bbtrue\u00a0\u00bb padding_top=\u00a0\u00bb70&Prime; padding_bottom=\u00a0\u00bb50&Prime; sidebar=\u00a0\u00bbsidebar-1&Prime;][vc_column][vc_row_inner][vc_column_inner width=\u00a0\u00bb1\/2&Prime;][mk_fancy_title color=\u00a0\u00bb#78786d\u00a0\u00bb size=\u00a0\u00bb28&Prime; font_weight=\u00a0\u00bb600&Prime; margin_bottom=\u00a0\u00bb0&Prime; font_family=\u00a0\u00bbnone\u00a0\u00bb]Soutien \u00e0 la client\u00e8le[\/mk_fancy_title][vc_column_text css=\u00a0\u00bb.vc_custom_1512387314312{margin-bottom: 0px !important;}\u00a0\u00bb]RDC Contr\u00f4le Lt\u00e9e assure une pr\u00e9sence et des partenariats \u00e9troits avec toute sa client\u00e8le afin de satisfaire les besoins quotidiens ou les exigences de projet de chacun de ses clients. Nos repr\u00e9sentants en fabrication et notre d\u00e9partement du service \u00e0 la client\u00e8le font en sorte que les commandes soient trait\u00e9es en respectant toutes les exigences du client et que les devis soient trait\u00e9s en priorit\u00e9. Notre d\u00e9partement d\u2019ing\u00e9nierie offre des conceptions personnalis\u00e9es, les solutions et le dimensionnement des applications et des sch\u00e9mas d\u00e9taill\u00e9s pour l\u2019approbation de produits d\u00e9taill\u00e9s. [\/vc_column_text][\/vc_column_inner][vc_column_inner width=\u00a0\u00bb1\/2&Prime;][mk_custom_box corner_radius=\u00a0\u00bb2&Prime; padding_vertical=\u00a0\u00bb0&Prime; padding_horizental=\u00a0\u00bb0&Prime;][mk_image src=\u00a0\u00bbhttps:\/\/legacy.rdccontrol.com\/wp-content\/uploads\/2014\/09\/Plant_8.jpg\u00a0\u00bb image_size=\u00a0\u00bbmedium\u00a0\u00bb align=\u00a0\u00bbcenter\u00a0\u00bb][\/mk_custom_box][\/vc_column_inner][\/vc_row_inner][\/vc_column][\/mk_page_section][mk_page_section bg_color=\u00a0\u00bb#f4f4f4&Prime; bg_stretch=\u00a0\u00bbtrue\u00a0\u00bb padding_top=\u00a0\u00bb70&Prime; padding_bottom=\u00a0\u00bb50&Prime; sidebar=\u00a0\u00bbsidebar-1&Prime;][vc_column][vc_row_inner][vc_column_inner width=\u00a0\u00bb1\/2&Prime;][mk_image src=\u00a0\u00bbhttps:\/\/legacy.rdccontrol.com\/wp-content\/uploads\/2014\/09\/Plant_6-2.jpg\u00a0\u00bb image_size=\u00a0\u00bbmedium\u00a0\u00bb align=\u00a0\u00bbcenter\u00a0\u00bb][\/vc_column_inner][vc_column_inner width=\u00a0\u00bb1\/2&Prime;][mk_fancy_title color=\u00a0\u00bb#78786d\u00a0\u00bb size=\u00a0\u00bb28&Prime; font_weight=\u00a0\u00bb600&Prime; margin_bottom=\u00a0\u00bb0&Prime; font_family=\u00a0\u00bbnone\u00a0\u00bb]Pour le futur[\/mk_fancy_title][vc_column_text css=\u00a0\u00bb.vc_custom_1512387355918{margin-bottom: 0px !important;}\u00a0\u00bb]RDC Contr\u00f4le Lt\u00e9e est engag\u00e9e dans un processus d\u2019am\u00e9lioration continue de ses proc\u00e9d\u00e9s de fabrication et d\u2019ing\u00e9nierie. Par des pratiques constantes de gestion de la qualit\u00e9, et par l\u2019application d\u2019une m\u00e9thode 5S, RDC Contr\u00f4le Lt\u00e9e conna\u00eet une croissance et un d\u00e9veloppement constants. Des investissements dans les centres d\u2019usinage CNC, les bancs d\u2019essais dernier cri, les logiciels techniques, les salles d\u2019assemblages contr\u00f4l\u00e9es et par une approche de recherche et d\u00e9veloppement pour de nouveaux produits, vont assurer le succ\u00e8s de nos activit\u00e9s futures et nous permettront de conserver le privil\u00e8ge de demeurer votre partenaire de choix. [\/vc_column_text][\/vc_column_inner][\/vc_row_inner][\/vc_column][\/mk_page_section]\n<\/div>","protected":false},"excerpt":{"rendered":"<p>[vc_row fullwidth=\u00a0\u00bbtrue\u00a0\u00bb][vc_column][mk_page_title_box page_title=\u00a0\u00bb\u00c0 propos\u00a0\u00bb section_height=\u00a0\u00bb250&Prime; bg_image=\u00a0\u00bbhttps:\/\/legacy.rdccontrol.com\/wp-content\/uploads\/2017\/12\/jason-mccann-136903.jpg\u00a0\u00bb bg_position=\u00a0\u00bbcenter bottom\u00a0\u00bb bg_repeat=\u00a0\u00bbno-repeat\u00a0\u00bb bg_stretch=\u00a0\u00bbtrue\u00a0\u00bb overlay=\u00a0\u00bbrgba(0,0,0,0.65)\u00a0\u00bb font_size=\u00a0\u00bb70&Prime; font_color=\u00a0\u00bb#ffffff\u00a0\u00bb][\/vc_column][\/vc_row][mk_page_section vertical_align=\u00a0\u00bbtop\u00a0\u00bb padding_top=\u00a0\u00bb70&Prime; sidebar=\u00a0\u00bbsidebar-1&Prime;][vc_column][vc_row_inner is_fullwidth_content=\u00a0\u00bbfalse\u00a0\u00bb][vc_column_inner width=\u00a0\u00bb1\/6&Prime;][\/vc_column_inner][vc_column_inner width=\u00a0\u00bb2\/3&Prime;][mk_fancy_title color=\u00a0\u00bb#78786d\u00a0\u00bb size=\u00a0\u00bb28&Prime; font_weight=\u00a0\u00bb600&Prime; margin_bottom=\u00a0\u00bb0&Prime; font_family=\u00a0\u00bbnone\u00a0\u00bb align=\u00a0\u00bbcenter\u00a0\u00bb]Historique[\/mk_fancy_title][vc_separator color=\u00a0\u00bbcustom\u00a0\u00bb border_width=\u00a0\u00bb2&Prime; el_width=\u00a0\u00bb10&Prime; accent_color=\u00a0\u00bb#78786d\u00a0\u00bb][vc_column_text align=\u00a0\u00bbcenter\u00a0\u00bb css=\u00a0\u00bb.vc_custom_1512387118862{margin-bottom: 0px !important;}\u00a0\u00bb]RDC Contr\u00f4le Ltd a \u00e9t\u00e9 fond\u00e9e en 1975 par Raymond D. Codey et fabrique des produits industriels de qualit\u00e9 sup\u00e9rieure pour les applications [&hellip;]<\/p>\n","protected":false},"author":1,"featured_media":0,"parent":0,"menu_order":5,"comment_status":"closed","ping_status":"closed","template":"","meta":{"footnotes":""},"class_list":["post-628","page","type-page","status-publish","hentry"],"_links":{"self":[{"href":"https:\/\/legacy.rdccontrol.com\/fr\/wp-json\/wp\/v2\/pages\/628","targetHints":{"allow":["GET"]}}],"collection":[{"href":"https:\/\/legacy.rdccontrol.com\/fr\/wp-json\/wp\/v2\/pages"}],"about":[{"href":"https:\/\/legacy.rdccontrol.com\/fr\/wp-json\/wp\/v2\/types\/page"}],"author":[{"embeddable":true,"href":"https:\/\/legacy.rdccontrol.com\/fr\/wp-json\/wp\/v2\/users\/1"}],"replies":[{"embeddable":true,"href":"https:\/\/legacy.rdccontrol.com\/fr\/wp-json\/wp\/v2\/comments?post=628"}],"version-history":[{"count":20,"href":"https:\/\/legacy.rdccontrol.com\/fr\/wp-json\/wp\/v2\/pages\/628\/revisions"}],"predecessor-version":[{"id":3681,"href":"https:\/\/legacy.rdccontrol.com\/fr\/wp-json\/wp\/v2\/pages\/628\/revisions\/3681"}],"wp:attachment":[{"href":"https:\/\/legacy.rdccontrol.com\/fr\/wp-json\/wp\/v2\/media?parent=628"}],"curies":[{"name":"wp","href":"https:\/\/api.w.org\/{rel}","templated":true}]}}