{"id":620,"date":"2014-09-20T14:46:49","date_gmt":"2014-09-20T18:46:49","guid":{"rendered":"http:\/\/rdcc.cashin.ca\/?page_id=620"},"modified":"2018-02-15T02:10:25","modified_gmt":"2018-02-15T07:10:25","slug":"actionneurs-pneumatiques","status":"publish","type":"page","link":"https:\/\/legacy.rdccontrol.com\/fr\/actionneurs-de-vannes\/actionneurs-pneumatiques\/","title":{"rendered":"Actionneurs pneumatiques"},"content":{"rendered":"<div class=\"wpb-content-wrapper\">[mk_page_section bg_color=\u00a0\u00bb#f4f4f4&Prime; padding_top=\u00a0\u00bb60&Prime; padding_bottom=\u00a0\u00bb25&Prime; sidebar=\u00a0\u00bbsidebar-1&Prime;][vc_column][vc_row_inner][vc_column_inner width=\u00a0\u00bb1\/2&Prime;][mk_fancy_title color=\u00a0\u00bb#78776d\u00a0\u00bb size=\u00a0\u00bb38&Prime; font_weight=\u00a0\u00bb600&Prime; txt_transform=\u00a0\u00bbuppercase\u00a0\u00bb margin_bottom=\u00a0\u00bb0&Prime; font_family=\u00a0\u00bbnone\u00a0\u00bb el_class=\u00a0\u00bbhp-title\u00a0\u00bb]S\u00e9ries PA[\/mk_fancy_title][mk_fancy_title color=\u00a0\u00bb#78776d\u00a0\u00bb size=\u00a0\u00bb32&Prime; font_weight=\u00a0\u00bb500&Prime; margin_bottom=\u00a0\u00bb0&Prime; font_family=\u00a0\u00bbnone\u00a0\u00bb el_class=\u00a0\u00bbhp-subtitle\u00a0\u00bb]V\u00e9rins pneumatiques pour actionnement de vannes de proc\u00e9d\u00e9s<br \/>\nPerc\u00e9e: 3 1\/4\u201d \u00c0 36\u201d[\/mk_fancy_title][mk_fancy_title color=\u00a0\u00bb#78776d\u00a0\u00bb size=\u00a0\u00bb22&Prime; font_weight=\u00a0\u00bb400&Prime; margin_bottom=\u00a0\u00bb10&Prime; font_family=\u00a0\u00bbnone\u00a0\u00bb el_class=\u00a0\u00bbhp-subtitle\u00a0\u00bb]Capacit\u00e9: 150 PSIG (1000 KPA)[\/mk_fancy_title][vc_column_text css=\u00a0\u00bb.vc_custom_1512459780962{margin-bottom: 0px !important;}\u00a0\u00bb]Les v\u00e9rins pneumatiques s\u00e9rie PA de rdc contr\u00f4le ont \u00e9t\u00e9 con\u00e7us principalement pour automatiser l\u2019op\u00e9ration de vannes de toutes sortes. Une conception ultra-robuste, des mat\u00e9riaux de choix et la configuration sup\u00e9rieur des syst\u00e8mes d\u2019\u00e9tanch\u00e9it\u00e9 garantissent des performances durables et sans failles. La s\u00e9ries PA de RDC peuvent s\u2019adapter \u00e0 toute vanne de proc\u00e9d\u00e9 qui n\u00e9cessite un mouvement lin\u00e9aire et il est possible d\u2019y ajouter des \u00e9lectrovannes, des d\u00e9tecteurs de position, des syst\u00e8mes de blocage, des syst\u00e8mes d\u2019interruption manuelle et des syst\u00e8mes \u00e0 s\u00e9curit\u00e9 intrins\u00e8que. Des options AWWA C-541 et enti\u00e8rement en acier inoxydable sont aussi disponibles.[\/vc_column_text][\/vc_column_inner][vc_column_inner width=\u00a0\u00bb1\/2&Prime;][mk_image src=\u00a0\u00bbhttps:\/\/legacy.rdccontrol.com\/wp-content\/uploads\/2017\/12\/series_pa_pdf_image.png\u00a0\u00bb image_width=\u00a0\u00bb250&Prime; image_height=\u00a0\u00bb323&Prime; link=\u00a0\u00bb\/wp-content\/uploads\/2014\/10\/Serie_PA_fr.pdf\u00a0\u00bb target=\u00a0\u00bb_blank\u00a0\u00bb caption_location=\u00a0\u00bboutside-image\u00a0\u00bb align=\u00a0\u00bbcenter\u00a0\u00bb el_class=\u00a0\u00bbbrochure-image\u00a0\u00bb][mk_fancy_title color=\u00a0\u00bb#78776d\u00a0\u00bb size=\u00a0\u00bb28&Prime; font_weight=\u00a0\u00bb600&Prime; margin_bottom=\u00a0\u00bb0&Prime; font_family=\u00a0\u00bbnone\u00a0\u00bb align=\u00a0\u00bbcenter\u00a0\u00bb el_class=\u00a0\u00bbhp-title\u00a0\u00bb]PA S\u00e9ries Brochure[\/mk_fancy_title][mk_padding_divider size=\u00a0\u00bb5&Prime;][mk_fancy_title color=\u00a0\u00bb#78776d\u00a0\u00bb size=\u00a0\u00bb16&Prime; font_weight=\u00a0\u00bb300&Prime; margin_bottom=\u00a0\u00bb0&Prime; font_family=\u00a0\u00bbnone\u00a0\u00bb align=\u00a0\u00bbcenter\u00a0\u00bb]Veuillez noter que nos brochures sont publi\u00e9es uniquement \u00e0 titre de r\u00e9f\u00e9rence.[\/mk_fancy_title][vc_column_text align=\u00a0\u00bbcenter\u00a0\u00bb el_class=\u00a0\u00bbhp-text-block\u00a0\u00bb css=\u00a0\u00bb.vc_custom_1512452199403{margin-bottom: 0px !important;}\u00a0\u00bb]\n<p>Elles sont pr\u00e9sentement mises \u00e0 jour. Veuillez remplir le formulaire ci-dessous pour savoir \u00e0 quel moment les nouvelles brochures seront de nouveaux disponibles.<\/p>\n<p>&nbsp;<\/p>\n[\/vc_column_text][\/vc_column_inner][\/vc_row_inner][mk_padding_divider size=\u00a0\u00bb20&Prime;][\/vc_column][\/mk_page_section][vc_row][vc_column][mk_image src=\u00a0\u00bbhttps:\/\/legacy.rdccontrol.com\/wp-content\/uploads\/2015\/01\/PA-Actuator.jpg\u00a0\u00bb image_size=\u00a0\u00bbfull\u00a0\u00bb align=\u00a0\u00bbcenter\u00a0\u00bb][\/vc_column][\/vc_row][mk_page_section bg_color=\u00a0\u00bb#ffffff\u00a0\u00bb bg_stretch=\u00a0\u00bbtrue\u00a0\u00bb padding_top=\u00a0\u00bb50&Prime; padding_bottom=\u00a0\u00bb50&Prime; el_class=\u00a0\u00bbimage-number-description-section\u00a0\u00bb sidebar=\u00a0\u00bbsidebar-1&Prime;][vc_column][vc_row_inner][vc_column_inner width=\u00a0\u00bb1\/3&Prime;][mk_custom_box padding_horizental=\u00a0\u00bb17&Prime; el_class=\u00a0\u00bbhp-series-custom-box box-1&Prime;][mk_icon_box2 icon_type=\u00a0\u00bbimage\u00a0\u00bb icon_size=\u00a0\u00bb48&Prime; icon_image=\u00a0\u00bbhttps:\/\/legacy.rdccontrol.com\/wp-content\/uploads\/2017\/12\/1-1.png\u00a0\u00bb title=\u00a0\u00bbJoints de piston\u00a0\u00bb title_size=\u00a0\u00bb26&Prime; title_weight=\u00a0\u00bbbold\u00a0\u00bb title_color=\u00a0\u00bb#78786d\u00a0\u00bb title_top_padding=\u00a0\u00bb5&Prime; align=\u00a0\u00bbleft\u00a0\u00bb el_class=\u00a0\u00bbhp-custom-icon-box-2&Prime;]2 Coupelles \u00e0 l\u00e8vres actionn\u00e9es par la pression pour une meilleure \u00e9tanch\u00e9it\u00e9 et long\u00e9vit\u00e9.[\/mk_icon_box2][\/mk_custom_box][\/vc_column_inner][vc_column_inner width=\u00a0\u00bb1\/3&Prime;][mk_custom_box padding_horizental=\u00a0\u00bb17&Prime; el_class=\u00a0\u00bbhp-series-custom-box box-2&Prime; bg_stretch=\u00a0\u00bbtrue\u00a0\u00bb][mk_icon_box2 icon_type=\u00a0\u00bbimage\u00a0\u00bb icon_size=\u00a0\u00bb48&Prime; icon_image=\u00a0\u00bbhttps:\/\/legacy.rdccontrol.com\/wp-content\/uploads\/2017\/12\/2-1.png\u00a0\u00bb title=\u00a0\u00bbT\u00eate et pied\u00a0\u00bb title_size=\u00a0\u00bb24&Prime; title_weight=\u00a0\u00bbbold\u00a0\u00bb title_color=\u00a0\u00bb#78786d\u00a0\u00bb title_top_padding=\u00a0\u00bb5&Prime; align=\u00a0\u00bbleft\u00a0\u00bb el_class=\u00a0\u00bbhp-custom-icon-box-2&Prime;]Usin\u00e9s sous contr\u00f4le num\u00e9rique \u00e0 partir de plaques d\u2019acier lamin\u00e9es \u00e0 chaud ASTM A36 ou mieux[\/mk_icon_box2][\/mk_custom_box][\/vc_column_inner][vc_column_inner width=\u00a0\u00bb1\/3&Prime;][mk_custom_box padding_horizental=\u00a0\u00bb17&Prime; el_class=\u00a0\u00bbhp-series-custom-box box-3&Prime;][mk_icon_box2 icon_type=\u00a0\u00bbimage\u00a0\u00bb icon_size=\u00a0\u00bb48&Prime; icon_image=\u00a0\u00bbhttps:\/\/legacy.rdccontrol.com\/wp-content\/uploads\/2017\/12\/3.png\u00a0\u00bb title=\u00a0\u00bbCorps du v\u00e9rin\u00a0\u00bb title_size=\u00a0\u00bb24&Prime; title_weight=\u00a0\u00bbbold\u00a0\u00bb title_color=\u00a0\u00bb#78786d\u00a0\u00bb title_top_padding=\u00a0\u00bb5&Prime; align=\u00a0\u00bbleft\u00a0\u00bb el_class=\u00a0\u00bbhp-custom-icon-box-2&Prime;]<b>Perc\u00e9es de 3 1\/4 \u00e0 36\u201d:<\/b><br \/>\nDes corps en mat\u00e9riaux composites, sp\u00e9cialement con\u00e7us pour all\u00e9ger les tubes de v\u00e9rins et am\u00e9liorer la r\u00e9sistance \u00e0 la corrosion, sont aussi disponibles. Nous offrons aussi des options de corps en acier ou en acier inoxydable. [\/mk_icon_box2][\/mk_custom_box][\/vc_column_inner][\/vc_row_inner][vc_row_inner][vc_column_inner width=\u00a0\u00bb1\/3&Prime;][mk_custom_box padding_horizental=\u00a0\u00bb17&Prime; el_class=\u00a0\u00bbhp-series-custom-box box-1&Prime;][mk_icon_box2 icon_type=\u00a0\u00bbimage\u00a0\u00bb icon_size=\u00a0\u00bb48&Prime; icon_image=\u00a0\u00bbhttps:\/\/legacy.rdccontrol.com\/wp-content\/uploads\/2017\/12\/4.png\u00a0\u00bb title=\u00a0\u00bbTiges de retient et \u00e9crous\u00a0\u00bb title_size=\u00a0\u00bb24&Prime; title_weight=\u00a0\u00bbbold\u00a0\u00bb title_color=\u00a0\u00bb#78786d\u00a0\u00bb title_top_padding=\u00a0\u00bb5&Prime; align=\u00a0\u00bbleft\u00a0\u00bb el_class=\u00a0\u00bbhp-custom-icon-box-2&Prime;]<b>Perc\u00e9es de 3 1\/4 \u00e0 36\u201d:<\/b><br \/>\nFabriqu\u00e9s d\u2019acier ultra-r\u00e9sistant stabilis\u00e9 avec des \u00e9crous plaqu\u00e9s de zinc de Grade 5 ou sup\u00e9rieur. Tirants en acier inoxydable sont \u00e9galement disponibles sur demande avec \u00e9crous en acier inoxydable. [\/mk_icon_box2][\/mk_custom_box][\/vc_column_inner][vc_column_inner width=\u00a0\u00bb1\/3&Prime;][mk_custom_box padding_horizental=\u00a0\u00bb17&Prime; el_class=\u00a0\u00bbhp-series-custom-box box-2&Prime; bg_stretch=\u00a0\u00bbtrue\u00a0\u00bb][mk_icon_box2 icon_type=\u00a0\u00bbimage\u00a0\u00bb icon_size=\u00a0\u00bb48&Prime; icon_image=\u00a0\u00bbhttps:\/\/legacy.rdccontrol.com\/wp-content\/uploads\/2017\/12\/5.png\u00a0\u00bb title=\u00a0\u00bbManchon de guidage\u00a0\u00bb title_size=\u00a0\u00bb24&Prime; title_weight=\u00a0\u00bbbold\u00a0\u00bb title_color=\u00a0\u00bb#78786d\u00a0\u00bb title_top_padding=\u00a0\u00bb5&Prime; align=\u00a0\u00bbleft\u00a0\u00bb el_class=\u00a0\u00bbhp-custom-icon-box-2&Prime;]Fabriqu\u00e9 en bronze SAE 660, il est de type cartouche pour faciliter le remplacement des garnitures d\u2019\u00e9tanch\u00e9it\u00e9 sans avoir \u00e0 d\u00e9monter le v\u00e9rin.[\/mk_icon_box2][\/mk_custom_box][\/vc_column_inner][vc_column_inner width=\u00a0\u00bb1\/3&Prime;][mk_custom_box padding_horizental=\u00a0\u00bb17&Prime; el_class=\u00a0\u00bbhp-series-custom-box box-3&Prime;][mk_icon_box2 icon_type=\u00a0\u00bbimage\u00a0\u00bb icon_size=\u00a0\u00bb48&Prime; icon_image=\u00a0\u00bbhttps:\/\/legacy.rdccontrol.com\/wp-content\/uploads\/2017\/12\/6.png\u00a0\u00bb title=\u00a0\u00bbTige du piston\u00a0\u00bb title_size=\u00a0\u00bb26&Prime; title_weight=\u00a0\u00bbbold\u00a0\u00bb title_color=\u00a0\u00bb#78786d\u00a0\u00bb title_top_padding=\u00a0\u00bb5&Prime; align=\u00a0\u00bbleft\u00a0\u00bb el_class=\u00a0\u00bbhp-custom-icon-box-2&Prime;]Barre d\u2019acier SAE 1045 \u00e0 haute teneur en carbone, polie et durcie d\u2019un rev\u00eatement de chrome. (Acier inoxydable 316 plaqu\u00e9 de chrome aussi disponible sur demande). [\/mk_icon_box2][\/mk_custom_box][\/vc_column_inner][\/vc_row_inner][vc_row_inner][vc_column_inner width=\u00a0\u00bb1\/3&Prime;][mk_custom_box padding_horizental=\u00a0\u00bb17&Prime; el_class=\u00a0\u00bbhp-series-custom-box box-1&Prime;][mk_icon_box2 icon_type=\u00a0\u00bbimage\u00a0\u00bb icon_size=\u00a0\u00bb48&Prime; icon_image=\u00a0\u00bbhttps:\/\/legacy.rdccontrol.com\/wp-content\/uploads\/2017\/12\/7.png\u00a0\u00bb title=\u00a0\u00bbPiston\u00a0\u00bb title_size=\u00a0\u00bb24&Prime; title_weight=\u00a0\u00bbbold\u00a0\u00bb title_color=\u00a0\u00bb#78786d\u00a0\u00bb title_top_padding=\u00a0\u00bb5&Prime; align=\u00a0\u00bbleft\u00a0\u00bb el_class=\u00a0\u00bbhp-custom-icon-box-2&Prime;]<b>Perc\u00e9es de 3 1\/4 \u00e0 8\u201d:<\/b><br \/>\nUsin\u00e9 sous contr\u00f4le num\u00e9rique \u00e0 partir de barre d\u2019aluminium \u00e0 haute r\u00e9sistance \u00e0 la traction (6061-T6).<br \/>\n<b>Perc\u00e9es de 10\u201d \u00e0 36\u201d:<\/b><br \/>\nFabriqu\u00e9 en acier de haute qualit\u00e9. Une bande d\u2019usure recouvre le diam\u00e8tre ext\u00e9rieur du piston pour ainsi prot\u00e9ger la surface du corps[\/mk_icon_box2][\/mk_custom_box][\/vc_column_inner][vc_column_inner width=\u00a0\u00bb1\/3&Prime;][mk_custom_box padding_horizental=\u00a0\u00bb17&Prime; el_class=\u00a0\u00bbhp-series-custom-box box-2&Prime; bg_stretch=\u00a0\u00bbtrue\u00a0\u00bb][mk_icon_box2 icon_type=\u00a0\u00bbimage\u00a0\u00bb icon_size=\u00a0\u00bb48&Prime; icon_image=\u00a0\u00bbhttps:\/\/legacy.rdccontrol.com\/wp-content\/uploads\/2017\/12\/8.png\u00a0\u00bb title=\u00a0\u00bbGarnitures d\u2019\u00e9tanch\u00e9it\u00e9\u00a0\u00bb title_size=\u00a0\u00bb24&Prime; title_weight=\u00a0\u00bbbold\u00a0\u00bb title_color=\u00a0\u00bb#78786d\u00a0\u00bb title_top_padding=\u00a0\u00bb5&Prime; align=\u00a0\u00bbleft\u00a0\u00bb el_class=\u00a0\u00bbhp-custom-icon-box-2&Prime;]COUPELLE EN \u201cU\u201d ET JOINT TORIQUE pour plus de s\u00fbret\u00e9. Elles sont offertes de fa\u00e7on standard en nitrile de haute qualit\u00e9 r\u00e9sistant \u00e0 des temp\u00e9ratures de -34\u00b0C \u00e0 120\u00b0C (-30\u00b0F \u00e0 250\u00b0F). Elles peuvent \u00eatre remplac\u00e9es \u00e0 la demande par du fluorocarbone (viton) pour des temp\u00e9ratures jusqu\u2019\u00e0 250\u00b0C (450\u00b0F). Pour les basses temp\u00e9ratures de -50\u00b0C, des joints en nitriles et en ur\u00e9thane sont disponibles.[\/mk_icon_box2][\/mk_custom_box][\/vc_column_inner][vc_column_inner width=\u00a0\u00bb1\/3&Prime;][mk_custom_box padding_horizental=\u00a0\u00bb17&Prime; el_class=\u00a0\u00bbhp-series-custom-box box-3&Prime;][mk_icon_box2 icon_type=\u00a0\u00bbimage\u00a0\u00bb icon_size=\u00a0\u00bb48&Prime; icon_image=\u00a0\u00bbhttps:\/\/legacy.rdccontrol.com\/wp-content\/uploads\/2017\/12\/9.png\u00a0\u00bb title=\u00a0\u00bbFrotteur de tige\u00a0\u00bb title_size=\u00a0\u00bb26&Prime; title_weight=\u00a0\u00bbbold\u00a0\u00bb title_color=\u00a0\u00bb#78786d\u00a0\u00bb title_top_padding=\u00a0\u00bb5&Prime; align=\u00a0\u00bbleft\u00a0\u00bb el_class=\u00a0\u00bbhp-custom-icon-box-2&Prime;]Emp\u00e8che les poussi\u00e8res de p\u00e9n\u00e9trer \u00e0 l\u2019int\u00e9rieur. Il est offert de fa\u00e7on standard en polyur\u00e9thane. On le remplace par du fluorocarbone (viton) pour les temp\u00e9ratures plus \u00e9lev\u00e9es.[\/mk_icon_box2][\/mk_custom_box][\/vc_column_inner][\/vc_row_inner][vc_row_inner][vc_column_inner width=\u00a0\u00bb1\/3&Prime;][mk_custom_box padding_horizental=\u00a0\u00bb17&Prime; el_class=\u00a0\u00bbhp-series-custom-box box-1&Prime;][mk_icon_box2 icon_type=\u00a0\u00bbimage\u00a0\u00bb icon_size=\u00a0\u00bb48&Prime; icon_image=\u00a0\u00bbhttps:\/\/legacy.rdccontrol.com\/wp-content\/uploads\/2017\/12\/10.png\u00a0\u00bb title=\u00a0\u00bbBande d\u2019usure du piston\u00a0\u00bb title_size=\u00a0\u00bb24&Prime; title_weight=\u00a0\u00bbbold\u00a0\u00bb title_color=\u00a0\u00bb#78786d\u00a0\u00bb title_top_padding=\u00a0\u00bb5&Prime; align=\u00a0\u00bbleft\u00a0\u00bb el_class=\u00a0\u00bbhp-custom-icon-box-2&Prime;]<b>Perc\u00e9es de 10\u201d \u00e0 36\u201d: <\/b><br \/>\nRuban de t\u00e9flon renforci de micro-particules de bronze et de verre. Elle permet un ajustement plus serr\u00e9 du piston ainsi qu\u2019un meilleur glissement.[\/mk_icon_box2][\/mk_custom_box][\/vc_column_inner][vc_column_inner width=\u00a0\u00bb1\/3&Prime;][\/vc_column_inner][vc_column_inner width=\u00a0\u00bb1\/3&Prime;][\/vc_column_inner][\/vc_row_inner][\/vc_column][\/mk_page_section]\n<\/div>","protected":false},"excerpt":{"rendered":"<p>[mk_page_section bg_color=\u00a0\u00bb#f4f4f4&Prime; padding_top=\u00a0\u00bb60&Prime; padding_bottom=\u00a0\u00bb25&Prime; sidebar=\u00a0\u00bbsidebar-1&Prime;][vc_column][vc_row_inner][vc_column_inner width=\u00a0\u00bb1\/2&Prime;][mk_fancy_title color=\u00a0\u00bb#78776d\u00a0\u00bb size=\u00a0\u00bb38&Prime; font_weight=\u00a0\u00bb600&Prime; txt_transform=\u00a0\u00bbuppercase\u00a0\u00bb margin_bottom=\u00a0\u00bb0&Prime; font_family=\u00a0\u00bbnone\u00a0\u00bb el_class=\u00a0\u00bbhp-title\u00a0\u00bb]S\u00e9ries PA[\/mk_fancy_title][mk_fancy_title color=\u00a0\u00bb#78776d\u00a0\u00bb size=\u00a0\u00bb32&Prime; font_weight=\u00a0\u00bb500&Prime; margin_bottom=\u00a0\u00bb0&Prime; font_family=\u00a0\u00bbnone\u00a0\u00bb el_class=\u00a0\u00bbhp-subtitle\u00a0\u00bb]V\u00e9rins pneumatiques pour actionnement de vannes de proc\u00e9d\u00e9s Perc\u00e9e: 3 1\/4\u201d \u00c0 36\u201d[\/mk_fancy_title][mk_fancy_title color=\u00a0\u00bb#78776d\u00a0\u00bb size=\u00a0\u00bb22&Prime; font_weight=\u00a0\u00bb400&Prime; margin_bottom=\u00a0\u00bb10&Prime; font_family=\u00a0\u00bbnone\u00a0\u00bb el_class=\u00a0\u00bbhp-subtitle\u00a0\u00bb]Capacit\u00e9: 150 PSIG (1000 KPA)[\/mk_fancy_title][vc_column_text css=\u00a0\u00bb.vc_custom_1512459780962{margin-bottom: 0px !important;}\u00a0\u00bb]Les v\u00e9rins pneumatiques s\u00e9rie PA de rdc contr\u00f4le ont \u00e9t\u00e9 con\u00e7us [&hellip;]<\/p>\n","protected":false},"author":1,"featured_media":0,"parent":614,"menu_order":12,"comment_status":"closed","ping_status":"closed","template":"","meta":{"footnotes":""},"class_list":["post-620","page","type-page","status-publish","hentry"],"_links":{"self":[{"href":"https:\/\/legacy.rdccontrol.com\/fr\/wp-json\/wp\/v2\/pages\/620","targetHints":{"allow":["GET"]}}],"collection":[{"href":"https:\/\/legacy.rdccontrol.com\/fr\/wp-json\/wp\/v2\/pages"}],"about":[{"href":"https:\/\/legacy.rdccontrol.com\/fr\/wp-json\/wp\/v2\/types\/page"}],"author":[{"embeddable":true,"href":"https:\/\/legacy.rdccontrol.com\/fr\/wp-json\/wp\/v2\/users\/1"}],"replies":[{"embeddable":true,"href":"https:\/\/legacy.rdccontrol.com\/fr\/wp-json\/wp\/v2\/comments?post=620"}],"version-history":[{"count":64,"href":"https:\/\/legacy.rdccontrol.com\/fr\/wp-json\/wp\/v2\/pages\/620\/revisions"}],"predecessor-version":[{"id":3752,"href":"https:\/\/legacy.rdccontrol.com\/fr\/wp-json\/wp\/v2\/pages\/620\/revisions\/3752"}],"up":[{"embeddable":true,"href":"https:\/\/legacy.rdccontrol.com\/fr\/wp-json\/wp\/v2\/pages\/614"}],"wp:attachment":[{"href":"https:\/\/legacy.rdccontrol.com\/fr\/wp-json\/wp\/v2\/media?parent=620"}],"curies":[{"name":"wp","href":"https:\/\/api.w.org\/{rel}","templated":true}]}}