{"id":605,"date":"2014-09-20T11:22:20","date_gmt":"2014-09-20T15:22:20","guid":{"rendered":"http:\/\/rdcc.cashin.ca\/?page_id=605"},"modified":"2018-01-23T02:09:07","modified_gmt":"2018-01-23T07:09:07","slug":"industries-desservies","status":"publish","type":"page","link":"https:\/\/legacy.rdccontrol.com\/fr\/verins-industriel\/industries-desservies\/","title":{"rendered":"V\u00e9rins industriel &#8211; Industries desservies"},"content":{"rendered":"<div class=\"wpb-content-wrapper\">[mk_page_section padding_top=\u00a0\u00bb55&Prime; padding_bottom=\u00a0\u00bb20&Prime; el_class=\u00a0\u00bbindus-served-section\u00a0\u00bb sidebar=\u00a0\u00bbsidebar-1&Prime;][vc_column][vc_row_inner el_class=\u00a0\u00bbindus-served-section-row\u00a0\u00bb][vc_column_inner width=\u00a0\u00bb1\/3&Prime;][mk_imagebox show_as=\u00a0\u00bbcolumn\u00a0\u00bb column=\u00a0\u00bb1&Prime; padding=\u00a0\u00bb0&Prime; el_class=\u00a0\u00bbindus-served-section-image-box\u00a0\u00bb][mk_imagebox_item item_image=\u00a0\u00bbhttps:\/\/legacy.rdccontrol.com\/wp-content\/uploads\/2014\/09\/Automotive.jpg\u00a0\u00bb image_padding=\u00a0\u00bbfalse\u00a0\u00bb background_color=\u00a0\u00bb#ffffff\u00a0\u00bb item_title=\u00a0\u00bbIndustrie automobile\u00a0\u00bb title_text_size=\u00a0\u00bb22&Prime; title_font_weight=\u00a0\u00bb600&Prime; title_color=\u00a0\u00bb#78786d\u00a0\u00bb el_class=\u00a0\u00bbindus-served-section-image-item item-3&Prime;][\/mk_imagebox_item][\/mk_imagebox][\/vc_column_inner][vc_column_inner width=\u00a0\u00bb1\/3&Prime;][mk_imagebox show_as=\u00a0\u00bbcolumn\u00a0\u00bb column=\u00a0\u00bb1&Prime; padding=\u00a0\u00bb0&Prime; el_class=\u00a0\u00bbindus-served-section-image-box\u00a0\u00bb][mk_imagebox_item item_image=\u00a0\u00bbhttps:\/\/legacy.rdccontrol.com\/wp-content\/uploads\/2014\/09\/Chemical.jpg\u00a0\u00bb image_padding=\u00a0\u00bbfalse\u00a0\u00bb background_color=\u00a0\u00bb#ffffff\u00a0\u00bb item_title=\u00a0\u00bbIndustrie chimique\u00a0\u00bb title_text_size=\u00a0\u00bb22&Prime; title_font_weight=\u00a0\u00bb600&Prime; title_color=\u00a0\u00bb#78786d\u00a0\u00bb el_class=\u00a0\u00bbindus-served-section-image-item item-3&Prime;][\/mk_imagebox_item][\/mk_imagebox][\/vc_column_inner][vc_column_inner width=\u00a0\u00bb1\/3&Prime;][mk_imagebox show_as=\u00a0\u00bbcolumn\u00a0\u00bb column=\u00a0\u00bb1&Prime; padding=\u00a0\u00bb0&Prime; el_class=\u00a0\u00bbindus-served-section-image-box\u00a0\u00bb][mk_imagebox_item item_image=\u00a0\u00bbhttps:\/\/legacy.rdccontrol.com\/wp-content\/uploads\/2014\/09\/Oil-Gas.jpg\u00a0\u00bb image_padding=\u00a0\u00bbfalse\u00a0\u00bb background_color=\u00a0\u00bb#ffffff\u00a0\u00bb item_title=\u00a0\u00bbIndustrie gazi\u00e8re et p\u00e9troli\u00e8re\u00a0\u00bb title_text_size=\u00a0\u00bb22&Prime; title_font_weight=\u00a0\u00bb600&Prime; title_color=\u00a0\u00bb#78786d\u00a0\u00bb el_class=\u00a0\u00bbindus-served-section-image-item item-3&Prime;][\/mk_imagebox_item][\/mk_imagebox][\/vc_column_inner][\/vc_row_inner][vc_row_inner el_class=\u00a0\u00bbindus-served-section-row\u00a0\u00bb][vc_column_inner width=\u00a0\u00bb1\/3&Prime;][mk_imagebox show_as=\u00a0\u00bbcolumn\u00a0\u00bb column=\u00a0\u00bb1&Prime; padding=\u00a0\u00bb0&Prime; el_class=\u00a0\u00bbindus-served-section-image-box\u00a0\u00bb][mk_imagebox_item item_image=\u00a0\u00bbhttps:\/\/legacy.rdccontrol.com\/wp-content\/uploads\/2014\/09\/Mining-Mineral-Processing.jpg\u00a0\u00bb image_padding=\u00a0\u00bbfalse\u00a0\u00bb background_color=\u00a0\u00bb#ffffff\u00a0\u00bb item_title=\u00a0\u00bbSecteur minier et de transformation des minerais\u00a0\u00bb title_text_size=\u00a0\u00bb22&Prime; title_font_weight=\u00a0\u00bb600&Prime; title_color=\u00a0\u00bb#78786d\u00a0\u00bb el_class=\u00a0\u00bbindus-served-section-image-item item-4&Prime;][\/mk_imagebox_item][\/mk_imagebox][\/vc_column_inner][vc_column_inner width=\u00a0\u00bb1\/3&Prime;][mk_imagebox show_as=\u00a0\u00bbcolumn\u00a0\u00bb column=\u00a0\u00bb1&Prime; padding=\u00a0\u00bb0&Prime; el_class=\u00a0\u00bbindus-served-section-image-box\u00a0\u00bb][mk_imagebox_item item_image=\u00a0\u00bbhttps:\/\/legacy.rdccontrol.com\/wp-content\/uploads\/2014\/09\/Construction.jpg\u00a0\u00bb image_padding=\u00a0\u00bbfalse\u00a0\u00bb background_color=\u00a0\u00bb#ffffff\u00a0\u00bb item_title=\u00a0\u00bbIndustrie de la construction\u00a0\u00bb title_text_size=\u00a0\u00bb22&Prime; title_font_weight=\u00a0\u00bb600&Prime; title_color=\u00a0\u00bb#78786d\u00a0\u00bb el_class=\u00a0\u00bbindus-served-section-image-item item-5&Prime;][\/mk_imagebox_item][\/mk_imagebox][\/vc_column_inner][vc_column_inner width=\u00a0\u00bb1\/3&Prime;][mk_imagebox show_as=\u00a0\u00bbcolumn\u00a0\u00bb column=\u00a0\u00bb1&Prime; padding=\u00a0\u00bb0&Prime; el_class=\u00a0\u00bbindus-served-section-image-box\u00a0\u00bb][mk_imagebox_item item_image=\u00a0\u00bbhttps:\/\/legacy.rdccontrol.com\/wp-content\/uploads\/2014\/09\/Food-Packaging.jpg\u00a0\u00bb image_padding=\u00a0\u00bbfalse\u00a0\u00bb background_color=\u00a0\u00bb#ffffff\u00a0\u00bb item_title=\u00a0\u00bbAliments et emballage\u00a0\u00bb title_text_size=\u00a0\u00bb22&Prime; title_font_weight=\u00a0\u00bb600&Prime; title_color=\u00a0\u00bb#78786d\u00a0\u00bb el_class=\u00a0\u00bbindus-served-section-image-item item-6&Prime;][\/mk_imagebox_item][\/mk_imagebox][\/vc_column_inner][\/vc_row_inner][vc_row_inner el_class=\u00a0\u00bbindus-served-section-row\u00a0\u00bb][vc_column_inner width=\u00a0\u00bb1\/3&Prime;][mk_imagebox show_as=\u00a0\u00bbcolumn\u00a0\u00bb column=\u00a0\u00bb1&Prime; padding=\u00a0\u00bb0&Prime; el_class=\u00a0\u00bbindus-served-section-image-box\u00a0\u00bb][mk_imagebox_item item_image=\u00a0\u00bbhttps:\/\/legacy.rdccontrol.com\/wp-content\/uploads\/2014\/09\/Lumber.jpg\u00a0\u00bb image_padding=\u00a0\u00bbfalse\u00a0\u00bb background_color=\u00a0\u00bb#ffffff\u00a0\u00bb item_title=\u00a0\u00bbIndustrie du bois\u00a0\u00bb title_text_size=\u00a0\u00bb22&Prime; title_font_weight=\u00a0\u00bb600&Prime; title_color=\u00a0\u00bb#78786d\u00a0\u00bb el_class=\u00a0\u00bbindus-served-section-image-item item-7&Prime;][\/mk_imagebox_item][\/mk_imagebox][\/vc_column_inner][vc_column_inner width=\u00a0\u00bb1\/3&Prime;][mk_imagebox show_as=\u00a0\u00bbcolumn\u00a0\u00bb column=\u00a0\u00bb1&Prime; padding=\u00a0\u00bb0&Prime; el_class=\u00a0\u00bbindus-served-section-image-box\u00a0\u00bb][mk_imagebox_item item_image=\u00a0\u00bbhttps:\/\/legacy.rdccontrol.com\/wp-content\/uploads\/2014\/09\/Agriculture.jpg\u00a0\u00bb image_padding=\u00a0\u00bbfalse\u00a0\u00bb background_color=\u00a0\u00bb#ffffff\u00a0\u00bb item_title=\u00a0\u00bbAgriculture\u00a0\u00bb title_text_size=\u00a0\u00bb22&Prime; title_font_weight=\u00a0\u00bb600&Prime; title_color=\u00a0\u00bb#78786d\u00a0\u00bb el_class=\u00a0\u00bbindus-served-section-image-item item-8&Prime;][\/mk_imagebox_item][\/mk_imagebox][\/vc_column_inner][vc_column_inner width=\u00a0\u00bb1\/3&Prime;][mk_imagebox show_as=\u00a0\u00bbcolumn\u00a0\u00bb column=\u00a0\u00bb1&Prime; padding=\u00a0\u00bb0&Prime; el_class=\u00a0\u00bbindus-served-section-image-box\u00a0\u00bb][mk_imagebox_item item_image=\u00a0\u00bbhttps:\/\/legacy.rdccontrol.com\/wp-content\/uploads\/2014\/09\/Medical.jpg\u00a0\u00bb image_padding=\u00a0\u00bbfalse\u00a0\u00bb background_color=\u00a0\u00bb#ffffff\u00a0\u00bb item_title=\u00a0\u00bbSecteur m\u00e9dical\u00a0\u00bb title_text_size=\u00a0\u00bb22&Prime; title_font_weight=\u00a0\u00bb600&Prime; title_color=\u00a0\u00bb#78786d\u00a0\u00bb el_class=\u00a0\u00bbindus-served-section-image-item item-9&Prime;][\/mk_imagebox_item][\/mk_imagebox][\/vc_column_inner][\/vc_row_inner][vc_row_inner el_class=\u00a0\u00bbindus-served-section-row\u00a0\u00bb][vc_column_inner width=\u00a0\u00bb1\/3&Prime;][mk_imagebox show_as=\u00a0\u00bbcolumn\u00a0\u00bb column=\u00a0\u00bb1&Prime; padding=\u00a0\u00bb0&Prime; el_class=\u00a0\u00bbindus-served-section-image-box\u00a0\u00bb][mk_imagebox_item item_image=\u00a0\u00bbhttps:\/\/legacy.rdccontrol.com\/wp-content\/uploads\/2014\/09\/Pulp-Paper.jpg\u00a0\u00bb image_padding=\u00a0\u00bbfalse\u00a0\u00bb background_color=\u00a0\u00bb#ffffff\u00a0\u00bb item_title=\u00a0\u00bbP\u00e2tes et papier\u00a0\u00bb title_text_size=\u00a0\u00bb22&Prime; title_font_weight=\u00a0\u00bb600&Prime; title_color=\u00a0\u00bb#78786d\u00a0\u00bb el_class=\u00a0\u00bbindus-served-section-image-item item-10&Prime;][\/mk_imagebox_item][\/mk_imagebox][\/vc_column_inner][vc_column_inner width=\u00a0\u00bb1\/3&Prime;][\/vc_column_inner][vc_column_inner width=\u00a0\u00bb1\/3&Prime;][\/vc_column_inner][\/vc_row_inner][\/vc_column][\/mk_page_section]\n<\/div>","protected":false},"excerpt":{"rendered":"<p>[mk_page_section padding_top=\u00a0\u00bb55&Prime; padding_bottom=\u00a0\u00bb20&Prime; el_class=\u00a0\u00bbindus-served-section\u00a0\u00bb sidebar=\u00a0\u00bbsidebar-1&Prime;][vc_column][vc_row_inner el_class=\u00a0\u00bbindus-served-section-row\u00a0\u00bb][vc_column_inner width=\u00a0\u00bb1\/3&Prime;][mk_imagebox show_as=\u00a0\u00bbcolumn\u00a0\u00bb column=\u00a0\u00bb1&Prime; padding=\u00a0\u00bb0&Prime; el_class=\u00a0\u00bbindus-served-section-image-box\u00a0\u00bb][mk_imagebox_item item_image=\u00a0\u00bbhttps:\/\/legacy.rdccontrol.com\/wp-content\/uploads\/2014\/09\/Automotive.jpg\u00a0\u00bb image_padding=\u00a0\u00bbfalse\u00a0\u00bb background_color=\u00a0\u00bb#ffffff\u00a0\u00bb item_title=\u00a0\u00bbIndustrie automobile\u00a0\u00bb title_text_size=\u00a0\u00bb22&Prime; title_font_weight=\u00a0\u00bb600&Prime; title_color=\u00a0\u00bb#78786d\u00a0\u00bb el_class=\u00a0\u00bbindus-served-section-image-item item-3&Prime;][\/mk_imagebox_item][\/mk_imagebox][\/vc_column_inner][vc_column_inner width=\u00a0\u00bb1\/3&Prime;][mk_imagebox show_as=\u00a0\u00bbcolumn\u00a0\u00bb column=\u00a0\u00bb1&Prime; padding=\u00a0\u00bb0&Prime; el_class=\u00a0\u00bbindus-served-section-image-box\u00a0\u00bb][mk_imagebox_item item_image=\u00a0\u00bbhttps:\/\/legacy.rdccontrol.com\/wp-content\/uploads\/2014\/09\/Chemical.jpg\u00a0\u00bb image_padding=\u00a0\u00bbfalse\u00a0\u00bb background_color=\u00a0\u00bb#ffffff\u00a0\u00bb item_title=\u00a0\u00bbIndustrie chimique\u00a0\u00bb title_text_size=\u00a0\u00bb22&Prime; title_font_weight=\u00a0\u00bb600&Prime; title_color=\u00a0\u00bb#78786d\u00a0\u00bb el_class=\u00a0\u00bbindus-served-section-image-item item-3&Prime;][\/mk_imagebox_item][\/mk_imagebox][\/vc_column_inner][vc_column_inner width=\u00a0\u00bb1\/3&Prime;][mk_imagebox show_as=\u00a0\u00bbcolumn\u00a0\u00bb column=\u00a0\u00bb1&Prime; padding=\u00a0\u00bb0&Prime; el_class=\u00a0\u00bbindus-served-section-image-box\u00a0\u00bb][mk_imagebox_item item_image=\u00a0\u00bbhttps:\/\/legacy.rdccontrol.com\/wp-content\/uploads\/2014\/09\/Oil-Gas.jpg\u00a0\u00bb image_padding=\u00a0\u00bbfalse\u00a0\u00bb background_color=\u00a0\u00bb#ffffff\u00a0\u00bb item_title=\u00a0\u00bbIndustrie gazi\u00e8re et p\u00e9troli\u00e8re\u00a0\u00bb title_text_size=\u00a0\u00bb22&Prime; title_font_weight=\u00a0\u00bb600&Prime; title_color=\u00a0\u00bb#78786d\u00a0\u00bb el_class=\u00a0\u00bbindus-served-section-image-item item-3&Prime;][\/mk_imagebox_item][\/mk_imagebox][\/vc_column_inner][\/vc_row_inner][vc_row_inner el_class=\u00a0\u00bbindus-served-section-row\u00a0\u00bb][vc_column_inner width=\u00a0\u00bb1\/3&Prime;][mk_imagebox [&hellip;]<\/p>\n","protected":false},"author":1,"featured_media":0,"parent":603,"menu_order":3,"comment_status":"closed","ping_status":"closed","template":"","meta":{"footnotes":""},"class_list":["post-605","page","type-page","status-publish","hentry"],"_links":{"self":[{"href":"https:\/\/legacy.rdccontrol.com\/fr\/wp-json\/wp\/v2\/pages\/605","targetHints":{"allow":["GET"]}}],"collection":[{"href":"https:\/\/legacy.rdccontrol.com\/fr\/wp-json\/wp\/v2\/pages"}],"about":[{"href":"https:\/\/legacy.rdccontrol.com\/fr\/wp-json\/wp\/v2\/types\/page"}],"author":[{"embeddable":true,"href":"https:\/\/legacy.rdccontrol.com\/fr\/wp-json\/wp\/v2\/users\/1"}],"replies":[{"embeddable":true,"href":"https:\/\/legacy.rdccontrol.com\/fr\/wp-json\/wp\/v2\/comments?post=605"}],"version-history":[{"count":18,"href":"https:\/\/legacy.rdccontrol.com\/fr\/wp-json\/wp\/v2\/pages\/605\/revisions"}],"predecessor-version":[{"id":3559,"href":"https:\/\/legacy.rdccontrol.com\/fr\/wp-json\/wp\/v2\/pages\/605\/revisions\/3559"}],"up":[{"embeddable":true,"href":"https:\/\/legacy.rdccontrol.com\/fr\/wp-json\/wp\/v2\/pages\/603"}],"wp:attachment":[{"href":"https:\/\/legacy.rdccontrol.com\/fr\/wp-json\/wp\/v2\/media?parent=605"}],"curies":[{"name":"wp","href":"https:\/\/api.w.org\/{rel}","templated":true}]}}