{"id":603,"date":"2014-09-20T11:04:01","date_gmt":"2014-09-20T15:04:01","guid":{"rendered":"http:\/\/rdcc.cashin.ca\/?page_id=603"},"modified":"2017-12-12T07:34:07","modified_gmt":"2017-12-12T12:34:07","slug":"verins-industriel","status":"publish","type":"page","link":"https:\/\/legacy.rdccontrol.com\/fr\/verins-industriel\/","title":{"rendered":"V\u00e9rins industriel"},"content":{"rendered":"<div class=\"wpb-content-wrapper\">[mk_page_section el_class=\u00a0\u00bbindus-cylinder-section\u00a0\u00bb sidebar=\u00a0\u00bbsidebar-1&Prime;][vc_column][vc_row_inner el_class=\u00a0\u00bbindus-cylinder-section-row\u00a0\u00bb][vc_column_inner width=\u00a0\u00bb1\/3&Prime;][mk_imagebox show_as=\u00a0\u00bbcolumn\u00a0\u00bb column=\u00a0\u00bb1&Prime; padding=\u00a0\u00bb0&Prime; el_class=\u00a0\u00bbindus-cylinder-section-image-box box-1&Prime;][mk_imagebox_item item_image=\u00a0\u00bbhttps:\/\/legacy.rdccontrol.com\/wp-content\/uploads\/2017\/12\/cylinders-1-2.jpg\u00a0\u00bb image_padding=\u00a0\u00bbfalse\u00a0\u00bb background_color=\u00a0\u00bb#ffffff\u00a0\u00bb item_title=\u00a0\u00bbIndustries desservies\u00a0\u00bb title_text_size=\u00a0\u00bb28&Prime; title_font_weight=\u00a0\u00bb600&Prime; title_color=\u00a0\u00bb#78786d\u00a0\u00bb el_class=\u00a0\u00bbindus-cylinder-section-image-item item-1&Prime;]Du secteur de la fabrication automobile \u00e0 l\u2019industrie de transformation alimentaire, les v\u00e9rins RDC ont fait leur preuve en mati\u00e8re de fiabilit\u00e9 et de durabilit\u00e9.[\/mk_imagebox_item][\/mk_imagebox][\/vc_column_inner][vc_column_inner width=\u00a0\u00bb1\/3&Prime;][mk_imagebox show_as=\u00a0\u00bbcolumn\u00a0\u00bb column=\u00a0\u00bb1&Prime; padding=\u00a0\u00bb0&Prime; el_class=\u00a0\u00bbindus-cylinder-section-image-box box-2&Prime;][mk_imagebox_item item_image=\u00a0\u00bbhttps:\/\/legacy.rdccontrol.com\/wp-content\/uploads\/2017\/12\/cylinders-2-copy.jpg\u00a0\u00bb image_padding=\u00a0\u00bbfalse\u00a0\u00bb background_color=\u00a0\u00bb#ffffff\u00a0\u00bb item_title=\u00a0\u00bbV\u00e9rins pneumatiques\u00a0\u00bb title_text_size=\u00a0\u00bb28&Prime; title_font_weight=\u00a0\u00bb600&Prime; title_color=\u00a0\u00bb#78786d\u00a0\u00bb el_class=\u00a0\u00bbindus-cylinder-section-image-item item-2&Prime;]Les mat\u00e9riaux utilis\u00e9s pour la fabrication des v\u00e9rins pneumatiques RDC CONTR\u00d4LE sont de la meilleure qualit\u00e9 disponible sur le march\u00e9.[\/mk_imagebox_item][\/mk_imagebox][\/vc_column_inner][vc_column_inner width=\u00a0\u00bb1\/3&Prime;][mk_imagebox show_as=\u00a0\u00bbcolumn\u00a0\u00bb column=\u00a0\u00bb1&Prime; padding=\u00a0\u00bb0&Prime; el_class=\u00a0\u00bbindus-cylinder-section-image-box box-3&Prime;][mk_imagebox_item item_image=\u00a0\u00bbhttps:\/\/legacy.rdccontrol.com\/wp-content\/uploads\/2017\/12\/cylinders-3-copy.jpg\u00a0\u00bb image_padding=\u00a0\u00bbfalse\u00a0\u00bb background_color=\u00a0\u00bb#ffffff\u00a0\u00bb item_title=\u00a0\u00bbV\u00e9rins hydrauliques\u00a0\u00bb title_text_size=\u00a0\u00bb28&Prime; title_font_weight=\u00a0\u00bb600&Prime; title_color=\u00a0\u00bb#78786d\u00a0\u00bb el_class=\u00a0\u00bbindus-cylinder-section-image-item item-3&Prime;]Les v\u00e9rins hydrauliques RDC peuvent fonctionner dans les conditions les plus exigeantes.[\/mk_imagebox_item][\/mk_imagebox][\/vc_column_inner][\/vc_row_inner][\/vc_column][\/mk_page_section]\n<\/div>","protected":false},"excerpt":{"rendered":"<p>[mk_page_section el_class=\u00a0\u00bbindus-cylinder-section\u00a0\u00bb sidebar=\u00a0\u00bbsidebar-1&Prime;][vc_column][vc_row_inner el_class=\u00a0\u00bbindus-cylinder-section-row\u00a0\u00bb][vc_column_inner width=\u00a0\u00bb1\/3&Prime;][mk_imagebox show_as=\u00a0\u00bbcolumn\u00a0\u00bb column=\u00a0\u00bb1&Prime; padding=\u00a0\u00bb0&Prime; el_class=\u00a0\u00bbindus-cylinder-section-image-box box-1&Prime;][mk_imagebox_item item_image=\u00a0\u00bbhttps:\/\/legacy.rdccontrol.com\/wp-content\/uploads\/2017\/12\/cylinders-1-2.jpg\u00a0\u00bb image_padding=\u00a0\u00bbfalse\u00a0\u00bb background_color=\u00a0\u00bb#ffffff\u00a0\u00bb item_title=\u00a0\u00bbIndustries desservies\u00a0\u00bb title_text_size=\u00a0\u00bb28&Prime; title_font_weight=\u00a0\u00bb600&Prime; title_color=\u00a0\u00bb#78786d\u00a0\u00bb el_class=\u00a0\u00bbindus-cylinder-section-image-item item-1&Prime;]Du secteur de la fabrication automobile \u00e0 l\u2019industrie de transformation alimentaire, les v\u00e9rins RDC ont fait leur preuve en mati\u00e8re de fiabilit\u00e9 et de durabilit\u00e9.[\/mk_imagebox_item][\/mk_imagebox][\/vc_column_inner][vc_column_inner width=\u00a0\u00bb1\/3&Prime;][mk_imagebox show_as=\u00a0\u00bbcolumn\u00a0\u00bb column=\u00a0\u00bb1&Prime; padding=\u00a0\u00bb0&Prime; el_class=\u00a0\u00bbindus-cylinder-section-image-box box-2&Prime;][mk_imagebox_item item_image=\u00a0\u00bbhttps:\/\/legacy.rdccontrol.com\/wp-content\/uploads\/2017\/12\/cylinders-2-copy.jpg\u00a0\u00bb image_padding=\u00a0\u00bbfalse\u00a0\u00bb background_color=\u00a0\u00bb#ffffff\u00a0\u00bb item_title=\u00a0\u00bbV\u00e9rins pneumatiques\u00a0\u00bb [&hellip;]<\/p>\n","protected":false},"author":1,"featured_media":0,"parent":0,"menu_order":2,"comment_status":"closed","ping_status":"closed","template":"","meta":{"footnotes":""},"class_list":["post-603","page","type-page","status-publish","hentry"],"_links":{"self":[{"href":"https:\/\/legacy.rdccontrol.com\/fr\/wp-json\/wp\/v2\/pages\/603","targetHints":{"allow":["GET"]}}],"collection":[{"href":"https:\/\/legacy.rdccontrol.com\/fr\/wp-json\/wp\/v2\/pages"}],"about":[{"href":"https:\/\/legacy.rdccontrol.com\/fr\/wp-json\/wp\/v2\/types\/page"}],"author":[{"embeddable":true,"href":"https:\/\/legacy.rdccontrol.com\/fr\/wp-json\/wp\/v2\/users\/1"}],"replies":[{"embeddable":true,"href":"https:\/\/legacy.rdccontrol.com\/fr\/wp-json\/wp\/v2\/comments?post=603"}],"version-history":[{"count":17,"href":"https:\/\/legacy.rdccontrol.com\/fr\/wp-json\/wp\/v2\/pages\/603\/revisions"}],"predecessor-version":[{"id":2651,"href":"https:\/\/legacy.rdccontrol.com\/fr\/wp-json\/wp\/v2\/pages\/603\/revisions\/2651"}],"wp:attachment":[{"href":"https:\/\/legacy.rdccontrol.com\/fr\/wp-json\/wp\/v2\/media?parent=603"}],"curies":[{"name":"wp","href":"https:\/\/api.w.org\/{rel}","templated":true}]}}