{"id":599,"date":"2014-09-19T14:42:41","date_gmt":"2014-09-19T18:42:41","guid":{"rendered":"http:\/\/rdcc.cashin.ca\/?page_id=599"},"modified":"2017-12-16T01:34:47","modified_gmt":"2017-12-16T06:34:47","slug":"rtd-101","status":"publish","type":"page","link":"https:\/\/legacy.rdccontrol.com\/fr\/thermocouple\/rtd-101\/","title":{"rendered":"Introduction aux RTD"},"content":{"rendered":"<div class=\"wpb-content-wrapper\">[mk_page_section padding_top=\u00a0\u00bb50&Prime; padding_bottom=\u00a0\u00bb50&Prime; el_class=\u00a0\u00bbintro-thermo-section desktop-section\u00a0\u00bb sidebar=\u00a0\u00bbsidebar-1&Prime;][vc_column width=\u00a0\u00bb1\/4&Prime; el_class=\u00a0\u00bbleft-sidebar-column\u00a0\u00bb][mk_custom_sidebar sidebar=\u00a0\u00bbsidebar-18&Prime;][\/vc_column][vc_column width=\u00a0\u00bb3\/4&Prime; el_class=\u00a0\u00bbright-side-column\u00a0\u00bb][vc_column_text css=\u00a0\u00bb.vc_custom_1512737131305{margin-bottom: 0px !important;border-bottom-width: 30px !important;}\u00a0\u00bb]\n<h2 class=\"icon-h2\">RTD\u2019s 101<\/h2>\n[\/vc_column_text][mk_fancy_title color=\u00a0\u00bb#78776d\u00a0\u00bb size=\u00a0\u00bb28&Prime; font_weight=\u00a0\u00bb600&Prime; txt_transform=\u00a0\u00bbnone\u00a0\u00bb font_family=\u00a0\u00bbnone\u00a0\u00bb]Historique[\/mk_fancy_title][vc_row_inner][vc_column_inner width=\u00a0\u00bb1\/3&Prime;][mk_padding_divider size=\u00a0\u00bb25&Prime;][mk_image src=\u00a0\u00bbhttps:\/\/legacy.rdccontrol.com\/wp-content\/uploads\/2014\/10\/RTD_disque-isolant.gif\u00a0\u00bb image_size=\u00a0\u00bbfull\u00a0\u00bb align=\u00a0\u00bbcenter\u00a0\u00bb][\/vc_column_inner][vc_column_inner width=\u00a0\u00bb2\/3&Prime;][vc_column_text css=\u00a0\u00bb.vc_custom_1512736625855{margin-bottom: 0px !important;}\u00a0\u00bb]La m\u00eame ann\u00e9e que Seebeck d\u00e9couvrit la thermo\u00e9lectricit\u00e9, Humphrey Davy (1778-1829) annon\u00e7a que la r\u00e9sistivit\u00e9 des m\u00e9taux montrait une d\u00e9pendance marqu\u00e9e \u00e0 la temp\u00e9rature. Cinquante ans apr\u00e8s, William Siemens utilise du platine dans un thermom\u00e8tre \u00e0 r\u00e9sistance. Son choix propice est prouv\u00e9 par l\u2019utilisation du platine comme \u00e9l\u00e9ment principal dans les thermom\u00e8tres \u00e0 r\u00e9sistance de grande pr\u00e9cision. En fait, le capteur de temp\u00e9rature \u00e0 r\u00e9sistance de platine ou PRTD (Platinum Resistance Temperature Detector) est employ\u00e9 aujourd\u2019hui du point triple de l\u2019hydrog\u00e8ne (-259,34 \u00b0C) au point de cong\u00e9lation de l\u2019argent (961,78\u00b0C). Le platine convient particuli\u00e8rement, car il peut supporter cette grande plage de temp\u00e9ratures tout en maintenant une excellente stabilit\u00e9 et une alt\u00e9ration quasiment nulle.[\/vc_column_text][\/vc_column_inner][\/vc_row_inner][vc_row_inner][vc_column_inner width=\u00a0\u00bb1\/2&Prime;][vc_column_text css=\u00a0\u00bb.vc_custom_1512736639703{margin-bottom: 0px !important;}\u00a0\u00bb]En 1932, C.H. Meyers proposa la construction d\u2019un capteur de temp\u00e9rature \u00e0 r\u00e9sistance (RTD) compos\u00e9 d\u2019un enroulement h\u00e9lico\u00efdal de platine sur unsupport crois\u00e9 de mica, le tout \u00e0 l\u2019int\u00e9rieur d\u2019un tube de verre. Ce syst\u00e8me r\u00e9duit au minimum la contrainte sur le fil tout en maximisant la r\u00e9sistance. Bien que cette construction produise un \u00e9l\u00e9ment tr\u00e8s stable, le contact thermique entre le platine et le point \u00e0 mesurer est de mauvaise qualit\u00e9, ayant pour cons\u00e9quence un temps de r\u00e9ponse thermique important. La fragilit\u00e9 de la structure limite, aujourd\u2019hui, son utilisation \u00e0 celle d\u2019un outil de laboratoire.[\/vc_column_text][\/vc_column_inner][vc_column_inner width=\u00a0\u00bb1\/2&Prime;][mk_image src=\u00a0\u00bbhttps:\/\/legacy.rdccontrol.com\/wp-content\/uploads\/2014\/10\/helicoidale-fr.png\u00a0\u00bb image_size=\u00a0\u00bbfull\u00a0\u00bb align=\u00a0\u00bbcenter\u00a0\u00bb margin_bottom=\u00a0\u00bb15&Prime;][\/vc_column_inner][\/vc_row_inner][vc_column_text css=\u00a0\u00bb.vc_custom_1512737267704{margin-bottom: 0px !important;}\u00a0\u00bb]Un autre outil de laboratoire a remplac\u00e9 la conception de Meyer. C\u2019est l\u2019\u00e9l\u00e9ment en \u00ab cage d\u2019oiseau \u00bb (Figure 1) propos\u00e9 par Evans et Burns. Les contraintes induites de r\u00e9sistances provoqu\u00e9es par le temps et la temp\u00e9rature sont ainsi r\u00e9duites au minimum et la \u00ab cage d\u2019oiseau \u00bb devint la norme de laboratoire. Cependant sa structure fragile et sa sensibilit\u00e9 aux vibrations sont des contraintes aux environnements industriels.[\/vc_column_text][vc_column_text css=\u00a0\u00bb.vc_custom_1512737278944{margin-bottom: 0px !important;}\u00a0\u00bb]Des techniques de construction plus solides sont montr\u00e9es par les figures 2,3 et 4 ci-dessous: un fil de platine bifilaire est enroul\u00e9 sur une bobine de verre ou de c\u00e9ramique. L\u2019enroulement bifilaire r\u00e9duit l\u2019induction magn\u00e9tique et son bruit relatif. Une fois que le fil est enroul\u00e9 sur la bobine, l\u2019ensemble est alors scell\u00e9 avec du verre fondu. \u00c0 moins que les coefficients de dilatation du platine et de la bobine s\u2019assortissent parfaitement, la dilatation du fil aura pour r\u00e9sultat un changement de r\u00e9sistance, avec pour cons\u00e9quence un changement permanent possible de la r\u00e9sistance du fil. Il existe des versions de RTD qui offrent un compromis entre la cage d\u2019oiseau et la spirale scell\u00e9e. Une telle approche emploie une spirale de platine h\u00e9lico\u00efdale enroul\u00e9e sur un cylindre en c\u00e9ramique et maintenue par l\u2019interm\u00e9diaire de verre fritt\u00e9.[\/vc_column_text][vc_row_inner][vc_column_inner width=\u00a0\u00bb1\/3&Prime;][mk_padding_divider size=\u00a0\u00bb25&Prime;][mk_image src=\u00a0\u00bbhttps:\/\/legacy.rdccontrol.com\/wp-content\/uploads\/2014\/10\/figure_04_02.jpg\u00a0\u00bb image_size=\u00a0\u00bbfull\u00a0\u00bb align=\u00a0\u00bbcenter\u00a0\u00bb margin_bottom=\u00a0\u00bb40&Prime;][\/vc_column_inner][vc_column_inner width=\u00a0\u00bb2\/3&Prime;][vc_column_text css=\u00a0\u00bb.vc_custom_1512736875207{margin-bottom: 0px !important;}\u00a0\u00bb]Les techniques de fabrication modernes utilisent un film de platine ou autre m\u00e9tal, d\u00e9pos\u00e9 sur un substrat plat de c\u00e9ramique, ajust\u00e9 par laser et scell\u00e9. Le RTD film offre une r\u00e9duction substantielle du d\u00e9lai d\u2019assemblage et a l\u2019avantage d\u2019avoir une valeur de r\u00e9sistance accrue pour une taille donn\u00e9e. En raison de sa technologie de fabrication, la taille des dispositifs est petite, avec une inertie thermique faible; ils peuvent donc r\u00e9pondre rapidement aux changements de temp\u00e9rature.<\/p>\n<p>Les RTD film sont un peu moins stables que les RTD \u00e0 fil mais, en contrepartie, leurs avantages de taille, de co\u00fbt de production et leur facilit\u00e9 d\u2019utilisation font en sorte qu\u2019ils sont tr\u00e8s largement employ\u00e9s.[\/vc_column_text][\/vc_column_inner][\/vc_row_inner][\/vc_column][\/mk_page_section][mk_page_section padding_top=\u00a0\u00bb50&Prime; padding_bottom=\u00a0\u00bb50&Prime; el_class=\u00a0\u00bbintro-thermo-section mobile-section\u00a0\u00bb sidebar=\u00a0\u00bbsidebar-1&Prime;][vc_column width=\u00a0\u00bb3\/4&Prime; el_class=\u00a0\u00bbright-side-column\u00a0\u00bb][vc_column_text css=\u00a0\u00bb.vc_custom_1512737131305{margin-bottom: 0px !important;border-bottom-width: 30px !important;}\u00a0\u00bb]\n<h2 class=\"icon-h2\">RTD\u2019s 101<\/h2>\n[\/vc_column_text][mk_fancy_title color=\u00a0\u00bb#78776d\u00a0\u00bb size=\u00a0\u00bb28&Prime; font_weight=\u00a0\u00bb600&Prime; txt_transform=\u00a0\u00bbnone\u00a0\u00bb font_family=\u00a0\u00bbnone\u00a0\u00bb]Historique[\/mk_fancy_title][vc_row_inner][vc_column_inner width=\u00a0\u00bb1\/3&Prime;][mk_padding_divider size=\u00a0\u00bb25&Prime;][mk_image src=\u00a0\u00bbhttps:\/\/legacy.rdccontrol.com\/wp-content\/uploads\/2014\/10\/RTD_disque-isolant.gif\u00a0\u00bb image_size=\u00a0\u00bbfull\u00a0\u00bb align=\u00a0\u00bbcenter\u00a0\u00bb][\/vc_column_inner][vc_column_inner width=\u00a0\u00bb2\/3&Prime;][vc_column_text css=\u00a0\u00bb.vc_custom_1512736625855{margin-bottom: 0px !important;}\u00a0\u00bb]La m\u00eame ann\u00e9e que Seebeck d\u00e9couvrit la thermo\u00e9lectricit\u00e9, Humphrey Davy (1778-1829) annon\u00e7a que la r\u00e9sistivit\u00e9 des m\u00e9taux montrait une d\u00e9pendance marqu\u00e9e \u00e0 la temp\u00e9rature. Cinquante ans apr\u00e8s, William Siemens utilise du platine dans un thermom\u00e8tre \u00e0 r\u00e9sistance. Son choix propice est prouv\u00e9 par l\u2019utilisation du platine comme \u00e9l\u00e9ment principal dans les thermom\u00e8tres \u00e0 r\u00e9sistance de grande pr\u00e9cision. En fait, le capteur de temp\u00e9rature \u00e0 r\u00e9sistance de platine ou PRTD (Platinum Resistance Temperature Detector) est employ\u00e9 aujourd\u2019hui du point triple de l\u2019hydrog\u00e8ne (-259,34 \u00b0C) au point de cong\u00e9lation de l\u2019argent (961,78\u00b0C). Le platine convient particuli\u00e8rement, car il peut supporter cette grande plage de temp\u00e9ratures tout en maintenant une excellente stabilit\u00e9 et une alt\u00e9ration quasiment nulle.[\/vc_column_text][\/vc_column_inner][\/vc_row_inner][vc_row_inner][vc_column_inner width=\u00a0\u00bb1\/2&Prime;][vc_column_text css=\u00a0\u00bb.vc_custom_1512736639703{margin-bottom: 0px !important;}\u00a0\u00bb]En 1932, C.H. Meyers proposa la construction d\u2019un capteur de temp\u00e9rature \u00e0 r\u00e9sistance (RTD) compos\u00e9 d\u2019un enroulement h\u00e9lico\u00efdal de platine sur unsupport crois\u00e9 de mica, le tout \u00e0 l\u2019int\u00e9rieur d\u2019un tube de verre. Ce syst\u00e8me r\u00e9duit au minimum la contrainte sur le fil tout en maximisant la r\u00e9sistance. Bien que cette construction produise un \u00e9l\u00e9ment tr\u00e8s stable, le contact thermique entre le platine et le point \u00e0 mesurer est de mauvaise qualit\u00e9, ayant pour cons\u00e9quence un temps de r\u00e9ponse thermique important. La fragilit\u00e9 de la structure limite, aujourd\u2019hui, son utilisation \u00e0 celle d\u2019un outil de laboratoire.[\/vc_column_text][\/vc_column_inner][vc_column_inner width=\u00a0\u00bb1\/2&Prime;][mk_image src=\u00a0\u00bbhttps:\/\/legacy.rdccontrol.com\/wp-content\/uploads\/2014\/10\/helicoidale-fr.png\u00a0\u00bb image_size=\u00a0\u00bbfull\u00a0\u00bb align=\u00a0\u00bbcenter\u00a0\u00bb margin_bottom=\u00a0\u00bb15&Prime;][\/vc_column_inner][\/vc_row_inner][vc_column_text css=\u00a0\u00bb.vc_custom_1512737267704{margin-bottom: 0px !important;}\u00a0\u00bb]Un autre outil de laboratoire a remplac\u00e9 la conception de Meyer. C\u2019est l\u2019\u00e9l\u00e9ment en \u00ab cage d\u2019oiseau \u00bb (Figure 1) propos\u00e9 par Evans et Burns. Les contraintes induites de r\u00e9sistances provoqu\u00e9es par le temps et la temp\u00e9rature sont ainsi r\u00e9duites au minimum et la \u00ab cage d\u2019oiseau \u00bb devint la norme de laboratoire. Cependant sa structure fragile et sa sensibilit\u00e9 aux vibrations sont des contraintes aux environnements industriels.[\/vc_column_text][vc_column_text css=\u00a0\u00bb.vc_custom_1512737278944{margin-bottom: 0px !important;}\u00a0\u00bb]Des techniques de construction plus solides sont montr\u00e9es par les figures 2,3 et 4 ci-dessous: un fil de platine bifilaire est enroul\u00e9 sur une bobine de verre ou de c\u00e9ramique. L\u2019enroulement bifilaire r\u00e9duit l\u2019induction magn\u00e9tique et son bruit relatif. Une fois que le fil est enroul\u00e9 sur la bobine, l\u2019ensemble est alors scell\u00e9 avec du verre fondu. \u00c0 moins que les coefficients de dilatation du platine et de la bobine s\u2019assortissent parfaitement, la dilatation du fil aura pour r\u00e9sultat un changement de r\u00e9sistance, avec pour cons\u00e9quence un changement permanent possible de la r\u00e9sistance du fil. Il existe des versions de RTD qui offrent un compromis entre la cage d\u2019oiseau et la spirale scell\u00e9e. Une telle approche emploie une spirale de platine h\u00e9lico\u00efdale enroul\u00e9e sur un cylindre en c\u00e9ramique et maintenue par l\u2019interm\u00e9diaire de verre fritt\u00e9.[\/vc_column_text][vc_row_inner][vc_column_inner width=\u00a0\u00bb1\/3&Prime;][mk_padding_divider size=\u00a0\u00bb25&Prime;][mk_image src=\u00a0\u00bbhttps:\/\/legacy.rdccontrol.com\/wp-content\/uploads\/2014\/10\/figure_04_02.jpg\u00a0\u00bb image_size=\u00a0\u00bbfull\u00a0\u00bb align=\u00a0\u00bbcenter\u00a0\u00bb margin_bottom=\u00a0\u00bb40&Prime;][\/vc_column_inner][vc_column_inner width=\u00a0\u00bb2\/3&Prime;][vc_column_text css=\u00a0\u00bb.vc_custom_1512736875207{margin-bottom: 0px !important;}\u00a0\u00bb]Les techniques de fabrication modernes utilisent un film de platine ou autre m\u00e9tal, d\u00e9pos\u00e9 sur un substrat plat de c\u00e9ramique, ajust\u00e9 par laser et scell\u00e9. Le RTD film offre une r\u00e9duction substantielle du d\u00e9lai d\u2019assemblage et a l\u2019avantage d\u2019avoir une valeur de r\u00e9sistance accrue pour une taille donn\u00e9e. En raison de sa technologie de fabrication, la taille des dispositifs est petite, avec une inertie thermique faible; ils peuvent donc r\u00e9pondre rapidement aux changements de temp\u00e9rature.<\/p>\n<p>Les RTD film sont un peu moins stables que les RTD \u00e0 fil mais, en contrepartie, leurs avantages de taille, de co\u00fbt de production et leur facilit\u00e9 d\u2019utilisation font en sorte qu\u2019ils sont tr\u00e8s largement employ\u00e9s.[\/vc_column_text][\/vc_column_inner][\/vc_row_inner][\/vc_column][vc_column width=\u00a0\u00bb1\/4&Prime; el_class=\u00a0\u00bbleft-sidebar-column\u00a0\u00bb][mk_custom_sidebar sidebar=\u00a0\u00bbsidebar-18&Prime;][\/vc_column][\/mk_page_section]\n<\/div>","protected":false},"excerpt":{"rendered":"<p>[mk_page_section padding_top=\u00a0\u00bb50&Prime; padding_bottom=\u00a0\u00bb50&Prime; el_class=\u00a0\u00bbintro-thermo-section desktop-section\u00a0\u00bb sidebar=\u00a0\u00bbsidebar-1&Prime;][vc_column width=\u00a0\u00bb1\/4&Prime; el_class=\u00a0\u00bbleft-sidebar-column\u00a0\u00bb][mk_custom_sidebar sidebar=\u00a0\u00bbsidebar-18&Prime;][\/vc_column][vc_column width=\u00a0\u00bb3\/4&Prime; el_class=\u00a0\u00bbright-side-column\u00a0\u00bb][vc_column_text css=\u00a0\u00bb.vc_custom_1512737131305{margin-bottom: 0px !important;border-bottom-width: 30px !important;}\u00a0\u00bb] RTD\u2019s 101 [\/vc_column_text][mk_fancy_title color=\u00a0\u00bb#78776d\u00a0\u00bb size=\u00a0\u00bb28&Prime; font_weight=\u00a0\u00bb600&Prime; txt_transform=\u00a0\u00bbnone\u00a0\u00bb font_family=\u00a0\u00bbnone\u00a0\u00bb]Historique[\/mk_fancy_title][vc_row_inner][vc_column_inner width=\u00a0\u00bb1\/3&Prime;][mk_padding_divider size=\u00a0\u00bb25&Prime;][mk_image src=\u00a0\u00bbhttps:\/\/legacy.rdccontrol.com\/wp-content\/uploads\/2014\/10\/RTD_disque-isolant.gif\u00a0\u00bb image_size=\u00a0\u00bbfull\u00a0\u00bb align=\u00a0\u00bbcenter\u00a0\u00bb][\/vc_column_inner][vc_column_inner width=\u00a0\u00bb2\/3&Prime;][vc_column_text css=\u00a0\u00bb.vc_custom_1512736625855{margin-bottom: 0px !important;}\u00a0\u00bb]La m\u00eame ann\u00e9e que Seebeck d\u00e9couvrit la thermo\u00e9lectricit\u00e9, Humphrey Davy (1778-1829) annon\u00e7a que la r\u00e9sistivit\u00e9 des m\u00e9taux montrait une d\u00e9pendance marqu\u00e9e \u00e0 la [&hellip;]<\/p>\n","protected":false},"author":1,"featured_media":0,"parent":594,"menu_order":38,"comment_status":"closed","ping_status":"closed","template":"","meta":{"footnotes":""},"class_list":["post-599","page","type-page","status-publish","hentry"],"_links":{"self":[{"href":"https:\/\/legacy.rdccontrol.com\/fr\/wp-json\/wp\/v2\/pages\/599","targetHints":{"allow":["GET"]}}],"collection":[{"href":"https:\/\/legacy.rdccontrol.com\/fr\/wp-json\/wp\/v2\/pages"}],"about":[{"href":"https:\/\/legacy.rdccontrol.com\/fr\/wp-json\/wp\/v2\/types\/page"}],"author":[{"embeddable":true,"href":"https:\/\/legacy.rdccontrol.com\/fr\/wp-json\/wp\/v2\/users\/1"}],"replies":[{"embeddable":true,"href":"https:\/\/legacy.rdccontrol.com\/fr\/wp-json\/wp\/v2\/comments?post=599"}],"version-history":[{"count":19,"href":"https:\/\/legacy.rdccontrol.com\/fr\/wp-json\/wp\/v2\/pages\/599\/revisions"}],"predecessor-version":[{"id":3281,"href":"https:\/\/legacy.rdccontrol.com\/fr\/wp-json\/wp\/v2\/pages\/599\/revisions\/3281"}],"up":[{"embeddable":true,"href":"https:\/\/legacy.rdccontrol.com\/fr\/wp-json\/wp\/v2\/pages\/594"}],"wp:attachment":[{"href":"https:\/\/legacy.rdccontrol.com\/fr\/wp-json\/wp\/v2\/media?parent=599"}],"curies":[{"name":"wp","href":"https:\/\/api.w.org\/{rel}","templated":true}]}}