{"id":594,"date":"2014-09-19T11:26:59","date_gmt":"2014-09-19T15:26:59","guid":{"rendered":"http:\/\/rdcc.cashin.ca\/?page_id=594"},"modified":"2018-02-15T02:36:13","modified_gmt":"2018-02-15T07:36:13","slug":"thermocouple","status":"publish","type":"page","link":"https:\/\/legacy.rdccontrol.com\/fr\/thermocouple\/","title":{"rendered":"Thermocouples"},"content":{"rendered":"<div class=\"wpb-content-wrapper\">[mk_page_section el_class=\u00a0\u00bbindus-cylinder-section\u00a0\u00bb sidebar=\u00a0\u00bbsidebar-1&Prime;][vc_column][vc_row_inner el_class=\u00a0\u00bbindus-cylinder-section-row\u00a0\u00bb][vc_column_inner width=\u00a0\u00bb1\/3&Prime;][mk_imagebox show_as=\u00a0\u00bbcolumn\u00a0\u00bb column=\u00a0\u00bb1&Prime; padding=\u00a0\u00bb0&Prime; el_class=\u00a0\u00bbindus-actuators-section-image-box box-1&Prime;][mk_imagebox_item item_image=\u00a0\u00bbhttps:\/\/legacy.rdccontrol.com\/wp-content\/uploads\/2017\/12\/thermocouples-1-copy.jpg\u00a0\u00bb image_padding=\u00a0\u00bbfalse\u00a0\u00bb background_color=\u00a0\u00bb#ffffff\u00a0\u00bb item_title=\u00a0\u00bbIndustries desservies\u00a0\u00bb title_text_size=\u00a0\u00bb28&Prime; title_font_weight=\u00a0\u00bb600&Prime; title_color=\u00a0\u00bb#78786d\u00a0\u00bb el_class=\u00a0\u00bbindus-actuators-section-image-item item-1&Prime;]Des proc\u00e9d\u00e9s d\u2019extraction sid\u00e9rurgiques \u00e0 l\u2019industrie chimique, RDC offre des thermocouples fiables depuis 1975.[\/mk_imagebox_item][\/mk_imagebox][\/vc_column_inner][vc_column_inner width=\u00a0\u00bb1\/3&Prime;][mk_imagebox show_as=\u00a0\u00bbcolumn\u00a0\u00bb column=\u00a0\u00bb1&Prime; padding=\u00a0\u00bb0&Prime; el_class=\u00a0\u00bbindus-actuators-section-image-box box-2&Prime;][mk_imagebox_item item_image=\u00a0\u00bbhttps:\/\/legacy.rdccontrol.com\/wp-content\/uploads\/2017\/12\/thermocouples-2-copy.jpg\u00a0\u00bb image_padding=\u00a0\u00bbfalse\u00a0\u00bb background_color=\u00a0\u00bb#ffffff\u00a0\u00bb item_title=\u00a0\u00bbThermocouples 101&Prime; title_text_size=\u00a0\u00bb28&Prime; title_font_weight=\u00a0\u00bb600&Prime; title_color=\u00a0\u00bb#78786d\u00a0\u00bb el_class=\u00a0\u00bbindus-actuators-section-image-item item-2&Prime;]Nous vous offrons toutes les informations dont vous avez besoin pour choisir le thermocouple le mieux adapt\u00e9 pour le contr\u00f4le de vos temp\u00e9ratures de proc\u00e9d\u00e9s.[\/mk_imagebox_item][\/mk_imagebox][\/vc_column_inner][vc_column_inner width=\u00a0\u00bb1\/3&Prime;][mk_imagebox show_as=\u00a0\u00bbcolumn\u00a0\u00bb column=\u00a0\u00bb1&Prime; padding=\u00a0\u00bb0&Prime; el_class=\u00a0\u00bbindus-actuators-section-image-box box-3&Prime;][mk_imagebox_item item_image=\u00a0\u00bbhttps:\/\/legacy.rdccontrol.com\/wp-content\/uploads\/2017\/12\/thermocouples-3-copy.jpg\u00a0\u00bb image_padding=\u00a0\u00bbfalse\u00a0\u00bb background_color=\u00a0\u00bb#ffffff\u00a0\u00bb item_title=\u00a0\u00bbRTD\u2019s 101&Prime; title_text_size=\u00a0\u00bb28&Prime; title_font_weight=\u00a0\u00bb600&Prime; title_color=\u00a0\u00bb#78786d\u00a0\u00bb el_class=\u00a0\u00bbindus-actuators-section-image-item item-3&Prime;]Voyez si les RTD sont les bons dispositifs pour le contr\u00f4le de vos temp\u00e9ratures de proc\u00e9d\u00e9s.[\/mk_imagebox_item][\/mk_imagebox][\/vc_column_inner][\/vc_row_inner][mk_button dimension=\u00a0\u00bbflat\u00a0\u00bb size=\u00a0\u00bbmedium\u00a0\u00bb url=\u00a0\u00bb\/wp-content\/uploads\/2015\/01\/tableau-de-comparaison-thermocouple-rtd-1.xls\u00a0\u00bb align=\u00a0\u00bbcenter\u00a0\u00bb el_class=\u00a0\u00bbxls-download-btn\u00a0\u00bb bg_color=\u00a0\u00bb#78786d\u00a0\u00bb btn_hover_bg=\u00a0\u00bb#777777&Prime; btn_hover_txt_color=\u00a0\u00bb#ffffff\u00a0\u00bb]Tableau de comparaison des pr\u00e9cision et tol\u00e9rances des thermocouples et des RTD[\/mk_button][\/vc_column][\/mk_page_section]\n<\/div>","protected":false},"excerpt":{"rendered":"<p>[mk_page_section el_class=\u00a0\u00bbindus-cylinder-section\u00a0\u00bb sidebar=\u00a0\u00bbsidebar-1&Prime;][vc_column][vc_row_inner el_class=\u00a0\u00bbindus-cylinder-section-row\u00a0\u00bb][vc_column_inner width=\u00a0\u00bb1\/3&Prime;][mk_imagebox show_as=\u00a0\u00bbcolumn\u00a0\u00bb column=\u00a0\u00bb1&Prime; padding=\u00a0\u00bb0&Prime; el_class=\u00a0\u00bbindus-actuators-section-image-box box-1&Prime;][mk_imagebox_item item_image=\u00a0\u00bbhttps:\/\/legacy.rdccontrol.com\/wp-content\/uploads\/2017\/12\/thermocouples-1-copy.jpg\u00a0\u00bb image_padding=\u00a0\u00bbfalse\u00a0\u00bb background_color=\u00a0\u00bb#ffffff\u00a0\u00bb item_title=\u00a0\u00bbIndustries desservies\u00a0\u00bb title_text_size=\u00a0\u00bb28&Prime; title_font_weight=\u00a0\u00bb600&Prime; title_color=\u00a0\u00bb#78786d\u00a0\u00bb el_class=\u00a0\u00bbindus-actuators-section-image-item item-1&Prime;]Des proc\u00e9d\u00e9s d\u2019extraction sid\u00e9rurgiques \u00e0 l\u2019industrie chimique, RDC offre des thermocouples fiables depuis 1975.[\/mk_imagebox_item][\/mk_imagebox][\/vc_column_inner][vc_column_inner width=\u00a0\u00bb1\/3&Prime;][mk_imagebox show_as=\u00a0\u00bbcolumn\u00a0\u00bb column=\u00a0\u00bb1&Prime; padding=\u00a0\u00bb0&Prime; el_class=\u00a0\u00bbindus-actuators-section-image-box box-2&Prime;][mk_imagebox_item item_image=\u00a0\u00bbhttps:\/\/legacy.rdccontrol.com\/wp-content\/uploads\/2017\/12\/thermocouples-2-copy.jpg\u00a0\u00bb image_padding=\u00a0\u00bbfalse\u00a0\u00bb background_color=\u00a0\u00bb#ffffff\u00a0\u00bb item_title=\u00a0\u00bbThermocouples 101&Prime; title_text_size=\u00a0\u00bb28&Prime; title_font_weight=\u00a0\u00bb600&Prime; title_color=\u00a0\u00bb#78786d\u00a0\u00bb el_class=\u00a0\u00bbindus-actuators-section-image-item item-2&Prime;]Nous vous offrons toutes les informations dont [&hellip;]<\/p>\n","protected":false},"author":1,"featured_media":0,"parent":0,"menu_order":4,"comment_status":"closed","ping_status":"closed","template":"","meta":{"footnotes":""},"class_list":["post-594","page","type-page","status-publish","hentry"],"_links":{"self":[{"href":"https:\/\/legacy.rdccontrol.com\/fr\/wp-json\/wp\/v2\/pages\/594","targetHints":{"allow":["GET"]}}],"collection":[{"href":"https:\/\/legacy.rdccontrol.com\/fr\/wp-json\/wp\/v2\/pages"}],"about":[{"href":"https:\/\/legacy.rdccontrol.com\/fr\/wp-json\/wp\/v2\/types\/page"}],"author":[{"embeddable":true,"href":"https:\/\/legacy.rdccontrol.com\/fr\/wp-json\/wp\/v2\/users\/1"}],"replies":[{"embeddable":true,"href":"https:\/\/legacy.rdccontrol.com\/fr\/wp-json\/wp\/v2\/comments?post=594"}],"version-history":[{"count":16,"href":"https:\/\/legacy.rdccontrol.com\/fr\/wp-json\/wp\/v2\/pages\/594\/revisions"}],"predecessor-version":[{"id":3753,"href":"https:\/\/legacy.rdccontrol.com\/fr\/wp-json\/wp\/v2\/pages\/594\/revisions\/3753"}],"wp:attachment":[{"href":"https:\/\/legacy.rdccontrol.com\/fr\/wp-json\/wp\/v2\/media?parent=594"}],"curies":[{"name":"wp","href":"https:\/\/api.w.org\/{rel}","templated":true}]}}